{"id":64,"date":"2021-11-28T10:46:14","date_gmt":"2021-11-28T10:46:14","guid":{"rendered":"https:\/\/ramkool.edu.ee\/kodukool\/?page_id=64"},"modified":"2021-12-01T08:35:55","modified_gmt":"2021-12-01T08:35:55","slug":"koolielu","status":"publish","type":"page","link":"https:\/\/ramkool.edu.ee\/kodukool\/koolielu\/","title":{"rendered":"Koolielu"},"content":{"rendered":"<p>Juhitud iseseisev \u00f5ppimine loob \u00f5pikeskkonna, kus \u00f5pilane kujundab oma \u00f5piteed, olles ise kasv\u00f5i \u00fcle ilma. Juhendaja \u00f5petaja tugi, m\u00e4rkamised ja suunaviidad j\u00f5uavad ka distantsilt \u00f5pilaseni. \u00d5pilane vastutab \u00f5ppimise eest, seab eesm\u00e4rke ja otsib lahendusi, l\u00e4bi tahtepanuse motiveerib iseend. Tema edenemise m\u00f5\u00f5dupuuks on isiklik areng, mille toetamine saab teoks l\u00e4bi iseseisvuse, vastutuse, avatuse.<\/p>\n","protected":false},"excerpt":{"rendered":"<p>Juhitud iseseisev \u00f5ppimine loob \u00f5pikeskkonna, kus \u00f5pilane<\/p>\n","protected":false},"author":1,"featured_media":0,"parent":0,"menu_order":7,"comment_status":"closed","ping_status":"closed","template":"","meta":{"_acf_changed":false,"footnotes":""},"class_list":["post-64","page","type-page","status-publish","hentry"],"acf":[],"_links":{"self":[{"href":"https:\/\/ramkool.edu.ee\/kodukool\/wp-json\/wp\/v2\/pages\/64","targetHints":{"allow":["GET"]}}],"collection":[{"href":"https:\/\/ramkool.edu.ee\/kodukool\/wp-json\/wp\/v2\/pages"}],"about":[{"href":"https:\/\/ramkool.edu.ee\/kodukool\/wp-json\/wp\/v2\/types\/page"}],"author":[{"embeddable":true,"href":"https:\/\/ramkool.edu.ee\/kodukool\/wp-json\/wp\/v2\/users\/1"}],"replies":[{"embeddable":true,"href":"https:\/\/ramkool.edu.ee\/kodukool\/wp-json\/wp\/v2\/comments?post=64"}],"version-history":[{"count":2,"href":"https:\/\/ramkool.edu.ee\/kodukool\/wp-json\/wp\/v2\/pages\/64\/revisions"}],"predecessor-version":[{"id":112,"href":"https:\/\/ramkool.edu.ee\/kodukool\/wp-json\/wp\/v2\/pages\/64\/revisions\/112"}],"wp:attachment":[{"href":"https:\/\/ramkool.edu.ee\/kodukool\/wp-json\/wp\/v2\/media?parent=64"}],"curies":[{"name":"wp","href":"https:\/\/api.w.org\/{rel}","templated":true}]}}