{"id":88,"date":"2021-11-29T11:18:18","date_gmt":"2021-11-29T11:18:18","guid":{"rendered":"https:\/\/ramkool.edu.ee\/kodukool\/?page_id=88"},"modified":"2021-12-07T07:43:41","modified_gmt":"2021-12-07T07:43:41","slug":"mis-on-koduope","status":"publish","type":"page","link":"https:\/\/ramkool.edu.ee\/kodukool\/koolielu\/mis-on-koduope\/","title":{"rendered":"Mis on kodu\u00f5pe?"},"content":{"rendered":"<p>Kodu\u00f5pe on \u00f5pilase v\u00f5imalus kujundada iseenda \u00f5piteed. Kodu\u00f5pe ei asenda koolis \u00f5ppimise headust, kuid kodus \u00f5ppimisel on omaette v\u00e4\u00e4rtus.<\/p>\n<p>Kodu\u00f5ppe valikul vabastatakse vanema taotluse alusel \u00f5pilane kooli p\u00e4evakava ja \u00f5ppekorralduse kohasest \u00f5ppe- ja kasvatustegevusest, kuid koduo\u0303ppeperedel on j\u00e4tkuvalt vo\u0303imalik saada osa kooli traditsioonidest ja va\u0308a\u0308rtuskeskkonnast, osaledes kooli\/klassi u\u0308hisu\u0308ritustel.<br \/>\nKodu\u00f5pet vanema taotlusel korraldab ja finantseerib vanem, kes vastutab ka \u00f5pitulemuste saavutamise eest. Kodu\u00f5ppel \u00f5ppivale \u00f5pilasele koostab kodu\u00f5pet l\u00e4biviiv isik ja \u00f5pilane koost\u00f6\u00f6s koolipoolse kodu\u00f5ppe koordinaatoriga kooli \u00f5ppekavast l\u00e4htudes \u00f5piplaani. Kodu\u00f5ppe koordinaator kohtub \u00f5pilasega perioodi jooksul v\u00e4hemalt kahel korral, pakkudes tuge \u00f5ppet\u00f6\u00f6 korraldamisel, kontrollib \u00f5piplaani t\u00e4itmist ning aitab hoida perel ja \u00f5pilasel suhet kooliga. \u00d5pitulemuste omandamist kontrollitakse perioodi l\u00f5pus perioodi kokkuv\u00f5tvate arvestust\u00f6\u00f6dega, mis on koostatud aine\u00f5petajate poolt ja tuleb sooritada koolis. \u00d5pilase kokkuv\u00f5tvad hinded kantakse Stuudiumi ainep\u00e4evikusse.<\/p>\n<p>Kodu\u00f5ppel viibival \u00f5pilasel ei katke Rocca al Mare kooli \u00f5ppemaks.<\/p>\n<p>&nbsp;<\/p>\n<p>Sammud kodu\u00f5ppele minemiseks:<br \/>\n1) lapsevanem esitab avalduse kooliosa juhatajale;<br \/>\nKodu\u00f5ppeavalduse esitamise kuup\u00e4evad I ja II perioodiks on 20.08 ning III-V perioodiks on 20.12.<br \/>\n2) kodu\u00f5ppe koordinaator edastab kodu\u00f5ppeperele k\u00f5ikide ainete t\u00f6\u00f6kavad;<br \/>\n3) kodu\u00f5pet l\u00e4biviiv isik, \u00f5pilane ja koordinaator koostavad koost\u00f6\u00f6s, l\u00e4htudes ainete t\u00f6\u00f6kavast, \u00f5pilasele kodu\u00f5ppe \u00f5ppeplaani;<br \/>\n4) \u00f5pilane kogub koolist kokku kogu vajaliku \u00f5ppematerjali.<\/p>\n","protected":false},"excerpt":{"rendered":"<p>Kodu\u00f5pe on \u00f5pilase v\u00f5imalus kujundada iseenda \u00f5piteed.<\/p>\n","protected":false},"author":3,"featured_media":0,"parent":64,"menu_order":10,"comment_status":"closed","ping_status":"closed","template":"","meta":{"_acf_changed":false,"footnotes":""},"class_list":["post-88","page","type-page","status-publish","hentry"],"acf":[],"_links":{"self":[{"href":"https:\/\/ramkool.edu.ee\/kodukool\/wp-json\/wp\/v2\/pages\/88","targetHints":{"allow":["GET"]}}],"collection":[{"href":"https:\/\/ramkool.edu.ee\/kodukool\/wp-json\/wp\/v2\/pages"}],"about":[{"href":"https:\/\/ramkool.edu.ee\/kodukool\/wp-json\/wp\/v2\/types\/page"}],"author":[{"embeddable":true,"href":"https:\/\/ramkool.edu.ee\/kodukool\/wp-json\/wp\/v2\/users\/3"}],"replies":[{"embeddable":true,"href":"https:\/\/ramkool.edu.ee\/kodukool\/wp-json\/wp\/v2\/comments?post=88"}],"version-history":[{"count":3,"href":"https:\/\/ramkool.edu.ee\/kodukool\/wp-json\/wp\/v2\/pages\/88\/revisions"}],"predecessor-version":[{"id":151,"href":"https:\/\/ramkool.edu.ee\/kodukool\/wp-json\/wp\/v2\/pages\/88\/revisions\/151"}],"up":[{"embeddable":true,"href":"https:\/\/ramkool.edu.ee\/kodukool\/wp-json\/wp\/v2\/pages\/64"}],"wp:attachment":[{"href":"https:\/\/ramkool.edu.ee\/kodukool\/wp-json\/wp\/v2\/media?parent=88"}],"curies":[{"name":"wp","href":"https:\/\/api.w.org\/{rel}","templated":true}]}}