{"id":93,"date":"2021-11-29T11:19:07","date_gmt":"2021-11-29T11:19:07","guid":{"rendered":"https:\/\/ramkool.edu.ee\/kodukool\/?page_id=93"},"modified":"2021-12-07T07:43:26","modified_gmt":"2021-12-07T07:43:26","slug":"taotlemine","status":"publish","type":"page","link":"https:\/\/ramkool.edu.ee\/kodukool\/koolielu\/taotlemine\/","title":{"rendered":"Taotlemine"},"content":{"rendered":"<p><strong>Sammud ISE\u00d5PPELE minemiseks:<\/strong><br \/>\n1) lapsevanem esitab sooviavalduse oma lapse ise\u00f5ppele \u00fcle viimiseks;<br \/>\nIse\u00f5ppeavaldusi saab esitada kuni kaks n\u00e4dalat enne soovitud ise\u00f5ppe perioodi algust.<br \/>\n2) 6.-9.klassi \u00f5pilane kirjutab motivatsioonikirja oma aine\u00f5petajatele;<br \/>\n3) aine\u00f5petajad annavad motivatsioonikirja ja eelneva \u00f5ppeedukuse p\u00f5hjal hinnangu, kas \u00f5pilane on valmis ise\u00f5ppel t\u00e4itma teie \u00f5ppeainest l\u00e4htuvalt seatud \u00f5pieesm\u00e4rke;<br \/>\n4) n\u00f5usoleku saanud \u00f5pilane kogub kokku koolist kogu vajaliku \u00f5ppematerjali, kaasa arvatud vajaliku kirjanduse.<\/p>\n<p>&nbsp;<\/p>\n<p><strong>Sammud KODU\u00d5PPELE minemiseks:<\/strong><br \/>\n1) lapsevanem esitab avalduse kooliosa juhatajale;<br \/>\nKodu\u00f5ppeavalduse esitamise kuup\u00e4evad I ja II perioodiks on 20.08 ning III-V perioodiks on 20.12.<br \/>\n2) kodu\u00f5ppe koordinaator edastab kodu\u00f5ppeperele k\u00f5ikide ainete t\u00f6\u00f6kavad;<br \/>\n3) kodu\u00f5pet l\u00e4biviiv isik, \u00f5pilane ja koordinaator koostavad koost\u00f6\u00f6s, l\u00e4htudes ainete t\u00f6\u00f6kavast, \u00f5pilasele kodu\u00f5ppe \u00f5ppeplaani;<br \/>\n4) \u00f5pilane kogub koolist kokku kogu vajaliku \u00f5ppematerjali.<\/p>\n","protected":false},"excerpt":{"rendered":"<p>Sammud ISE\u00d5PPELE minemiseks: 1) lapsevanem esitab sooviavalduse<\/p>\n","protected":false},"author":3,"featured_media":0,"parent":64,"menu_order":20,"comment_status":"closed","ping_status":"closed","template":"","meta":{"_acf_changed":false,"footnotes":""},"class_list":["post-93","page","type-page","status-publish","hentry"],"acf":[],"_links":{"self":[{"href":"https:\/\/ramkool.edu.ee\/kodukool\/wp-json\/wp\/v2\/pages\/93","targetHints":{"allow":["GET"]}}],"collection":[{"href":"https:\/\/ramkool.edu.ee\/kodukool\/wp-json\/wp\/v2\/pages"}],"about":[{"href":"https:\/\/ramkool.edu.ee\/kodukool\/wp-json\/wp\/v2\/types\/page"}],"author":[{"embeddable":true,"href":"https:\/\/ramkool.edu.ee\/kodukool\/wp-json\/wp\/v2\/users\/3"}],"replies":[{"embeddable":true,"href":"https:\/\/ramkool.edu.ee\/kodukool\/wp-json\/wp\/v2\/comments?post=93"}],"version-history":[{"count":3,"href":"https:\/\/ramkool.edu.ee\/kodukool\/wp-json\/wp\/v2\/pages\/93\/revisions"}],"predecessor-version":[{"id":150,"href":"https:\/\/ramkool.edu.ee\/kodukool\/wp-json\/wp\/v2\/pages\/93\/revisions\/150"}],"up":[{"embeddable":true,"href":"https:\/\/ramkool.edu.ee\/kodukool\/wp-json\/wp\/v2\/pages\/64"}],"wp:attachment":[{"href":"https:\/\/ramkool.edu.ee\/kodukool\/wp-json\/wp\/v2\/media?parent=93"}],"curies":[{"name":"wp","href":"https:\/\/api.w.org\/{rel}","templated":true}]}}