{"id":1346,"date":"2015-09-07T14:33:12","date_gmt":"2015-09-07T13:33:12","guid":{"rendered":"http:\/\/ramkool.edu.ee\/site\/lasteaed\/?page_id=1346"},"modified":"2015-10-08T10:16:19","modified_gmt":"2015-10-08T07:16:19","slug":"pohimotted","status":"publish","type":"page","link":"https:\/\/ramkool.edu.ee\/lasteaed\/meile-tahtis\/pohimotted\/","title":{"rendered":"P\u00f5him\u00f5tted"},"content":{"rendered":"<p>Arusaamade ja t\u00f5ekspidamiste kujunemist suuname Veskim\u00f6ldre lasteaia oma kultuurist ja v\u00e4\u00e4rtustest l\u00e4htuvalt. Hingeharidus ja loovus on need m\u00e4rks\u00f5nad, mida k\u00e4sitleme igap\u00e4eva \u2013 ja \u00f5ppetegevustes, teemade valikus ning suuremates ja v\u00e4iksemates projektides.<\/p>\n<p><strong>\u00d5PPE-KASVATUSTEGEVUSE P\u00d5HIM\u00d5TTED<\/strong><\/p>\n<p><strong>Individuaalsus<\/strong><br \/>\n\u00d5ppimine ja kasvamine lasteaias on \u00fcheaegselt nii arenguliselt kui individuaalselt lastele sobivad. Arvestame lapse p\u00e4ritolu, v\u00f5imeid ja soove.<\/p>\n<p><strong>Turvalisus<\/strong><br \/>\nTurvalisuse loob lapsele teadmine, et temast hoolitakse, teda toetatakse. Lapsed \u00f5pivad k\u00f5ige paremini, kui neil on hea olla.Usk endasse kasvab edu ja \u00f5nnestumiste kaudu m\u00e4ngides, \u00f5ppides, kaaslaste ja \u00f5petajatega suheldes.<\/p>\n<p><strong>Aktiivsus ja loovus.<br \/>\n<\/strong>Loovus \u00fcmbritseb neid k\u00f5ikides tegevustes ning ei piirdu ainult kunsti-ja muusikaloominguga.<br \/>\nJulgustame last aktiivselt, iseseisvalt ja teisi arvestavalt tegutsema ja loovalt m\u00f5tlema.<\/p>\n<p><strong>M\u00e4ngulisus<br \/>\n<\/strong>M\u00e4ng on kogemused ja elamused, p\u00f5nevus ja r\u00f5\u00f5m, aga ka uurimine, katsetamine ja uute teadmiste omandamine.<br \/>\nLaste omaalgatuslikele m\u00e4ngudele lisaks kasutame m\u00e4ngu ja m\u00e4ngulisi v\u00f5tteid tegevustes kogu p\u00e4eva jooksul.<\/p>\n<p><strong>\u00a0<\/strong><strong>Hooliv suhtlemine<br \/>\n<\/strong>\u00d5pitakse \u00fcksteiselt ja \u00f5pitakse koos. Tulemus s\u00fcnnib lapse ja \u00f5petaja ning lapse ja kaaslase koosm\u00f5jus. Lasteaed toetab ja aktsepteerib iga lapse omap\u00e4ra ja ise\u00e4rasusi. Laps saab olla tema ise, avaldada arvamust ja k\u00e4ituda oma tavap\u00e4rase k\u00e4itumismustri j\u00e4rgi.<\/p>\n<p><strong>Terviklikkus<\/strong><br \/>\nUute asjadega tutvumiseks on olulised varasemad teadmised ja kogemused ning l\u00e4htumine lapsele l\u00e4hedasest asjadest- kodust, \u00fcmbrusest, ajast ja kohast, kus laps kasvab. Lapsed omandavad teadmisi aktiivselt tegutsedes &#8211; m\u00e4ngimise, n\u00e4itlemise, lugemise, kirjutamise, k\u00e4sit\u00f6\u00f6, arvutamise, joonistamise ja laulmise kaudu.<\/p>\n<p><strong>Tervis<\/strong><br \/>\nLapse kasvamine terveks, elujaatavaks, terve olemise v\u00f5imalusi teadvaks ja neid kasutavaks inimeseks toimub paljude tegurite koosm\u00f5jul. Tervisega seonduvate p\u00f5hiteadmiste omandamine toimub mitmek\u00fclgsete tegevuste ja teemade kaudu.<\/p>\n<p><strong>Tavad ja p\u00e4rimus<br \/>\n<\/strong>Kultuuritavade v\u00e4\u00e4rtustamine on j\u00e4rjepidevuse ja identiteedi aluseks. Toetame traditsioonide, t\u00f5ekspidamiste, esemelise ja s\u00f5nalise kultuuri kestmist m\u00e4ngides, lugusid jutustades, lavastades ja erinevaid teemasid k\u00e4sitledes.<\/p>\n<p><strong>Keskkond<br \/>\n<\/strong>\u00dcmbrus, milles laps lasteaias viibib, soodustab lapse igak\u00fclgset arengut terveks, loovaks, avatud inimeseks.<\/p>\n<p><strong>Koost\u00f6\u00f6<br \/>\n<\/strong>Lapsevanematega suhtlemisel on esmat\u00e4htsad avatus ja usaldus. Koost\u00f6\u00f6s lapsevanematega loome lapse arengut toetava keskkonna.Lapse arengu toetamises kehtib \u00fchtse vastutuse printsiip ehk osalusteooria, kus k\u00f5ik lasteaia t\u00f6\u00f6tajad vastutavad iga konkreetse lapse arengu eest.<\/p>\n<p>&nbsp;<\/p>\n","protected":false},"excerpt":{"rendered":"<p>Arusaamade ja t\u00f5ekspidamiste kujunemist suuname Veskim\u00f6ldre lasteaia<\/p>\n","protected":false},"author":2,"featured_media":1648,"parent":728,"menu_order":14,"comment_status":"closed","ping_status":"closed","template":"","meta":{"_acf_changed":false,"footnotes":""},"class_list":["post-1346","page","type-page","status-publish","has-post-thumbnail","hentry"],"acf":[],"_links":{"self":[{"href":"https:\/\/ramkool.edu.ee\/lasteaed\/wp-json\/wp\/v2\/pages\/1346","targetHints":{"allow":["GET"]}}],"collection":[{"href":"https:\/\/ramkool.edu.ee\/lasteaed\/wp-json\/wp\/v2\/pages"}],"about":[{"href":"https:\/\/ramkool.edu.ee\/lasteaed\/wp-json\/wp\/v2\/types\/page"}],"author":[{"embeddable":true,"href":"https:\/\/ramkool.edu.ee\/lasteaed\/wp-json\/wp\/v2\/users\/2"}],"replies":[{"embeddable":true,"href":"https:\/\/ramkool.edu.ee\/lasteaed\/wp-json\/wp\/v2\/comments?post=1346"}],"version-history":[{"count":5,"href":"https:\/\/ramkool.edu.ee\/lasteaed\/wp-json\/wp\/v2\/pages\/1346\/revisions"}],"predecessor-version":[{"id":1524,"href":"https:\/\/ramkool.edu.ee\/lasteaed\/wp-json\/wp\/v2\/pages\/1346\/revisions\/1524"}],"up":[{"embeddable":true,"href":"https:\/\/ramkool.edu.ee\/lasteaed\/wp-json\/wp\/v2\/pages\/728"}],"wp:featuredmedia":[{"embeddable":true,"href":"https:\/\/ramkool.edu.ee\/lasteaed\/wp-json\/wp\/v2\/media\/1648"}],"wp:attachment":[{"href":"https:\/\/ramkool.edu.ee\/lasteaed\/wp-json\/wp\/v2\/media?parent=1346"}],"curies":[{"name":"wp","href":"https:\/\/api.w.org\/{rel}","templated":true}]}}