{"id":1371,"date":"2015-09-07T14:42:48","date_gmt":"2015-09-07T13:42:48","guid":{"rendered":"http:\/\/ramkool.edu.ee\/site\/lasteaed\/?page_id=1371"},"modified":"2025-09-10T14:31:55","modified_gmt":"2025-09-10T11:31:55","slug":"peod-ja-uritused","status":"publish","type":"page","link":"https:\/\/ramkool.edu.ee\/lasteaed\/lasteaiaelu\/oppeaasta\/peod-ja-uritused\/","title":{"rendered":"Peod ja \u00fcritused"},"content":{"rendered":"<p><strong>Peod ja \u00fcritused 2025\/2026<\/strong><\/p>\n<p>SEPTEMBER<br \/>08.09 Piripiri lapsevanemate koosolek kell 16.30<br \/><span style=\"font-size: revert;color: initial\">09.09 Segasumma ja Elevantsi lapsevanemate koosolek kell 16.30<br \/><\/span>16.09 Hooaja avapidu kell 17.00<br \/>23.09 Tokiloti lapsevanemate koosolek kell 16.30<\/p>\n<p>OKTOOBER\u00a0<br \/>14.10 Lasteaia \u00fchine matk PILVER\u00c4NNAK<\/p>\n<p>NOVEMBER<br \/>03-07.11 Folkloorin\u00e4dal<br \/>07.11 Hommik isadega 8.30<br \/>10.11 Mardip\u00e4ev 9.00<br \/>25.11 Kadrip\u00e4ev &#8211; Vanavanemate pidu kell 16.30<\/p>\n<p>DETSEMBER<br \/>01.12 Advendihommik<br \/>04.12 J\u00f5ulude ootamise \u00f5htu Jaani kirikus kell 18.30<br \/>15.12 Kuuse ehtimine<br \/>17.12 J\u00f5ulupidu EleVantsid ja PiriPirid kell 17.00<br \/>18.12 J\u00f5ulupidu SegaSummad ja TokiLotid kell 17.00<br \/>22.12 Pidulik j\u00f5ulul\u00f5una saalis<\/p>\n<p>JAANUAR<br \/>19.-23.01 Projektin\u00e4dal \u201cSiililegi selge\u201d<\/p>\n<p>VEEBRUAR<br \/>14.02 S\u00f5brap\u00e4ev\u00a0<br \/>17.02 Vastlap\u00e4ev<br \/>19.02 Vabariigi aastap\u00e4eva aktus kell 10:00<\/p>\n<p>M\u00c4RTS<br \/>13.03 Emakeelep\u00e4ev<\/p>\n<p>APRILL<br \/>06.04 \u00dclest\u00f5usmisp\u00fchade hommik<br \/>10.04 Lasteaia s\u00fcnnip\u00e4eva hommik\u00a0<\/p>\n<p>MAI<br \/>08.05 Emadep\u00e4eva hommik<br \/>12.05 Karikav\u00f5istlus- spordip\u00e4ev Laagri kooli staadionil<br \/>19.05 Saue valla lasteaedade Tantsupidu<br \/>29.05 Kooliminejate l\u00f5pupidu\u00a0<\/p>\n<p>JUUNI<br \/>01.06. Suvealguse pidu<\/p>\n\n\n<p><\/p>\n","protected":false},"excerpt":{"rendered":"<p>Peod ja \u00fcritused 2025\/2026 SEPTEMBER08.09 Piripiri lapsevanemate<\/p>\n","protected":false},"author":2,"featured_media":1634,"parent":736,"menu_order":20,"comment_status":"closed","ping_status":"closed","template":"","meta":{"_acf_changed":false,"footnotes":""},"class_list":["post-1371","page","type-page","status-publish","has-post-thumbnail","hentry"],"acf":[],"_links":{"self":[{"href":"https:\/\/ramkool.edu.ee\/lasteaed\/wp-json\/wp\/v2\/pages\/1371","targetHints":{"allow":["GET"]}}],"collection":[{"href":"https:\/\/ramkool.edu.ee\/lasteaed\/wp-json\/wp\/v2\/pages"}],"about":[{"href":"https:\/\/ramkool.edu.ee\/lasteaed\/wp-json\/wp\/v2\/types\/page"}],"author":[{"embeddable":true,"href":"https:\/\/ramkool.edu.ee\/lasteaed\/wp-json\/wp\/v2\/users\/2"}],"replies":[{"embeddable":true,"href":"https:\/\/ramkool.edu.ee\/lasteaed\/wp-json\/wp\/v2\/comments?post=1371"}],"version-history":[{"count":181,"href":"https:\/\/ramkool.edu.ee\/lasteaed\/wp-json\/wp\/v2\/pages\/1371\/revisions"}],"predecessor-version":[{"id":5396,"href":"https:\/\/ramkool.edu.ee\/lasteaed\/wp-json\/wp\/v2\/pages\/1371\/revisions\/5396"}],"up":[{"embeddable":true,"href":"https:\/\/ramkool.edu.ee\/lasteaed\/wp-json\/wp\/v2\/pages\/736"}],"wp:featuredmedia":[{"embeddable":true,"href":"https:\/\/ramkool.edu.ee\/lasteaed\/wp-json\/wp\/v2\/media\/1634"}],"wp:attachment":[{"href":"https:\/\/ramkool.edu.ee\/lasteaed\/wp-json\/wp\/v2\/media?parent=1371"}],"curies":[{"name":"wp","href":"https:\/\/api.w.org\/{rel}","templated":true}]}}