{"id":1383,"date":"2015-09-07T14:51:01","date_gmt":"2015-09-07T13:51:01","guid":{"rendered":"http:\/\/ramkool.edu.ee\/site\/lasteaed\/?page_id=1383"},"modified":"2025-01-08T12:56:00","modified_gmt":"2025-01-08T10:56:00","slug":"arst-soovitab","status":"publish","type":"page","link":"https:\/\/ramkool.edu.ee\/lasteaed\/vastuvott\/arst-soovitab\/","title":{"rendered":"Millal peaks laps koju j\u00e4\u00e4ma?"},"content":{"rendered":"<p>Lasteaeda ootame lapsi, kes on terved ja kelle enesetunne on hea.<\/p>\n<p>Palume last lasteaeda mitte tuua kui tal on palavik, k\u00f6ha, k\u00f5hulahtisus, oksendamine, m\u00e4dane silmap\u00f5letik, viiruslik vesine nohu.<\/p>\n<p>R\u00fchma \u00f5petajal ei ole lubatud anda lasteaias lastele ravimeid (v.a. esmaabi ja krooniline haigus). \u00d5petaja ei luba neid lapsel ka ise v\u00f5tta. (vt lasteaia kodukord).<br \/>\nKui laps haigestub lasteaias, v\u00f5tab r\u00fchma \u00f5petaja lapsevanemaga kohe \u00fchendust.<\/p>\n<p>Haigel lapsel on kodus alati parem olla!<\/p>\n<p>P\u00fcsigem terved!<\/p>\n","protected":false},"excerpt":{"rendered":"<p>Lasteaeda ootame lapsi, kes on terved ja<\/p>\n","protected":false},"author":2,"featured_media":1632,"parent":789,"menu_order":30,"comment_status":"closed","ping_status":"closed","template":"","meta":{"_acf_changed":false,"footnotes":""},"class_list":["post-1383","page","type-page","status-publish","has-post-thumbnail","hentry"],"acf":[],"_links":{"self":[{"href":"https:\/\/ramkool.edu.ee\/lasteaed\/wp-json\/wp\/v2\/pages\/1383","targetHints":{"allow":["GET"]}}],"collection":[{"href":"https:\/\/ramkool.edu.ee\/lasteaed\/wp-json\/wp\/v2\/pages"}],"about":[{"href":"https:\/\/ramkool.edu.ee\/lasteaed\/wp-json\/wp\/v2\/types\/page"}],"author":[{"embeddable":true,"href":"https:\/\/ramkool.edu.ee\/lasteaed\/wp-json\/wp\/v2\/users\/2"}],"replies":[{"embeddable":true,"href":"https:\/\/ramkool.edu.ee\/lasteaed\/wp-json\/wp\/v2\/comments?post=1383"}],"version-history":[{"count":6,"href":"https:\/\/ramkool.edu.ee\/lasteaed\/wp-json\/wp\/v2\/pages\/1383\/revisions"}],"predecessor-version":[{"id":4807,"href":"https:\/\/ramkool.edu.ee\/lasteaed\/wp-json\/wp\/v2\/pages\/1383\/revisions\/4807"}],"up":[{"embeddable":true,"href":"https:\/\/ramkool.edu.ee\/lasteaed\/wp-json\/wp\/v2\/pages\/789"}],"wp:featuredmedia":[{"embeddable":true,"href":"https:\/\/ramkool.edu.ee\/lasteaed\/wp-json\/wp\/v2\/media\/1632"}],"wp:attachment":[{"href":"https:\/\/ramkool.edu.ee\/lasteaed\/wp-json\/wp\/v2\/media?parent=1383"}],"curies":[{"name":"wp","href":"https:\/\/api.w.org\/{rel}","templated":true}]}}