{"id":1390,"date":"2015-09-07T14:55:13","date_gmt":"2015-09-07T13:55:13","guid":{"rendered":"http:\/\/ramkool.edu.ee\/site\/lasteaed\/?page_id=1390"},"modified":"2025-01-30T15:55:15","modified_gmt":"2025-01-30T13:55:15","slug":"kodukord","status":"publish","type":"page","link":"https:\/\/ramkool.edu.ee\/lasteaed\/meie-maja\/kodukord\/","title":{"rendered":"Kodukord"},"content":{"rendered":"<p>Kodukorra reegleid t\u00e4idavad nii lapsed, lasteaia t\u00f6\u00f6tajad kui ka lapsevanemad.<br \/>\nRaM Veskim\u00f6ldre Lasteaia kodukord on m\u00f5eldud t\u00e4itmiseks nii maja t\u00f6\u00f6tajatele kui ka lastele ning nende vanematele.<\/p>\n<p>Kui Kodukord otses\u00f5nu m\u00f5ne teema v\u00f5i olukorra kohta juhiseid ei anna, tuleb l\u00e4htuda meie lasteaia arengu-ja \u00f5ppekavas kirja pandud p\u00f5him\u00f5tetest, kultuurist ja v\u00e4\u00e4rtustest.<\/p>\n<p><strong>1. Lapse saabumine ja lahkumine, lapse puudumine.<\/strong><\/p>\n<p>1.1. Lapse liitumisel Veskim\u00f6ldre Lasteaiaga s\u00f5lmib lapse esindaja Rocca al Mare Kooli Veskim\u00f6ldre Lasteaiaga lepingu.<\/p>\n<p>1.2. Lasteaed on avatud 7.30 \u2013 18.00. Hommikuti 7.30-8.30 ja \u00f5htuti 17.30 -18.00 t\u00f6\u00f6tab lasteaias valver\u00fchm.<\/p>\n<p>1.3. Lasteaed on suletud riigip\u00fchadel.<br \/>\nRiigip\u00fchadele (23. veebruar, 22. juuni, 23. detsember; 31. detsember) eelnev t\u00f6\u00f6p\u00e4ev on l\u00fchendatud kolme tunni v\u00f5rra.<\/p>\n<p>1.4. Lapsevanem toob lapse lasteaeda enne \u00f5ppe- ja kasvatustegevuste algust ja viib sealt \u00e4ra endale sobival ajal, j\u00e4rgides lasteaia p\u00e4evakava.<\/p>\n<p>1.5. Lapsevanem teavitab r\u00fchma (v\u00f5i valver\u00fchma) \u00f5petajat, kui laps haigestub v\u00f5i mingil muul p\u00f5hjusel ei tule lasteaeda. Lapse puudumisest v\u00f5i peale puudumist lasteaeda tulekust teatatakse ette hiljemalt eelmise p\u00e4eva kella 17-ks. Siis arvestatakse laps j\u00e4rgmise p\u00e4eva s\u00f6\u00f6jate nimekirja v\u00f5i nimekirjast maha.<\/p>\n<p>1.6. Lapsevanem annab lapse isiklikult \u00fcle r\u00fchma t\u00f6\u00f6tajale ning j\u00e4rele tulles v\u00f5tab lapse vastu r\u00fchma t\u00f6\u00f6tajalt. Oma lahkumisest annavad laps ja lapsevanem \u00f5petajale teada.<\/p>\n<p>1.7. Lapsevanem j\u00f5uab lapsele lasteaeda j\u00e4rele hiljemalt 17.50, et laps j\u00f5uaks enne kella 18 rahulikult riietuda.<\/p>\n<p>1.8. R\u00fchma t\u00f6\u00f6tajal on \u00f5igus laps \u00fcle anda ka vanema poolt eelnevalt tutvustatud ja volitatud esindajatele. Lapsevanem esitab \u00f5petajale volituse kirjalikult.<\/p>\n<p>1.9. R\u00fchma t\u00f6\u00f6tajal on keelatud last anda \u00fcle alaealisele v\u00f5i selleks volitamata isikule.<\/p>\n<p>1.10. Eriolukordades, kui lapsevanem ei j\u00f5ua lapsele j\u00e4rele \u00f5igeaegselt, on tal kohustus sellest telefoni teel teavitada r\u00fchma t\u00f6\u00f6tajat.<\/p>\n<p>1.11. Kui lapsele ei ole lasteaia lahtioleku ajal j\u00e4rele tuldud, toimib \u00f5petaja vastavalt lasteaia h\u00e4daolukorra lahendamise plaanile.<\/p>\n<p><strong>2. Lapse tervise, heaolu ja arengu toetamine<\/strong><\/p>\n<p>2.1. Lapsevanem informeerib lasteaia direktorit kirjalikult lapse terviseseisundist tulenevatest eritingimustest, mille alusel personal v\u00f5imaluse korral p\u00e4evakava, kasvukeskkonda ning \u00f5ppe -ja kasvatustegevuse korraldust kohandab.<\/p>\n<p>2.2. Lasteaeda ei lubata last, kui lapse terviseseisund v\u00f5ib kahjustada lapse enda v\u00f5i teiste tervist.<br \/>\n\u00d5petajal on \u00f5igus keelduda silmn\u00e4htavate haigustunnustega (l\u00f6\u00f6ve, palavik, silmap\u00f5letik, nohu, k\u00f6ha jne) last lasteaeda vastu v\u00f5tmast.<\/p>\n<p>2.3. \u00d5petaja j\u00e4lgib lapse terviseseisundit lasteaeda tulekul ja seal viibimise ajal ning teavitab lapse tervise-v\u00f5i k\u00e4itumish\u00e4iretest lapsevanemat ja vajadusel lasteaia direktorit.<\/p>\n<p>2.4. Lapse lasteaias haigestumise v\u00f5i vigastuse korral kutsub lasteaia t\u00f6\u00f6taja vajadusel kiirabi ja v\u00f5tab \u00fchendust lapse vanemaga. Lapsevanema v\u00f5i kiirabi tulekuni on laps koos lasteaia t\u00f6\u00f6tajaga. Vajadusel antakse haigestunud v\u00f5i vigastatud lapsele kiirabi kohale j\u00f5udmiseni esmast abi.<\/p>\n<p>2.5. Lasteaias ei anta lapsele ravimeid.<br \/>\nKui arst on lapse kroonilise haiguse korral m\u00e4\u00e4ranud lapsele ravimid, v\u00f5ib erandjuhul (nt suhkruhaigele) lasteaias anda ravimeid arsti m\u00e4\u00e4ratud annuses.<br \/>\nRavimeid antakse \u00fcksnes vanema kirjalikul volitusel ja kokkuleppel lasteasutuse tervishoiut\u00f6\u00f6taja ja direktoriga.<\/p>\n<p>2.6. Lapse nakkushaigusesse (ka pea \u2013 v\u00f5i sooleparasiitidesse)\u00a0 haigestumisel peab lapsevanem esimesel v\u00f5imalusel sellest \u00f5petajat teavitama.<\/p>\n<p>2.7. Lasteaia direktor v\u00f5i tervishoiut\u00f6\u00f6taja annab nakkushaiguse puhangust v\u00f5i juhtumist teada terviseametile ning k\u00e4itub edasi vastavalt lasteaia h\u00e4daolukorra lahendamise plaanile.<\/p>\n<p>2.8. Lapsel peavad kaasas olema isiklikud h\u00fcgieenivahendid &#8211; kamm, taskur\u00e4tt, vahetuspesu jne.<\/p>\n<p>2.9. Lapsel peavad olema libisemiskindla tallaga ja kindlalt jalas p\u00fcsivaid jalan\u00f5ud, et v\u00e4hendada komistamis-ja kukkumisohtu.<\/p>\n<p>2.10. Lapsel on ilmastikule vastav (kihiline) \u00f5ueriietus, peakate ja jalan\u00f5ud.<\/p>\n<p>2.11. Lapse riided peavad olema v\u00f5imalikult ohutud \u2013 v\u00e4ltida tuleks pikki n\u00f6\u00f6re, salle jms. K\u00f5ikidele riietele ja jalan\u00f5udele on kirjutatud lapse nimi.<\/p>\n<p>2.12. Lapsel on lasteaias vahetusriided juhuks, kui riided saavad m\u00e4rjaks v\u00f5i m\u00e4\u00e4rduvad.<\/p>\n<p>2.13. Toa- ja \u00f5ueriided v\u00f5imaldavad lapsel aktiivselt tegutseda ning v\u00f5ivad m\u00e4\u00e4rduda. Lapsel on lasteaias liikumistegevuseks sobivad riided (n\u00f6\u00f6pide, lukkude ja trukkideta p\u00fcksid ning T- s\u00e4rk).<\/p>\n<p>2.14. Soodsate ilmastikutingimuste korral k\u00e4ivad lapsed \u00f5ues kaks korda p\u00e4evas. \u00d5petaja viib v\u00f5imalikult paljud tegevused l\u00e4bi \u00f5ues.<\/p>\n<p>2.15. K\u00f5ik lasteaias viibivad lapsed osalevad \u00f5uetegevustes. Kui laps ei saa tervislikel p\u00f5hjustel \u00f5ue minna, j\u00e4\u00e4b ta l\u00f5pliku paranemiseni koju.<\/p>\n<p>2.16. Lapsevanem planeerib lapse p\u00e4evakava ja tegevused nii, et lapse ringid ja huvitegevused ning t\u00e4iendav eelkooli \u00f5pe ei muutuks lapse jaoks koormavaks ning lapsel s\u00e4iliks soov osaleda ka lasteaia m\u00e4ngudes ja tegevustes.<\/p>\n<p>2.17. Pidude ja \u00fcrituste ajal, mis toimuvad koos lapsevanematega, vastutab lapse eest lapsevanem (v\u00e4lja arvatud eeskava ajal) ning kannab hoolt, et lapse tegevus teisi peol viibijaid ei segaks.<br \/>\nPeale esinemist ei luba lapsevanem last lasteaia ruumisesse iseseisvalt m\u00e4ngima &#8211;\u00a0turvalisuse huvides on eriti taunitavad jooksmine, \u00fcksteise taga ajamine, peitmine jne.<\/p>\n<p><strong>3. Turvalisuse tagamine<\/strong><\/p>\n<p>3.1. Lasteaia t\u00f6\u00f6tajad on kohustatud reageerima laste ning t\u00f6\u00f6tajate vaimset v\u00f5i f\u00fc\u00fcsilist turvalisust ohustavatele olukordadele vastavalt oma ametijuhendile ja lasteaia h\u00e4daolukorra plaanile.<\/p>\n<p>3.2. Lasteaias kasutatavate m\u00e4ngu- ja v\u00f5imlemisvahendite konstruktsioon, m\u00f5\u00f5tmed ja pindade viimistlus vastavad lapse eale ning kasvule.<\/p>\n<p>3.3. Ruumid on lasteaias kujundatud nii, et lastele j\u00e4\u00e4ks v\u00f5imalikult palju ruumi m\u00e4ngimiseks ning vigastuste tekkimise oht oleks v\u00f5imalikult minimaalne.<\/p>\n<p>3.4. Laps v\u00f5ib lahkuda lasteaia ruumidest v\u00f5i territooriumilt ainult koos t\u00e4iskasvanuga. V\u00f5\u00f5raste inimeste omavoliline viibimine lasteaia territooriumil ja ruumides\u00a0 ilma eelneva kokkuleppeta ei ole lubatud.<\/p>\n<p>3.5. Laste puhke- v\u00f5i magamise ajal on laste juures v\u00e4hemalt \u00fcks r\u00fchma t\u00f6\u00f6taja.<\/p>\n<p>3.6. Kui laste \u00f5uesoleku ajal on \u00fchel r\u00fchma t\u00f6\u00f6tajal p\u00f5hjendatud vajadus minna osade lastega tuppa, peab teine r\u00fchma t\u00f6\u00f6taja tagama \u00fclej\u00e4\u00e4nud r\u00fchma laste turvalisuse \u00f5uealal.<\/p>\n<p>3.7. \u00d5ppek\u00e4igu ajal t\u00e4naval liigeldes on lapsed ja r\u00fchma t\u00f6\u00f6tajad helkurvestides.<\/p>\n<p>3.9.Turvalisuse tagamiseks on lasteaia hoones elektrooniline valve.<\/p>\n<p>3.10. Lapsevanemad, lasteaia t\u00f6\u00f6tajad ja lapsed sulgevad enda j\u00e4rel hoolikalt v\u00e4rava, et lapsed ei saaks lahkuda lasteaia territooriumilt.<\/p>\n<p>3.11. Lasteaia territooriumil, sh parklas, on keelatud suitsetada (ka e- sigarette) ning tarvitada alkoholi.<\/p>\n<p>3.12 Lasteaia m\u00e4ngualale ei s\u00f5ida lapsed, lapsevanemad ega t\u00f6\u00f6tajad jalgratastel, vaid l\u00fckkavad ratast k\u00e4ek\u00f5rval.<br \/>\nLapsed s\u00f5idavad jalgratastega lasteaias \u00f5petaja poolt korraldatud liikumistegevustes, matkadel, loodusretkedel vms. Igal lapsel on kodust kaasa v\u00f5etud\u00a0 jalgratas, kiiver jt turvavahendid.<\/p>\n<p>3.13. Lapsel on lubatud lasteaeda kaasa v\u00f5tta m\u00e4nguasju vastavalt r\u00fchmas kokku lepitud reeglitele. M\u00e4nguasjad ei tohi olla ohtlikud ega soodustada agressiivset m\u00e4ngu.<\/p>\n<p>3.14. \u00d5petajad ei vastuta kodust kaasa toodud m\u00e4nguasjade kadumise v\u00f5i purunemise eest.<\/p>\n<p>3.15. Lapsel pole lubatud lasteaeda kaasa v\u00f5tta n\u00e4rimiskummi, maiustusi, karastusjooke (v\u00e4lja arvatud s\u00fcnnip\u00e4eva t\u00e4histamisega seotud maiustused) ning raha, telefone ning nutiseadmeid.<\/p>\n<p>3.16. Lapsevanem teavitab koheselt elukoha, telefoninumbri, e-posti aadressi v\u00f5i teiste andmete muutumisest \u00f5petajat, kes annab muutunud info e-posti teel edasi juhtkonnale.<\/p>\n<p>3.17 \u00d5petajad ja lapsevanemad teevad lapse arengu toetamiseks koost\u00f6\u00f6d, mis p\u00f5hineb vastastikusel usaldusel ja lugupidamisel.<\/p>\n<p>3.18.Arusaamatuste korral p\u00f6\u00f6rduvad lapsevanemad esialgu oma r\u00fchma \u00f5petaja poole, vajadusel paluvad abi ka direktorilt v\u00f5i \u00f5ppealajuhatajalt.<\/p>\n<p>3.19. Lahkhelid r\u00fchma laste vahel lahendatakse \u00f5petaja kaasabil. Lapsevanem ei p\u00f6\u00f6rdu teiste laste poole olukordade selgitamiseks.<\/p>\n<p>3.20. N\u00f5u ja abi saamiseks on lapsevanemal v\u00f5imalus p\u00f6\u00f6rduda lasteaia \u00f5petajate, logopeedi, arsti, direktori v\u00f5i \u00f5ppealajuhataja poole.<\/p>\n","protected":false},"excerpt":{"rendered":"<p>Kodukorra reegleid t\u00e4idavad nii lapsed, lasteaia t\u00f6\u00f6tajad<\/p>\n","protected":false},"author":2,"featured_media":1662,"parent":744,"menu_order":10,"comment_status":"closed","ping_status":"closed","template":"","meta":{"_acf_changed":false,"footnotes":""},"class_list":["post-1390","page","type-page","status-publish","has-post-thumbnail","hentry"],"acf":[],"_links":{"self":[{"href":"https:\/\/ramkool.edu.ee\/lasteaed\/wp-json\/wp\/v2\/pages\/1390","targetHints":{"allow":["GET"]}}],"collection":[{"href":"https:\/\/ramkool.edu.ee\/lasteaed\/wp-json\/wp\/v2\/pages"}],"about":[{"href":"https:\/\/ramkool.edu.ee\/lasteaed\/wp-json\/wp\/v2\/types\/page"}],"author":[{"embeddable":true,"href":"https:\/\/ramkool.edu.ee\/lasteaed\/wp-json\/wp\/v2\/users\/2"}],"replies":[{"embeddable":true,"href":"https:\/\/ramkool.edu.ee\/lasteaed\/wp-json\/wp\/v2\/comments?post=1390"}],"version-history":[{"count":24,"href":"https:\/\/ramkool.edu.ee\/lasteaed\/wp-json\/wp\/v2\/pages\/1390\/revisions"}],"predecessor-version":[{"id":5091,"href":"https:\/\/ramkool.edu.ee\/lasteaed\/wp-json\/wp\/v2\/pages\/1390\/revisions\/5091"}],"up":[{"embeddable":true,"href":"https:\/\/ramkool.edu.ee\/lasteaed\/wp-json\/wp\/v2\/pages\/744"}],"wp:featuredmedia":[{"embeddable":true,"href":"https:\/\/ramkool.edu.ee\/lasteaed\/wp-json\/wp\/v2\/media\/1662"}],"wp:attachment":[{"href":"https:\/\/ramkool.edu.ee\/lasteaed\/wp-json\/wp\/v2\/media?parent=1390"}],"curies":[{"name":"wp","href":"https:\/\/api.w.org\/{rel}","templated":true}]}}