{"id":1394,"date":"2015-09-07T14:55:51","date_gmt":"2015-09-07T13:55:51","guid":{"rendered":"http:\/\/ramkool.edu.ee\/site\/lasteaed\/?page_id=1394"},"modified":"2015-09-22T07:51:21","modified_gmt":"2015-09-22T06:51:21","slug":"ajalugu","status":"publish","type":"page","link":"https:\/\/ramkool.edu.ee\/lasteaed\/meie-maja\/ajalugu\/","title":{"rendered":"Ajalugu"},"content":{"rendered":"<p>Rocca al Mare Kooli Veskim\u00f6ldre Lasteaed on Rocca al Mare Kooli juurde kuuluv eralasteaed, mis avati 2004. aasta aprillis.<br \/>\nAvamisele eelnes pikk ideede genereerimise ja asjale sisu andmise protsess, mille k\u00e4igus valiti meeskond, kes \u00fchiselt l\u00f5i meie maja v\u00e4\u00e4rtuss\u00fcsteemi, t\u00f6\u00f6tas v\u00e4lja \u00f5ppekava ning pani aluse igap\u00e4evasele t\u00f6\u00f6korraldusele.<\/p>\n","protected":false},"excerpt":{"rendered":"<p>Rocca al Mare Kooli Veskim\u00f6ldre Lasteaed on<\/p>\n","protected":false},"author":2,"featured_media":1449,"parent":744,"menu_order":30,"comment_status":"closed","ping_status":"closed","template":"","meta":{"_acf_changed":false,"footnotes":""},"class_list":["post-1394","page","type-page","status-publish","has-post-thumbnail","hentry"],"acf":[],"_links":{"self":[{"href":"https:\/\/ramkool.edu.ee\/lasteaed\/wp-json\/wp\/v2\/pages\/1394","targetHints":{"allow":["GET"]}}],"collection":[{"href":"https:\/\/ramkool.edu.ee\/lasteaed\/wp-json\/wp\/v2\/pages"}],"about":[{"href":"https:\/\/ramkool.edu.ee\/lasteaed\/wp-json\/wp\/v2\/types\/page"}],"author":[{"embeddable":true,"href":"https:\/\/ramkool.edu.ee\/lasteaed\/wp-json\/wp\/v2\/users\/2"}],"replies":[{"embeddable":true,"href":"https:\/\/ramkool.edu.ee\/lasteaed\/wp-json\/wp\/v2\/comments?post=1394"}],"version-history":[{"count":3,"href":"https:\/\/ramkool.edu.ee\/lasteaed\/wp-json\/wp\/v2\/pages\/1394\/revisions"}],"predecessor-version":[{"id":1485,"href":"https:\/\/ramkool.edu.ee\/lasteaed\/wp-json\/wp\/v2\/pages\/1394\/revisions\/1485"}],"up":[{"embeddable":true,"href":"https:\/\/ramkool.edu.ee\/lasteaed\/wp-json\/wp\/v2\/pages\/744"}],"wp:featuredmedia":[{"embeddable":true,"href":"https:\/\/ramkool.edu.ee\/lasteaed\/wp-json\/wp\/v2\/media\/1449"}],"wp:attachment":[{"href":"https:\/\/ramkool.edu.ee\/lasteaed\/wp-json\/wp\/v2\/media?parent=1394"}],"curies":[{"name":"wp","href":"https:\/\/api.w.org\/{rel}","templated":true}]}}