{"id":2128,"date":"2016-09-02T12:58:32","date_gmt":"2016-09-02T09:58:32","guid":{"rendered":"http:\/\/ramkool.edu.ee\/lasteaed\/?page_id=2128"},"modified":"2025-08-28T10:57:57","modified_gmt":"2025-08-28T07:57:57","slug":"ram-kooli-eelkool","status":"publish","type":"page","link":"https:\/\/ramkool.edu.ee\/lasteaed\/lasteaiaelu\/ram-kooli-eelkool\/","title":{"rendered":"RaM Kooli eelkool"},"content":{"rendered":"<p>2025\/2026 \u00f5ppeaastal alustab Veskim\u00f6ldre Lasteaias Rocca al Mare Kooli \u00fcks eelkooli r\u00fchm ja \u00fcks v\u00e4ikekooli r\u00fchm.<\/p>\n<p>P\u00fc\u00fcame enda poolt anda k\u00f5ik, et v\u00e4ikene inimene tunneks ennast kooliteele astudes kindlalt ja turvaliselt. Tunnis m\u00e4ngime, \u00f5pime ja avastame nii, et laps naudiks koolis k\u00e4imist ja l\u00e4heks esimesse klassi teadmisega, et ta saab k\u00f5igega hakkama.<\/p>\n<p>Meie eelkooli \u00f5petajad on seisukohal, et lapse arengu p\u00f5hikeskkonnaks on kodu. Kooli \u00fclesanne on toetada kodu ja olla partneriks perele. Hea koost\u00f6\u00f6 lapsevanematega on aluseks laste kohanemisele ja heaolu ning turvatunde tekkimisele koolis. Seega on meie p\u00f5hieesm\u00e4rgiks koos teiega, armsad vanemad, kasvatada ja arendada iga last vastavalt just tema individuaalsetele v\u00f5imetele ning seel\u00e4bi saavutada parim tulemus.<\/p>\n<p>T\u00e4psema info Rocca al Mare Kooli eelkoolist leiate aadressilt https:\/\/ramkool.edu.ee\/eelkool\/<\/p>\n","protected":false},"excerpt":{"rendered":"<p>2025\/2026 \u00f5ppeaastal alustab Veskim\u00f6ldre Lasteaias Rocca al<\/p>\n","protected":false},"author":4,"featured_media":0,"parent":734,"menu_order":70,"comment_status":"closed","ping_status":"closed","template":"","meta":{"_acf_changed":false,"footnotes":""},"class_list":["post-2128","page","type-page","status-publish","hentry"],"acf":[],"_links":{"self":[{"href":"https:\/\/ramkool.edu.ee\/lasteaed\/wp-json\/wp\/v2\/pages\/2128","targetHints":{"allow":["GET"]}}],"collection":[{"href":"https:\/\/ramkool.edu.ee\/lasteaed\/wp-json\/wp\/v2\/pages"}],"about":[{"href":"https:\/\/ramkool.edu.ee\/lasteaed\/wp-json\/wp\/v2\/types\/page"}],"author":[{"embeddable":true,"href":"https:\/\/ramkool.edu.ee\/lasteaed\/wp-json\/wp\/v2\/users\/4"}],"replies":[{"embeddable":true,"href":"https:\/\/ramkool.edu.ee\/lasteaed\/wp-json\/wp\/v2\/comments?post=2128"}],"version-history":[{"count":17,"href":"https:\/\/ramkool.edu.ee\/lasteaed\/wp-json\/wp\/v2\/pages\/2128\/revisions"}],"predecessor-version":[{"id":5363,"href":"https:\/\/ramkool.edu.ee\/lasteaed\/wp-json\/wp\/v2\/pages\/2128\/revisions\/5363"}],"up":[{"embeddable":true,"href":"https:\/\/ramkool.edu.ee\/lasteaed\/wp-json\/wp\/v2\/pages\/734"}],"wp:attachment":[{"href":"https:\/\/ramkool.edu.ee\/lasteaed\/wp-json\/wp\/v2\/media?parent=2128"}],"curies":[{"name":"wp","href":"https:\/\/api.w.org\/{rel}","templated":true}]}}