{"id":5108,"date":"2025-01-31T09:50:53","date_gmt":"2025-01-31T07:50:53","guid":{"rendered":"https:\/\/ramkool.edu.ee\/lasteaed\/?page_id=5108"},"modified":"2025-08-28T10:46:18","modified_gmt":"2025-08-28T07:46:18","slug":"logopeed","status":"publish","type":"page","link":"https:\/\/ramkool.edu.ee\/lasteaed\/lasteaiaelu\/logopeed\/","title":{"rendered":"Logopeed"},"content":{"rendered":"\n<p><\/p>\n\n\n\n<p><\/p>\n\n\n\n<p><\/p>\n\n\n\n<p>Logopeedilist teenust pakub Kersti Pruul.<\/p>\n\n\n\n<p>Logopeed hindab last individuaalselt ja koostab lapse vajadustest l\u00e4htuva k\u00f5neteraapiaplaani, mis  toetab lapse k\u00f5ne, keele ja&nbsp;suhtlemisoskuse arengut.<br>Et tagada terviklik l\u00e4henemine&nbsp;lapse arengule tehakse koost\u00f6\u00f6d lapsevanemate ja teiste spetsialistidega.<\/p>\n\n\n\n<p>K\u00f5neteraapia teenuse toimumise aeg ja tihedus lepitakse kokku lapsevanemaga.<br>\u00dche individuaalse logopeedilise tunni tasu on 48 \u20ac.<\/p>\n\n\n\n<p>Kontakt: <br>kersti.pruul@ramlasteaed.ee <br>57560010<\/p>\n\n\n\n<p><em>Logopeedilise tunni tasust tagastatakse tulumaks.<\/em><br>&nbsp;<\/p>\n\n\n\n<p><\/p>\n\n\n\n<p><\/p>\n\n\n\n<p><\/p>\n","protected":false},"excerpt":{"rendered":"<p>Logopeedilist teenust pakub Kersti Pruul. Logopeed hindab<\/p>\n","protected":false},"author":28,"featured_media":0,"parent":734,"menu_order":80,"comment_status":"closed","ping_status":"closed","template":"","meta":{"_acf_changed":false,"footnotes":""},"class_list":["post-5108","page","type-page","status-publish","hentry"],"acf":[],"_links":{"self":[{"href":"https:\/\/ramkool.edu.ee\/lasteaed\/wp-json\/wp\/v2\/pages\/5108","targetHints":{"allow":["GET"]}}],"collection":[{"href":"https:\/\/ramkool.edu.ee\/lasteaed\/wp-json\/wp\/v2\/pages"}],"about":[{"href":"https:\/\/ramkool.edu.ee\/lasteaed\/wp-json\/wp\/v2\/types\/page"}],"author":[{"embeddable":true,"href":"https:\/\/ramkool.edu.ee\/lasteaed\/wp-json\/wp\/v2\/users\/28"}],"replies":[{"embeddable":true,"href":"https:\/\/ramkool.edu.ee\/lasteaed\/wp-json\/wp\/v2\/comments?post=5108"}],"version-history":[{"count":6,"href":"https:\/\/ramkool.edu.ee\/lasteaed\/wp-json\/wp\/v2\/pages\/5108\/revisions"}],"predecessor-version":[{"id":5360,"href":"https:\/\/ramkool.edu.ee\/lasteaed\/wp-json\/wp\/v2\/pages\/5108\/revisions\/5360"}],"up":[{"embeddable":true,"href":"https:\/\/ramkool.edu.ee\/lasteaed\/wp-json\/wp\/v2\/pages\/734"}],"wp:attachment":[{"href":"https:\/\/ramkool.edu.ee\/lasteaed\/wp-json\/wp\/v2\/media?parent=5108"}],"curies":[{"name":"wp","href":"https:\/\/api.w.org\/{rel}","templated":true}]}}