{"id":730,"date":"2015-08-24T23:17:09","date_gmt":"2015-08-24T20:17:09","guid":{"rendered":"http:\/\/thelooks.ee\/ram\/?page_id=730"},"modified":"2025-12-19T14:17:15","modified_gmt":"2025-12-19T12:17:15","slug":"lasteaiapere","status":"publish","type":"page","link":"https:\/\/ramkool.edu.ee\/lasteaed\/lasteaiapere\/","title":{"rendered":"Lasteaia pere"},"content":{"rendered":"<p>Veskim\u00f6ldre lasteaias on neli r\u00fchma: hoiur\u00fchm Tokiloti, liitr\u00fchmad Piripiri ja Elevants ning aiar\u00fchm Segasumma.<\/p>\n<p>Tokiloti \u00f5petaja on Kaidi ning abi\u00f5petajad on Ene ja Mari. Piripiri r\u00fchma \u00f5petaja on Inna ning abi\u00f5petajad Nele ja Inna. Elevantsi r\u00fchma \u00f5petaja on Eveli ja abi\u00f5petajad Anete ja Liia. Segasumma \u00f5petajad on Heliis, Helen, Piret ja abi\u00f5petaja on Andra.<\/p>\n<p>Lisaks tegelevad lastega muusika- ja liikumis\u00f5petaja Piret ning logopeed Kersti.<\/p>\n<p>Teisip\u00e4eva hommikuti on meiega arst Krista. Vajadusel n\u00f5ustab Krista ka lapsevanemaid ja \u00f5petajaid.<\/p>\n<p>Veskim\u00f6ldre lasteaeda juhib direktor Anu.<\/p>\n<p>Lasteaias pakub s\u00fc\u00fca s\u00fc\u00fca Umile O\u00dc.<br \/>Igap\u00e4evases toidus hindame j\u00e4tkuvalt kodumaist ja mahetoodangut. Oleme sellest l\u00e4htuvalt asendanud k\u00f5ige suurema keskkonnam\u00f5juga liha- ja kalatooted ning vastavalt toitumissoovitustele suurendanud taimse toidu osakaalu. J\u00e4tkame hooajaliste kodumaiste aed- ja puuviljade pakkumist, mida eelistame v\u00e4lismaistele toodetele.<\/p>\n\n\n<p><\/p>\n","protected":false},"excerpt":{"rendered":"<p>Veskim\u00f6ldre lasteaias on neli r\u00fchma: hoiur\u00fchm Tokiloti,<\/p>\n","protected":false},"author":1,"featured_media":1644,"parent":0,"menu_order":50,"comment_status":"open","ping_status":"closed","template":"","meta":{"_acf_changed":false,"footnotes":""},"class_list":["post-730","page","type-page","status-publish","has-post-thumbnail","hentry"],"acf":[],"_links":{"self":[{"href":"https:\/\/ramkool.edu.ee\/lasteaed\/wp-json\/wp\/v2\/pages\/730","targetHints":{"allow":["GET"]}}],"collection":[{"href":"https:\/\/ramkool.edu.ee\/lasteaed\/wp-json\/wp\/v2\/pages"}],"about":[{"href":"https:\/\/ramkool.edu.ee\/lasteaed\/wp-json\/wp\/v2\/types\/page"}],"author":[{"embeddable":true,"href":"https:\/\/ramkool.edu.ee\/lasteaed\/wp-json\/wp\/v2\/users\/1"}],"replies":[{"embeddable":true,"href":"https:\/\/ramkool.edu.ee\/lasteaed\/wp-json\/wp\/v2\/comments?post=730"}],"version-history":[{"count":30,"href":"https:\/\/ramkool.edu.ee\/lasteaed\/wp-json\/wp\/v2\/pages\/730\/revisions"}],"predecessor-version":[{"id":5577,"href":"https:\/\/ramkool.edu.ee\/lasteaed\/wp-json\/wp\/v2\/pages\/730\/revisions\/5577"}],"wp:featuredmedia":[{"embeddable":true,"href":"https:\/\/ramkool.edu.ee\/lasteaed\/wp-json\/wp\/v2\/media\/1644"}],"wp:attachment":[{"href":"https:\/\/ramkool.edu.ee\/lasteaed\/wp-json\/wp\/v2\/media?parent=730"}],"curies":[{"name":"wp","href":"https:\/\/api.w.org\/{rel}","templated":true}]}}