{"id":734,"date":"2015-08-24T23:17:41","date_gmt":"2015-08-24T20:17:41","guid":{"rendered":"http:\/\/thelooks.ee\/ram\/?page_id=734"},"modified":"2025-01-16T12:58:21","modified_gmt":"2025-01-16T10:58:21","slug":"lasteaiaelu","status":"publish","type":"page","link":"https:\/\/ramkool.edu.ee\/lasteaed\/lasteaiaelu\/","title":{"rendered":"Lasteaia elu"},"content":{"rendered":"<p>Veskim\u00f6ldre lasteaia p\u00e4evakava on paindlik, kindlustades lastele p\u00e4evar\u00fctmi, kus vahelduvad igap\u00e4evatoimingud, laste vaba tegevus ja t\u00e4iskasvanu kavandatud \u00f5ppetegevused. \u00d5ppeaasta kestab 1.septembrist 31. augustini.<\/p>\n","protected":false},"excerpt":{"rendered":"<p>Veskim\u00f6ldre lasteaia p\u00e4evakava on paindlik, kindlustades lastele<\/p>\n","protected":false},"author":1,"featured_media":1668,"parent":0,"menu_order":60,"comment_status":"open","ping_status":"closed","template":"","meta":{"_acf_changed":false,"footnotes":""},"class_list":["post-734","page","type-page","status-publish","has-post-thumbnail","hentry"],"acf":[],"_links":{"self":[{"href":"https:\/\/ramkool.edu.ee\/lasteaed\/wp-json\/wp\/v2\/pages\/734","targetHints":{"allow":["GET"]}}],"collection":[{"href":"https:\/\/ramkool.edu.ee\/lasteaed\/wp-json\/wp\/v2\/pages"}],"about":[{"href":"https:\/\/ramkool.edu.ee\/lasteaed\/wp-json\/wp\/v2\/types\/page"}],"author":[{"embeddable":true,"href":"https:\/\/ramkool.edu.ee\/lasteaed\/wp-json\/wp\/v2\/users\/1"}],"replies":[{"embeddable":true,"href":"https:\/\/ramkool.edu.ee\/lasteaed\/wp-json\/wp\/v2\/comments?post=734"}],"version-history":[{"count":5,"href":"https:\/\/ramkool.edu.ee\/lasteaed\/wp-json\/wp\/v2\/pages\/734\/revisions"}],"predecessor-version":[{"id":3289,"href":"https:\/\/ramkool.edu.ee\/lasteaed\/wp-json\/wp\/v2\/pages\/734\/revisions\/3289"}],"wp:featuredmedia":[{"embeddable":true,"href":"https:\/\/ramkool.edu.ee\/lasteaed\/wp-json\/wp\/v2\/media\/1668"}],"wp:attachment":[{"href":"https:\/\/ramkool.edu.ee\/lasteaed\/wp-json\/wp\/v2\/media?parent=734"}],"curies":[{"name":"wp","href":"https:\/\/api.w.org\/{rel}","templated":true}]}}