{"id":736,"date":"2015-08-24T23:18:01","date_gmt":"2015-08-24T20:18:01","guid":{"rendered":"http:\/\/thelooks.ee\/ram\/?page_id=736"},"modified":"2025-01-16T09:30:15","modified_gmt":"2025-01-16T07:30:15","slug":"oppeaasta","status":"publish","type":"page","link":"https:\/\/ramkool.edu.ee\/lasteaed\/lasteaiaelu\/oppeaasta\/","title":{"rendered":"\u00d5ppeaasta"},"content":{"rendered":"<p>Veskim\u00f6ldre lasteaia p\u00e4evakava on paindlik, kindlustades lastele p\u00e4evar\u00fctmi, kus vahelduvad igap\u00e4evatoimingud, laste vaba tegevus ja t\u00e4iskasvanu planeeritud \u00f5ppetegevused. \u00d5ppeaasta kestab 1.septembrist 31. augustini.<\/p>\n","protected":false},"excerpt":{"rendered":"<p>Veskim\u00f6ldre lasteaia p\u00e4evakava on paindlik, kindlustades lastele<\/p>\n","protected":false},"author":1,"featured_media":1674,"parent":734,"menu_order":10,"comment_status":"open","ping_status":"open","template":"","meta":{"_acf_changed":false,"footnotes":""},"class_list":["post-736","page","type-page","status-publish","has-post-thumbnail","hentry"],"acf":[],"_links":{"self":[{"href":"https:\/\/ramkool.edu.ee\/lasteaed\/wp-json\/wp\/v2\/pages\/736","targetHints":{"allow":["GET"]}}],"collection":[{"href":"https:\/\/ramkool.edu.ee\/lasteaed\/wp-json\/wp\/v2\/pages"}],"about":[{"href":"https:\/\/ramkool.edu.ee\/lasteaed\/wp-json\/wp\/v2\/types\/page"}],"author":[{"embeddable":true,"href":"https:\/\/ramkool.edu.ee\/lasteaed\/wp-json\/wp\/v2\/users\/1"}],"replies":[{"embeddable":true,"href":"https:\/\/ramkool.edu.ee\/lasteaed\/wp-json\/wp\/v2\/comments?post=736"}],"version-history":[{"count":2,"href":"https:\/\/ramkool.edu.ee\/lasteaed\/wp-json\/wp\/v2\/pages\/736\/revisions"}],"predecessor-version":[{"id":1424,"href":"https:\/\/ramkool.edu.ee\/lasteaed\/wp-json\/wp\/v2\/pages\/736\/revisions\/1424"}],"up":[{"embeddable":true,"href":"https:\/\/ramkool.edu.ee\/lasteaed\/wp-json\/wp\/v2\/pages\/734"}],"wp:featuredmedia":[{"embeddable":true,"href":"https:\/\/ramkool.edu.ee\/lasteaed\/wp-json\/wp\/v2\/media\/1674"}],"wp:attachment":[{"href":"https:\/\/ramkool.edu.ee\/lasteaed\/wp-json\/wp\/v2\/media?parent=736"}],"curies":[{"name":"wp","href":"https:\/\/api.w.org\/{rel}","templated":true}]}}