{"id":738,"date":"2015-08-24T23:22:39","date_gmt":"2015-08-24T20:22:39","guid":{"rendered":"http:\/\/thelooks.ee\/ram\/?page_id=738"},"modified":"2026-03-30T13:53:20","modified_gmt":"2026-03-30T10:53:20","slug":"lapsevanemale","status":"publish","type":"page","link":"https:\/\/ramkool.edu.ee\/lasteaed\/vastuvott\/lapsevanemale\/","title":{"rendered":"Hinnakiri"},"content":{"rendered":"<p>Rocca al Mare Kooli Veskim\u00f6ldre Lasteaia \u00f5ppekoha igakuine maksumus 2025\/2026 \u00f5ppeaastal on 890 \u20ac kuus.<\/p>\n<p>Kohatasu vastavalt elukohaj\u00e4rgsele omavalitsusele on:<\/p>\n<ul>\n<li>RAE &#8211; 375\u20ac kuus<\/li>\n<li>TALLINN \u2013 534\u20ac kuus<\/li>\n<li>SAUE VALD (1,5-3 a lapsed) \u2013 189,20\u20ac kuus, mis on 20% kehtivast t\u00f6\u00f6tasu alamm\u00e4\u00e4rast<\/li>\n<li>SAUE VALD ( 3-7 a lapsed) \u2013 730 \u20ac kuus<\/li>\n<li>HARKU (1,5-7 a lapsed) &#8211; 490\u20ac kuus, kui 2 lapsevanemat on valda sisse kirjutatud.\u00a0<\/li>\n<li>HARKU (1,5-7 a lapsed)- 690 \u20ac kuus, kui 1 lapsevanem on valda on sisse kirjutatud\u00a0<\/li>\n<li>KOHILA &#8211; 128,60 \u20ac kuus<\/li>\n<\/ul>\n<p><em>\u00d5ppemaksu summalt on juba maha arvestatud lapse elukohaj\u00e4rgse omavalitsuse toetus.<\/em><\/p>\n<p>Lasteaia toidup\u00e4ev on 4,50 \u20ac vastavalt kohal k\u00e4idud p\u00e4evade arvule.<\/p>\n<ul>\n<li>Tallinna linn toetab lapse toidup\u00e4eva j\u00e4rgnevalt: kuni 3-aastane laps 2,80 \u20ac p\u00e4evas, alates 3 aastaseks saamisest 3,10 \u20ac p\u00e4evas.<\/li>\n<li>Saue vald toetab lapsi, kes on koos m\u00f5lema vanema v\u00f5i \u00fcksikvanemaga jooksva aasta 1. jaanuari seisuga Saue valla elanikud, 0,65 \u20ac<span style=\"font-size: revert;color: initial\">.<\/span><\/li>\n<\/ul>\n\n\n<p><\/p>\n","protected":false},"excerpt":{"rendered":"<p>Rocca al Mare Kooli Veskim\u00f6ldre Lasteaia \u00f5ppekoha<\/p>\n","protected":false},"author":1,"featured_media":0,"parent":789,"menu_order":10,"comment_status":"open","ping_status":"open","template":"newsletter-template.php","meta":{"_acf_changed":false,"footnotes":""},"class_list":["post-738","page","type-page","status-publish","hentry"],"acf":[],"_links":{"self":[{"href":"https:\/\/ramkool.edu.ee\/lasteaed\/wp-json\/wp\/v2\/pages\/738","targetHints":{"allow":["GET"]}}],"collection":[{"href":"https:\/\/ramkool.edu.ee\/lasteaed\/wp-json\/wp\/v2\/pages"}],"about":[{"href":"https:\/\/ramkool.edu.ee\/lasteaed\/wp-json\/wp\/v2\/types\/page"}],"author":[{"embeddable":true,"href":"https:\/\/ramkool.edu.ee\/lasteaed\/wp-json\/wp\/v2\/users\/1"}],"replies":[{"embeddable":true,"href":"https:\/\/ramkool.edu.ee\/lasteaed\/wp-json\/wp\/v2\/comments?post=738"}],"version-history":[{"count":36,"href":"https:\/\/ramkool.edu.ee\/lasteaed\/wp-json\/wp\/v2\/pages\/738\/revisions"}],"predecessor-version":[{"id":5673,"href":"https:\/\/ramkool.edu.ee\/lasteaed\/wp-json\/wp\/v2\/pages\/738\/revisions\/5673"}],"up":[{"embeddable":true,"href":"https:\/\/ramkool.edu.ee\/lasteaed\/wp-json\/wp\/v2\/pages\/789"}],"wp:attachment":[{"href":"https:\/\/ramkool.edu.ee\/lasteaed\/wp-json\/wp\/v2\/media?parent=738"}],"curies":[{"name":"wp","href":"https:\/\/api.w.org\/{rel}","templated":true}]}}