{"id":746,"date":"2015-08-24T23:23:44","date_gmt":"2015-08-24T20:23:44","guid":{"rendered":"http:\/\/thelooks.ee\/ram\/?page_id=746"},"modified":"2015-10-07T18:10:30","modified_gmt":"2015-10-07T15:10:30","slug":"vaartused","status":"publish","type":"page","link":"https:\/\/ramkool.edu.ee\/lasteaed\/meile-tahtis\/vaartused\/","title":{"rendered":"V\u00e4\u00e4rtused"},"content":{"rendered":"<p>RaM Veskim\u00f6ldre Lasteaia t\u00f6\u00f6 aluseks on koos lasteaia loomise m\u00f5ttega kujundatud v\u00e4\u00e4rtuss\u00fcsteem, mis on tervikuna leitav arengu-ja \u00f5ppekavas. Olulisimaks peame hoolivat suhtumist: hindame ja toetame iga lapse omap\u00e4ra ja ise\u00e4rasusi. Laps saab meil olla tema ise, k\u00e4ituda talle omaselt, avaldada oma arvamust.<\/p>\n","protected":false},"excerpt":{"rendered":"<p>RaM Veskim\u00f6ldre Lasteaia t\u00f6\u00f6 aluseks on koos<\/p>\n","protected":false},"author":1,"featured_media":1655,"parent":728,"menu_order":10,"comment_status":"open","ping_status":"open","template":"","meta":{"_acf_changed":false,"footnotes":""},"class_list":["post-746","page","type-page","status-publish","has-post-thumbnail","hentry"],"acf":[],"_links":{"self":[{"href":"https:\/\/ramkool.edu.ee\/lasteaed\/wp-json\/wp\/v2\/pages\/746","targetHints":{"allow":["GET"]}}],"collection":[{"href":"https:\/\/ramkool.edu.ee\/lasteaed\/wp-json\/wp\/v2\/pages"}],"about":[{"href":"https:\/\/ramkool.edu.ee\/lasteaed\/wp-json\/wp\/v2\/types\/page"}],"author":[{"embeddable":true,"href":"https:\/\/ramkool.edu.ee\/lasteaed\/wp-json\/wp\/v2\/users\/1"}],"replies":[{"embeddable":true,"href":"https:\/\/ramkool.edu.ee\/lasteaed\/wp-json\/wp\/v2\/comments?post=746"}],"version-history":[{"count":1,"href":"https:\/\/ramkool.edu.ee\/lasteaed\/wp-json\/wp\/v2\/pages\/746\/revisions"}],"predecessor-version":[{"id":1398,"href":"https:\/\/ramkool.edu.ee\/lasteaed\/wp-json\/wp\/v2\/pages\/746\/revisions\/1398"}],"up":[{"embeddable":true,"href":"https:\/\/ramkool.edu.ee\/lasteaed\/wp-json\/wp\/v2\/pages\/728"}],"wp:featuredmedia":[{"embeddable":true,"href":"https:\/\/ramkool.edu.ee\/lasteaed\/wp-json\/wp\/v2\/media\/1655"}],"wp:attachment":[{"href":"https:\/\/ramkool.edu.ee\/lasteaed\/wp-json\/wp\/v2\/media?parent=746"}],"curies":[{"name":"wp","href":"https:\/\/api.w.org\/{rel}","templated":true}]}}