{"id":748,"date":"2015-08-24T23:23:59","date_gmt":"2015-08-24T20:23:59","guid":{"rendered":"http:\/\/thelooks.ee\/ram\/?page_id=748"},"modified":"2025-01-08T12:37:27","modified_gmt":"2025-01-08T10:37:27","slug":"traditsioonid","status":"publish","type":"page","link":"https:\/\/ramkool.edu.ee\/lasteaed\/meie-maja\/traditsioonid\/","title":{"rendered":"Tavad"},"content":{"rendered":"<p>Meile on oluline eelk\u00f5ige see, miks, mida ja kuidas me teeme &#8211;\u00a0 igal asjal on oma m\u00f5te ja sisu.<\/p>\n<p>Hommikud algavad lasteaias hommikuringi ja -lauluga, esmasp\u00e4evases kogu lasteaia hommikuringis lauldakse ka n\u00e4dala s\u00fcnnip\u00e4evalastele.<br \/>\nMeil on oma s\u00f6\u00f6gilaul, pidudel laulame lasteaia laulu, kevadel esitavad lapsed \u201eKoolimineku r\u00e4pi\u201c.<br \/>\nLasteaia s\u00fcnnip\u00e4eval k\u00f5nnime uhkes rongk\u00e4igus. Tallinna Jaani kirikus toimub detsembri alguses advendikontsert. Meie lapsed osalevad Saue valla lasteaedade iga-aastasel spordi- ja tantsup\u00e4evadel.<\/p>\n","protected":false},"excerpt":{"rendered":"<p>Meile on oluline eelk\u00f5ige see, miks, mida<\/p>\n","protected":false},"author":1,"featured_media":1638,"parent":744,"menu_order":20,"comment_status":"open","ping_status":"open","template":"","meta":{"_acf_changed":false,"footnotes":""},"class_list":["post-748","page","type-page","status-publish","has-post-thumbnail","hentry"],"acf":[],"_links":{"self":[{"href":"https:\/\/ramkool.edu.ee\/lasteaed\/wp-json\/wp\/v2\/pages\/748","targetHints":{"allow":["GET"]}}],"collection":[{"href":"https:\/\/ramkool.edu.ee\/lasteaed\/wp-json\/wp\/v2\/pages"}],"about":[{"href":"https:\/\/ramkool.edu.ee\/lasteaed\/wp-json\/wp\/v2\/types\/page"}],"author":[{"embeddable":true,"href":"https:\/\/ramkool.edu.ee\/lasteaed\/wp-json\/wp\/v2\/users\/1"}],"replies":[{"embeddable":true,"href":"https:\/\/ramkool.edu.ee\/lasteaed\/wp-json\/wp\/v2\/comments?post=748"}],"version-history":[{"count":5,"href":"https:\/\/ramkool.edu.ee\/lasteaed\/wp-json\/wp\/v2\/pages\/748\/revisions"}],"predecessor-version":[{"id":4689,"href":"https:\/\/ramkool.edu.ee\/lasteaed\/wp-json\/wp\/v2\/pages\/748\/revisions\/4689"}],"up":[{"embeddable":true,"href":"https:\/\/ramkool.edu.ee\/lasteaed\/wp-json\/wp\/v2\/pages\/744"}],"wp:featuredmedia":[{"embeddable":true,"href":"https:\/\/ramkool.edu.ee\/lasteaed\/wp-json\/wp\/v2\/media\/1638"}],"wp:attachment":[{"href":"https:\/\/ramkool.edu.ee\/lasteaed\/wp-json\/wp\/v2\/media?parent=748"}],"curies":[{"name":"wp","href":"https:\/\/api.w.org\/{rel}","templated":true}]}}