{"id":752,"date":"2015-08-24T23:24:39","date_gmt":"2015-08-24T20:24:39","guid":{"rendered":"http:\/\/thelooks.ee\/ram\/?page_id=752"},"modified":"2015-10-07T18:49:50","modified_gmt":"2015-10-07T15:49:50","slug":"hommikulaul","status":"publish","type":"page","link":"https:\/\/ramkool.edu.ee\/lasteaed\/meie-maja\/traditsioonid\/hommikulaul\/","title":{"rendered":"Hommikulaul"},"content":{"rendered":"<p>Hommik on k\u00e4es,<br \/>\nm\u00f6\u00f6das on \u00f6\u00f6,<br \/>\nt\u00f5usen ma koos p\u00e4ikesega,<br \/>\ntere uus p\u00e4ev.<\/p>\n","protected":false},"excerpt":{"rendered":"<p>Hommik on k\u00e4es, m\u00f6\u00f6das on \u00f6\u00f6, t\u00f5usen<\/p>\n","protected":false},"author":1,"featured_media":1664,"parent":748,"menu_order":20,"comment_status":"open","ping_status":"open","template":"","meta":{"_acf_changed":false,"footnotes":""},"class_list":["post-752","page","type-page","status-publish","has-post-thumbnail","hentry"],"acf":[],"_links":{"self":[{"href":"https:\/\/ramkool.edu.ee\/lasteaed\/wp-json\/wp\/v2\/pages\/752","targetHints":{"allow":["GET"]}}],"collection":[{"href":"https:\/\/ramkool.edu.ee\/lasteaed\/wp-json\/wp\/v2\/pages"}],"about":[{"href":"https:\/\/ramkool.edu.ee\/lasteaed\/wp-json\/wp\/v2\/types\/page"}],"author":[{"embeddable":true,"href":"https:\/\/ramkool.edu.ee\/lasteaed\/wp-json\/wp\/v2\/users\/1"}],"replies":[{"embeddable":true,"href":"https:\/\/ramkool.edu.ee\/lasteaed\/wp-json\/wp\/v2\/comments?post=752"}],"version-history":[{"count":1,"href":"https:\/\/ramkool.edu.ee\/lasteaed\/wp-json\/wp\/v2\/pages\/752\/revisions"}],"predecessor-version":[{"id":1460,"href":"https:\/\/ramkool.edu.ee\/lasteaed\/wp-json\/wp\/v2\/pages\/752\/revisions\/1460"}],"up":[{"embeddable":true,"href":"https:\/\/ramkool.edu.ee\/lasteaed\/wp-json\/wp\/v2\/pages\/748"}],"wp:featuredmedia":[{"embeddable":true,"href":"https:\/\/ramkool.edu.ee\/lasteaed\/wp-json\/wp\/v2\/media\/1664"}],"wp:attachment":[{"href":"https:\/\/ramkool.edu.ee\/lasteaed\/wp-json\/wp\/v2\/media?parent=752"}],"curies":[{"name":"wp","href":"https:\/\/api.w.org\/{rel}","templated":true}]}}