{"id":754,"date":"2015-08-24T23:24:53","date_gmt":"2015-08-24T20:24:53","guid":{"rendered":"http:\/\/thelooks.ee\/ram\/?page_id=754"},"modified":"2015-10-07T18:50:25","modified_gmt":"2015-10-07T15:50:25","slug":"soogi-alguse-laul","status":"publish","type":"page","link":"https:\/\/ramkool.edu.ee\/lasteaed\/meie-maja\/traditsioonid\/soogi-alguse-laul\/","title":{"rendered":"S\u00f6\u00f6gi alguse laul"},"content":{"rendered":"<p>Kas on linnukesel muret, mis ta s\u00f6\u00f6b ja kus ta saab.<br \/>\nTema loodab looja peale,<br \/>\nt\u00f5stab lauluh\u00e4\u00e4le,<br \/>\nkauni lauluh\u00e4\u00e4le,<br \/>\n\u00fcles taeva poole.<\/p>\n","protected":false},"excerpt":{"rendered":"<p>Kas on linnukesel muret, mis ta s\u00f6\u00f6b<\/p>\n","protected":false},"author":1,"featured_media":1669,"parent":748,"menu_order":30,"comment_status":"open","ping_status":"open","template":"","meta":{"_acf_changed":false,"footnotes":""},"class_list":["post-754","page","type-page","status-publish","has-post-thumbnail","hentry"],"acf":[],"_links":{"self":[{"href":"https:\/\/ramkool.edu.ee\/lasteaed\/wp-json\/wp\/v2\/pages\/754","targetHints":{"allow":["GET"]}}],"collection":[{"href":"https:\/\/ramkool.edu.ee\/lasteaed\/wp-json\/wp\/v2\/pages"}],"about":[{"href":"https:\/\/ramkool.edu.ee\/lasteaed\/wp-json\/wp\/v2\/types\/page"}],"author":[{"embeddable":true,"href":"https:\/\/ramkool.edu.ee\/lasteaed\/wp-json\/wp\/v2\/users\/1"}],"replies":[{"embeddable":true,"href":"https:\/\/ramkool.edu.ee\/lasteaed\/wp-json\/wp\/v2\/comments?post=754"}],"version-history":[{"count":1,"href":"https:\/\/ramkool.edu.ee\/lasteaed\/wp-json\/wp\/v2\/pages\/754\/revisions"}],"predecessor-version":[{"id":1436,"href":"https:\/\/ramkool.edu.ee\/lasteaed\/wp-json\/wp\/v2\/pages\/754\/revisions\/1436"}],"up":[{"embeddable":true,"href":"https:\/\/ramkool.edu.ee\/lasteaed\/wp-json\/wp\/v2\/pages\/748"}],"wp:featuredmedia":[{"embeddable":true,"href":"https:\/\/ramkool.edu.ee\/lasteaed\/wp-json\/wp\/v2\/media\/1669"}],"wp:attachment":[{"href":"https:\/\/ramkool.edu.ee\/lasteaed\/wp-json\/wp\/v2\/media?parent=754"}],"curies":[{"name":"wp","href":"https:\/\/api.w.org\/{rel}","templated":true}]}}