{"id":760,"date":"2015-08-24T23:25:43","date_gmt":"2015-08-24T20:25:43","guid":{"rendered":"http:\/\/thelooks.ee\/ram\/?page_id=760"},"modified":"2024-07-12T11:51:02","modified_gmt":"2024-07-12T08:51:02","slug":"lasteaia-raamat","status":"publish","type":"page","link":"https:\/\/ramkool.edu.ee\/lasteaed\/meie-maja\/traditsioonid\/lasteaia-raamat\/","title":{"rendered":"Lasteaia l\u00f5petamise raamat"},"content":{"rendered":"<p>Esimene lasteaia-raamat ilmus 2007-2008 \u00f5ppeaastal. Seda hakkasid koostama eelkoolir\u00fchma lapsevanemad, et \u00f6elda lasteaiale t\u00e4nu ja n\u00e4gemist kooli minevate laste ja nende vanemate nimel.<\/p>\n<p>Raamat on l\u00f5bus tagasivaade lasteaias veedetud ajale, r\u00fchmakaaslastele ja \u00f5petajatele, kuid siit saab lugeda ka laste tulevikum\u00f5tteid ja \u2013soove, nagu \u201cmulle meeldib m\u00e4ngimine ja muusika\u201c, \u201ealguses olen natuke h\u00e4belik, aga ka r\u00f5\u00f5mus, tark ja lahke\u201c, \u201ema ei oska valida kelleks saada, sest nii palju vahvaid ameteid on. V\u00f5ib olla saab minust leiutaja.\u201c<\/p>\n<p>&nbsp;<\/p>\n","protected":false},"excerpt":{"rendered":"<p>Esimene lasteaia-raamat ilmus 2007-2008 \u00f5ppeaastal. Seda hakkasid<\/p>\n","protected":false},"author":1,"featured_media":1649,"parent":748,"menu_order":60,"comment_status":"open","ping_status":"open","template":"","meta":{"_acf_changed":false,"footnotes":""},"class_list":["post-760","page","type-page","status-publish","has-post-thumbnail","hentry"],"acf":[],"_links":{"self":[{"href":"https:\/\/ramkool.edu.ee\/lasteaed\/wp-json\/wp\/v2\/pages\/760","targetHints":{"allow":["GET"]}}],"collection":[{"href":"https:\/\/ramkool.edu.ee\/lasteaed\/wp-json\/wp\/v2\/pages"}],"about":[{"href":"https:\/\/ramkool.edu.ee\/lasteaed\/wp-json\/wp\/v2\/types\/page"}],"author":[{"embeddable":true,"href":"https:\/\/ramkool.edu.ee\/lasteaed\/wp-json\/wp\/v2\/users\/1"}],"replies":[{"embeddable":true,"href":"https:\/\/ramkool.edu.ee\/lasteaed\/wp-json\/wp\/v2\/comments?post=760"}],"version-history":[{"count":6,"href":"https:\/\/ramkool.edu.ee\/lasteaed\/wp-json\/wp\/v2\/pages\/760\/revisions"}],"predecessor-version":[{"id":4692,"href":"https:\/\/ramkool.edu.ee\/lasteaed\/wp-json\/wp\/v2\/pages\/760\/revisions\/4692"}],"up":[{"embeddable":true,"href":"https:\/\/ramkool.edu.ee\/lasteaed\/wp-json\/wp\/v2\/pages\/748"}],"wp:featuredmedia":[{"embeddable":true,"href":"https:\/\/ramkool.edu.ee\/lasteaed\/wp-json\/wp\/v2\/media\/1649"}],"wp:attachment":[{"href":"https:\/\/ramkool.edu.ee\/lasteaed\/wp-json\/wp\/v2\/media?parent=760"}],"curies":[{"name":"wp","href":"https:\/\/api.w.org\/{rel}","templated":true}]}}