{"id":772,"date":"2015-08-24T23:27:43","date_gmt":"2015-08-24T20:27:43","guid":{"rendered":"http:\/\/thelooks.ee\/ram\/?page_id=772"},"modified":"2025-11-20T15:43:50","modified_gmt":"2025-11-20T13:43:50","slug":"tokiloti","status":"publish","type":"page","link":"https:\/\/ramkool.edu.ee\/lasteaed\/ruhmad\/tokiloti\/","title":{"rendered":"TokiLoti"},"content":{"rendered":"<p align=\"left\">TokiLoti r\u00fchm on hoiur\u00fchm, kus enamik lapsi on 1-2 aastased.<br \/>Tokiloti r\u00fchma \u00f5petaja on Kaidi ja abi\u00f5petajad on Ene ja Mari.<\/p>\n<p>\u00d5ppet\u00f6\u00f6 toimub projekt\u00f5ppe vormis.<\/p>\n<p>\u00d5ppet\u00f6\u00f6 vaheajad kattuvad Rocca al Mare Kooli vaheaegadega.\u00a0 Suvekuudel puhkame ja keskendume m\u00e4ngimisele ja teeman\u00e4dalatele.<\/p>\n<p><strong>P\u00c4EVAKAVA<\/strong><br \/>7.30-8.30 kogunemine ja vaba m\u00e4ng<br \/>8.30-9.00 hommikus\u00f6\u00f6k<br \/>9.00-9.15 hommikuring<br \/>9.30-10.30 tegevused ja vaba m\u00e4ng<br \/>10.30-12.00 \u00f5ueaeg<br \/>12.30-13.00 l\u00f5unas\u00f6\u00f6k<br \/>13.00-15.00 puhkeaeg<br \/>15.30-16.00 \u00f5htuoode<br \/>15.00-18.00 vaba m\u00e4ng, huviringid, \u00f5ueaeg<\/p>\n<p align=\"left\"><strong>KONTAKT<\/strong><\/p>\n<p align=\"left\">kaidi.pahna@ramlasteaed.ee<br \/>ene.nurmsalu@ramlastead.ee<br \/>mari.pahnapuu@ramlasteaed.ee<\/p>\n<p>TokiLoti r\u00fchma telefon 575 60011<\/p>\n\n\n<p><\/p>\n","protected":false},"excerpt":{"rendered":"<p>TokiLoti r\u00fchm on hoiur\u00fchm, kus enamik lapsi<\/p>\n","protected":false},"author":1,"featured_media":4217,"parent":768,"menu_order":40,"comment_status":"open","ping_status":"open","template":"","meta":{"_acf_changed":false,"footnotes":""},"class_list":["post-772","page","type-page","status-publish","has-post-thumbnail","hentry"],"acf":[],"_links":{"self":[{"href":"https:\/\/ramkool.edu.ee\/lasteaed\/wp-json\/wp\/v2\/pages\/772","targetHints":{"allow":["GET"]}}],"collection":[{"href":"https:\/\/ramkool.edu.ee\/lasteaed\/wp-json\/wp\/v2\/pages"}],"about":[{"href":"https:\/\/ramkool.edu.ee\/lasteaed\/wp-json\/wp\/v2\/types\/page"}],"author":[{"embeddable":true,"href":"https:\/\/ramkool.edu.ee\/lasteaed\/wp-json\/wp\/v2\/users\/1"}],"replies":[{"embeddable":true,"href":"https:\/\/ramkool.edu.ee\/lasteaed\/wp-json\/wp\/v2\/comments?post=772"}],"version-history":[{"count":47,"href":"https:\/\/ramkool.edu.ee\/lasteaed\/wp-json\/wp\/v2\/pages\/772\/revisions"}],"predecessor-version":[{"id":5484,"href":"https:\/\/ramkool.edu.ee\/lasteaed\/wp-json\/wp\/v2\/pages\/772\/revisions\/5484"}],"up":[{"embeddable":true,"href":"https:\/\/ramkool.edu.ee\/lasteaed\/wp-json\/wp\/v2\/pages\/768"}],"wp:featuredmedia":[{"embeddable":true,"href":"https:\/\/ramkool.edu.ee\/lasteaed\/wp-json\/wp\/v2\/media\/4217"}],"wp:attachment":[{"href":"https:\/\/ramkool.edu.ee\/lasteaed\/wp-json\/wp\/v2\/media?parent=772"}],"curies":[{"name":"wp","href":"https:\/\/api.w.org\/{rel}","templated":true}]}}