{"id":774,"date":"2015-08-24T23:28:02","date_gmt":"2015-08-24T20:28:02","guid":{"rendered":"http:\/\/thelooks.ee\/ram\/?page_id=774"},"modified":"2025-11-20T15:44:53","modified_gmt":"2025-11-20T13:44:53","slug":"elevants","status":"publish","type":"page","link":"https:\/\/ramkool.edu.ee\/lasteaed\/ruhmad\/elevants\/","title":{"rendered":"EleVants"},"content":{"rendered":"<p align=\"left\">EleVantsi r\u00fchm on liitr\u00fchm, kus enamik lapsi on 4 aastased.<\/p>\n<p align=\"left\">EleVantsi r\u00fchma \u00f5petaja on Eveli ning abi\u00f5petajad Anete ja Liia.<\/p>\n<p>\u00d5ppet\u00f6\u00f6 toimub projekt\u00f5ppe vormis.<\/p>\n<p>\u00d5ppet\u00f6\u00f6 vaheajad kattuvad Rocca al Mare Kooli vaheaegadega.\u00a0 Suvekuudel puhkame ja keskendume m\u00e4ngimisele ja teeman\u00e4dalatele.<\/p>\n<p><strong>P\u00c4EVAKAVA<\/strong><br \/>\n7.30 \u2013 8.30 kogunemine ja vaba m\u00e4ng<br \/>\n8.30 \u2013 9.00 hommikus\u00f6\u00f6k<br \/>\n9.00 \u2013 9.15 hommikuring<br \/>\n9.15 \u2013 11.00 tegevused ja vaba m\u00e4ng<br \/>\n10.45 \u201312.00 \u00f5ueaeg<br \/>\n12.15 \u2013 12.45 l\u00f5unas\u00f6\u00f6k<br \/>\n12.45-13.00 ettevalmistused l\u00f5unauneks<br \/>\n13.00 \u2013 13.15 lastekirjanduse ettelugemine<br \/>\n13.15 -15.00 puhkeaeg<br \/>\n15.00\u00a0 \u2013 17.00 huvitegevused<br \/>\n15.30 \u2013 16.00 \u00f5htus\u00f6\u00f6k<br \/>\n16.30 \u2013 18.00 vaba m\u00e4ng, planeeritud m\u00e4ng, \u00f5ues m\u00e4nguaeg<\/p>\n<p><strong>KONTAKT<br \/>\n<\/strong>eveli.poldme@ramlasteaed.ee<br \/>\nanete.tirkkonen@ramlasteaed.ee<br \/>\nliia.loo@ramlasteaed.ee<\/p>\n<p>EleVantsi r\u00fchma telefon 575 60013<\/p>\n<p align=\"left\">\n","protected":false},"excerpt":{"rendered":"<p>EleVantsi r\u00fchm on liitr\u00fchm, kus enamik lapsi<\/p>\n","protected":false},"author":1,"featured_media":4299,"parent":768,"menu_order":20,"comment_status":"open","ping_status":"open","template":"","meta":{"_acf_changed":false,"footnotes":""},"class_list":["post-774","page","type-page","status-publish","has-post-thumbnail","hentry"],"acf":[],"_links":{"self":[{"href":"https:\/\/ramkool.edu.ee\/lasteaed\/wp-json\/wp\/v2\/pages\/774","targetHints":{"allow":["GET"]}}],"collection":[{"href":"https:\/\/ramkool.edu.ee\/lasteaed\/wp-json\/wp\/v2\/pages"}],"about":[{"href":"https:\/\/ramkool.edu.ee\/lasteaed\/wp-json\/wp\/v2\/types\/page"}],"author":[{"embeddable":true,"href":"https:\/\/ramkool.edu.ee\/lasteaed\/wp-json\/wp\/v2\/users\/1"}],"replies":[{"embeddable":true,"href":"https:\/\/ramkool.edu.ee\/lasteaed\/wp-json\/wp\/v2\/comments?post=774"}],"version-history":[{"count":49,"href":"https:\/\/ramkool.edu.ee\/lasteaed\/wp-json\/wp\/v2\/pages\/774\/revisions"}],"predecessor-version":[{"id":5485,"href":"https:\/\/ramkool.edu.ee\/lasteaed\/wp-json\/wp\/v2\/pages\/774\/revisions\/5485"}],"up":[{"embeddable":true,"href":"https:\/\/ramkool.edu.ee\/lasteaed\/wp-json\/wp\/v2\/pages\/768"}],"wp:featuredmedia":[{"embeddable":true,"href":"https:\/\/ramkool.edu.ee\/lasteaed\/wp-json\/wp\/v2\/media\/4299"}],"wp:attachment":[{"href":"https:\/\/ramkool.edu.ee\/lasteaed\/wp-json\/wp\/v2\/media?parent=774"}],"curies":[{"name":"wp","href":"https:\/\/api.w.org\/{rel}","templated":true}]}}