{"id":776,"date":"2015-08-24T23:28:20","date_gmt":"2015-08-24T20:28:20","guid":{"rendered":"http:\/\/thelooks.ee\/ram\/?page_id=776"},"modified":"2025-11-20T15:14:50","modified_gmt":"2025-11-20T13:14:50","slug":"segasumma","status":"publish","type":"page","link":"https:\/\/ramkool.edu.ee\/lasteaed\/ruhmad\/segasumma\/","title":{"rendered":"SegaSumma"},"content":{"rendered":"<p>SegaSumma r\u00fchm on aiar\u00fchm, kus enamik lapsi on 5-7 aastased.<\/p>\n<p>R\u00fchmas t\u00f6\u00f6tavad \u00f5petajad Heliis, Helen, Piret ning abi\u00f5petaja Andra.<\/p>\n<p>\u00d5ppet\u00f6\u00f6 toimub projekt\u00f5ppe vormis.<\/p>\n<p>\u00d5ppet\u00f6\u00f6 vaheajad kattuvad Rocca al Mare Kooli vaheaegadega.\u00a0 Suvekuudel puhkame ja keskendume m\u00e4ngimisele ja teeman\u00e4dalatele.<\/p>\n<p><strong>P\u00c4EVAKAVA<\/strong><br \/>\n7.30 \u2013 8.30 kogunemine ja vaba m\u00e4ng<br \/>\n8.30 \u2013 9.00 hommikus\u00f6\u00f6k<br \/>\n9.00 \u2013 9.15 hommikuring<br \/>\n9.15 \u2013 11.00 tegevused ja vaba m\u00e4ng<br \/>\n11.00 \u201312.15 \u00f5ueaeg<br \/>\n12.30 \u2013 13.00 l\u00f5unas\u00f6\u00f6k<br \/>\n13.00 \u2013 13.30 lastekirjanduse ettelugemine<br \/>\n13.30 -15.00 puhkeaeg<br \/>\n15.30 &#8211; 16.00 \u00f5htuoode<br \/>\n16.30 \u2013 17.30 vaba m\u00e4ng, planeeritud m\u00e4ng r\u00fchmas ja \u00f5ues<br \/>\n17.30-18.00 vaba m\u00e4ng valver\u00fchmas<\/p>\n<p><strong>KONTAKT<br \/>\n<\/strong>heliis.juksar@ramlasteaed.ee<br \/>\nhelen.lepanurm@ramlasteaed.ee<br \/>\npiret.hansen@ramlasteaed.ee<br \/>\nandra.tamm@ramlasteaed.ee<\/p>\n<p>SegaSumma r\u00fchma telefon 575 60014<\/p>\n","protected":false},"excerpt":{"rendered":"<p>SegaSumma r\u00fchm on aiar\u00fchm, kus enamik lapsi<\/p>\n","protected":false},"author":1,"featured_media":3088,"parent":768,"menu_order":30,"comment_status":"open","ping_status":"open","template":"","meta":{"_acf_changed":false,"footnotes":""},"class_list":["post-776","page","type-page","status-publish","has-post-thumbnail","hentry"],"acf":[],"_links":{"self":[{"href":"https:\/\/ramkool.edu.ee\/lasteaed\/wp-json\/wp\/v2\/pages\/776","targetHints":{"allow":["GET"]}}],"collection":[{"href":"https:\/\/ramkool.edu.ee\/lasteaed\/wp-json\/wp\/v2\/pages"}],"about":[{"href":"https:\/\/ramkool.edu.ee\/lasteaed\/wp-json\/wp\/v2\/types\/page"}],"author":[{"embeddable":true,"href":"https:\/\/ramkool.edu.ee\/lasteaed\/wp-json\/wp\/v2\/users\/1"}],"replies":[{"embeddable":true,"href":"https:\/\/ramkool.edu.ee\/lasteaed\/wp-json\/wp\/v2\/comments?post=776"}],"version-history":[{"count":49,"href":"https:\/\/ramkool.edu.ee\/lasteaed\/wp-json\/wp\/v2\/pages\/776\/revisions"}],"predecessor-version":[{"id":5483,"href":"https:\/\/ramkool.edu.ee\/lasteaed\/wp-json\/wp\/v2\/pages\/776\/revisions\/5483"}],"up":[{"embeddable":true,"href":"https:\/\/ramkool.edu.ee\/lasteaed\/wp-json\/wp\/v2\/pages\/768"}],"wp:featuredmedia":[{"embeddable":true,"href":"https:\/\/ramkool.edu.ee\/lasteaed\/wp-json\/wp\/v2\/media\/3088"}],"wp:attachment":[{"href":"https:\/\/ramkool.edu.ee\/lasteaed\/wp-json\/wp\/v2\/media?parent=776"}],"curies":[{"name":"wp","href":"https:\/\/api.w.org\/{rel}","templated":true}]}}