{"id":783,"date":"2015-08-24T23:29:12","date_gmt":"2015-08-24T20:29:12","guid":{"rendered":"http:\/\/thelooks.ee\/ram\/?page_id=783"},"modified":"2025-12-30T12:40:18","modified_gmt":"2025-12-30T10:40:18","slug":"arengukava","status":"publish","type":"page","link":"https:\/\/ramkool.edu.ee\/lasteaed\/meile-tahtis\/arengukava\/","title":{"rendered":"Arengukava"},"content":{"rendered":"<h2><strong>\u00a0<\/strong><\/h2>\n<p><strong>Missioon<\/strong><\/p>\n<p>M\u00e4rgata ja uskuda imesid meie sees ja meie \u00fcmber<\/p>\n<p><strong><br \/>Visioon<\/strong><\/p>\n<p>Imed s\u00fcnnivad igal hetkel meis ja meie \u00fcmber.<\/p>\n<p>Tahame olla lapsele saatjaks tema kasvamisel ja toetajad tema arengus, luues keskkonna,<\/p>\n<p><strong>kus laps <\/strong><\/p>\n<p>on alati oodatud ja armastatud<\/p>\n<p>saab areneda just talle omases suunas<\/p>\n<p>saab loovalt ja julgelt m\u00f5elda ja tegutseda<\/p>\n<p><strong>kus \u00f5petaja<\/strong><\/p>\n<p>on alati oodatud ja armastatud<\/p>\n<p>saab v\u00f5imaluse enese teostuseks ja arenguks<\/p>\n<p>saab loovalt ja julgelt m\u00f5elda ja tegutseda<\/p>\n<p><strong>kus lapsevanem<\/strong><\/p>\n<p>on alati oodatud<\/p>\n<p>saab professionaalset n\u00f5u lapse kasvatamisel<\/p>\n<p>leiab toetust ja m\u00f5istmist.<\/p>\n<p><strong>V\u00e4\u00e4rtused<\/strong><\/p>\n<p>Inimese v\u00e4\u00e4rtushinnangud kujunevad eesk\u00e4tt\u00a0kodus ja perekonnas.<\/p>\n<p>Usume, et selleks, et laps saaks talle omasel viisil kasvada ja areneda t\u00e4isv\u00e4\u00e4rtuslikuks \u00fchiskonna liikmeks, vajab ta keskkonda, mis toetub olulistele v\u00e4\u00e4rtustele, mida kannavad endas teda \u00fcmbritsevad inimesed.<\/p>\n<p><strong>MEIE V\u00c4\u00c4RTUSTAME:<\/strong><\/p>\n<p><strong><em>ARMASTUST<\/em><\/strong><\/p>\n<p>Armastus on meie jaoks see, millest k\u00f5ik alguse saab. Vaid armastusest l\u00e4htuvad m\u00f5tted, s\u00f5nad ja teod panevad aluse lapse kujunemisele armastavaks inimeseks.<\/p>\n<p><strong><em>AUSUST<\/em><\/strong><\/p>\n<p>Ausus nii enda kui teiste vastu, siirus ja otsekohesus, oskus oma tundeid v\u00e4ljendada, \u00f5iglus ja erapooletus probleemide lahendamisel on aluseks lapse kujunemisele ausaks inimeseks.<\/p>\n<p><strong><em>USALDUST<\/em><\/strong><\/p>\n<p>Usalduslikud, l\u00e4hedased ja toetavad suhted laste, \u00f5petajate ja lapsevanemate vahel loovad kindlustunde, mis on aluseks lapse kujunemisele usaldavaks\u00a0 inimeseks.<\/p>\n<p><strong><em>VABADUST JA VASTUTUST<\/em><\/strong><\/p>\n<p>Vabaduse ja vastutuse, tahte ja kohustuse tasakaal on oluline juba lapsep\u00f5lves. Vastutus- ja kohusetunne, s\u00f5napidamine, valikuvabadus ja \u00f5igus oma arvamusele on aluseks lapse kujunemisele vabadust v\u00e4\u00e4rtustavaks, vastutustundlikuks inimeseks.<\/p>\n<p><strong><em>\u00d5PPIMIST<\/em><\/strong><\/p>\n<p>\u00d5ppimine on vastastikune teadmiste ja kogemuste vahetamise protsess, mille aluseks on teadmis- ja uudishimu.<\/p>\n<p>Koos ja \u00fcksteiselt \u00f5ppimine, teadmiste ja vaimukultuuri v\u00e4\u00e4rtustamine on aluseks lapse kujunemisele haridust v\u00e4\u00e4rtustavaks inimeseks.<\/p>\n<p><strong><em>LOOVUST JA LOOMINGULISUST<\/em><\/strong><\/p>\n<p>Loovuse ja loomingulisuse v\u00e4ljendumise eelduseks on avatud ja hinnangutevaba keskkond, mis toetab m\u00f5tteerksust, julgust, uudishimu ja andeid.<\/p>\n<p>Loominguline vabadus on aluseks lapse kujunemisele loovaks, rikka sisemaailma ja avara silmaringiga inimeseks.<\/p>\n<p><strong>Eesm\u00e4rgid<\/strong><\/p>\n<p>Meie eesm\u00e4rgiks on:<\/p>\n<p><strong>luua keskkond, mis\u00a0<\/strong><\/p>\n<ul>\n<li>soodustab lapse arengut terveks, loovaks, isikup\u00e4raseks, teiste ja \u00fcmbritsevaga arvestavaks \u00f5nnelikuks inimeseks<\/li>\n<li>toetab last uute teadmiste ja oskuste omandamisel<\/li>\n<\/ul>\n<p><strong>luua keskkond, mis<\/strong><\/p>\n<ul>\n<li>soodustab \u00f5petaja loomingulisust, isiksuslikku arengut ja valmisolekut koost\u00f6\u00f6ks<\/li>\n<li>toetab \u00f5petaja professionaalset arengut ja eneseteostust<\/li>\n<\/ul>\n<p><strong>luua keskkond, mis <\/strong><\/p>\n<ul>\n<li>soodustab lapsevanemate ja lasteaia koost\u00f6\u00f6d<\/li>\n<li>toetab kodust kasvatust.<\/li>\n<\/ul>\n<p>Arengukava tervikuna avaneb all olevalt lingilt<\/p>\n<div class=\"freetext\">\n<p><a href=\"https:\/\/ramkool.edu.ee\/lasteaed\/wp-content\/uploads\/sites\/3\/2025\/12\/ARENGUKAVA-2023-2026.pdf\">Arengukava 2023-2026<\/a><\/p>\n<\/div>\n<div class=\"files\">\u00a0<\/div>\n\n\n<p><\/p>\n","protected":false},"excerpt":{"rendered":"<p>\u00a0 Missioon M\u00e4rgata ja uskuda imesid meie<\/p>\n","protected":false},"author":1,"featured_media":1671,"parent":728,"menu_order":30,"comment_status":"open","ping_status":"open","template":"","meta":{"_acf_changed":false,"footnotes":""},"class_list":["post-783","page","type-page","status-publish","has-post-thumbnail","hentry"],"acf":[],"_links":{"self":[{"href":"https:\/\/ramkool.edu.ee\/lasteaed\/wp-json\/wp\/v2\/pages\/783","targetHints":{"allow":["GET"]}}],"collection":[{"href":"https:\/\/ramkool.edu.ee\/lasteaed\/wp-json\/wp\/v2\/pages"}],"about":[{"href":"https:\/\/ramkool.edu.ee\/lasteaed\/wp-json\/wp\/v2\/types\/page"}],"author":[{"embeddable":true,"href":"https:\/\/ramkool.edu.ee\/lasteaed\/wp-json\/wp\/v2\/users\/1"}],"replies":[{"embeddable":true,"href":"https:\/\/ramkool.edu.ee\/lasteaed\/wp-json\/wp\/v2\/comments?post=783"}],"version-history":[{"count":11,"href":"https:\/\/ramkool.edu.ee\/lasteaed\/wp-json\/wp\/v2\/pages\/783\/revisions"}],"predecessor-version":[{"id":5590,"href":"https:\/\/ramkool.edu.ee\/lasteaed\/wp-json\/wp\/v2\/pages\/783\/revisions\/5590"}],"up":[{"embeddable":true,"href":"https:\/\/ramkool.edu.ee\/lasteaed\/wp-json\/wp\/v2\/pages\/728"}],"wp:featuredmedia":[{"embeddable":true,"href":"https:\/\/ramkool.edu.ee\/lasteaed\/wp-json\/wp\/v2\/media\/1671"}],"wp:attachment":[{"href":"https:\/\/ramkool.edu.ee\/lasteaed\/wp-json\/wp\/v2\/media?parent=783"}],"curies":[{"name":"wp","href":"https:\/\/api.w.org\/{rel}","templated":true}]}}