{"id":789,"date":"2015-08-24T23:30:11","date_gmt":"2015-08-24T20:30:11","guid":{"rendered":"http:\/\/thelooks.ee\/ram\/?page_id=789"},"modified":"2023-05-09T16:10:24","modified_gmt":"2023-05-09T13:10:24","slug":"vastuvott","status":"publish","type":"page","link":"https:\/\/ramkool.edu.ee\/lasteaed\/vastuvott\/","title":{"rendered":"Vastuv\u00f5tt"},"content":{"rendered":"<p>Veskim\u00f6ldre Lasteaed on osa Rocca al Mare Kooli perest. Meie missioon, visioon ja v\u00e4\u00e4rtused on ideeliselt sarnased, p\u00fcrgides samade sihtide suunas.<\/p>\n","protected":false},"excerpt":{"rendered":"<p>Veskim\u00f6ldre Lasteaed on osa Rocca al Mare<\/p>\n","protected":false},"author":1,"featured_media":3082,"parent":0,"menu_order":70,"comment_status":"open","ping_status":"closed","template":"","meta":{"_acf_changed":false,"footnotes":""},"class_list":["post-789","page","type-page","status-publish","has-post-thumbnail","hentry"],"acf":[],"_links":{"self":[{"href":"https:\/\/ramkool.edu.ee\/lasteaed\/wp-json\/wp\/v2\/pages\/789","targetHints":{"allow":["GET"]}}],"collection":[{"href":"https:\/\/ramkool.edu.ee\/lasteaed\/wp-json\/wp\/v2\/pages"}],"about":[{"href":"https:\/\/ramkool.edu.ee\/lasteaed\/wp-json\/wp\/v2\/types\/page"}],"author":[{"embeddable":true,"href":"https:\/\/ramkool.edu.ee\/lasteaed\/wp-json\/wp\/v2\/users\/1"}],"replies":[{"embeddable":true,"href":"https:\/\/ramkool.edu.ee\/lasteaed\/wp-json\/wp\/v2\/comments?post=789"}],"version-history":[{"count":42,"href":"https:\/\/ramkool.edu.ee\/lasteaed\/wp-json\/wp\/v2\/pages\/789\/revisions"}],"predecessor-version":[{"id":4476,"href":"https:\/\/ramkool.edu.ee\/lasteaed\/wp-json\/wp\/v2\/pages\/789\/revisions\/4476"}],"wp:featuredmedia":[{"embeddable":true,"href":"https:\/\/ramkool.edu.ee\/lasteaed\/wp-json\/wp\/v2\/media\/3082"}],"wp:attachment":[{"href":"https:\/\/ramkool.edu.ee\/lasteaed\/wp-json\/wp\/v2\/media?parent=789"}],"curies":[{"name":"wp","href":"https:\/\/api.w.org\/{rel}","templated":true}]}}