{"id":1430,"date":"2015-09-29T10:46:53","date_gmt":"2015-09-29T09:46:53","guid":{"rendered":"http:\/\/ramkool.edu.ee\/site\/eelkool\/?page_id=1430"},"modified":"2026-03-26T16:51:33","modified_gmt":"2026-03-26T14:51:33","slug":"vatuvott","status":"publish","type":"page","link":"https:\/\/ramkool.edu.ee\/lastekool\/beebikool\/vatuvott\/","title":{"rendered":"Registreerimine 2026\/2027"},"content":{"rendered":"<p><strong>2026\/2027 \u00f5ppeaastal ootame beebikooli lapsi, kes on s\u00fcndinud oktoober 2024 \u2013 aprill 2026.<\/strong><\/p>\n<p>R\u00fchmade komplekteerimisel l\u00e4htume registreerimise j\u00e4rjekorrast, laste vanusest, samuti ka lapsevanemate ajalistest eelistustest ning soovist, et \u00f5ed-vennad ja s\u00f5brad saaksid olla \u00fches r\u00fchmas. Registreerimiseks on vaja t\u00e4ita <span style=\"color: #000000\"><strong><a href=\"https:\/\/piksel.ee\/arno\/ramkool\/avaleht\/?\"><span style=\"color: #0000ff\">ANKEET<\/span><\/a>.\u00a0<\/strong><\/span> <strong>Registreerimisel valige kindlasti 2026\/2027 \u00f5ppeaasta.<\/strong> Registreerimine kestab vabade kohtade olemasoluni.<\/p>\n<p>Kui Teile sobivas r\u00fchmas ei ole vaba kohta, saate panna oma lapse ootenimekirja. Kui keegi loobub kohast, v\u00f5tame \u00fchendust ootenimekirjas olevate peredega.<\/p>\n<p><strong>Tunnid toimuvad eelkooli majas, aadressil Lesta 14.<\/strong><br \/>\n<strong>T\u00e4psem info eelkool@ramkool.edu.ee, piia.varav@ramkool.edu.ee\u00a0<\/strong><\/p>\n","protected":false},"excerpt":{"rendered":"<p>2026\/2027 \u00f5ppeaastal ootame beebikooli lapsi, kes on<\/p>\n","protected":false},"author":5,"featured_media":3361,"parent":690,"menu_order":60,"comment_status":"closed","ping_status":"closed","template":"gallery-template.php","meta":{"_acf_changed":false,"footnotes":""},"class_list":["post-1430","page","type-page","status-publish","has-post-thumbnail","hentry"],"acf":[],"_links":{"self":[{"href":"https:\/\/ramkool.edu.ee\/lastekool\/wp-json\/wp\/v2\/pages\/1430","targetHints":{"allow":["GET"]}}],"collection":[{"href":"https:\/\/ramkool.edu.ee\/lastekool\/wp-json\/wp\/v2\/pages"}],"about":[{"href":"https:\/\/ramkool.edu.ee\/lastekool\/wp-json\/wp\/v2\/types\/page"}],"author":[{"embeddable":true,"href":"https:\/\/ramkool.edu.ee\/lastekool\/wp-json\/wp\/v2\/users\/5"}],"replies":[{"embeddable":true,"href":"https:\/\/ramkool.edu.ee\/lastekool\/wp-json\/wp\/v2\/comments?post=1430"}],"version-history":[{"count":121,"href":"https:\/\/ramkool.edu.ee\/lastekool\/wp-json\/wp\/v2\/pages\/1430\/revisions"}],"predecessor-version":[{"id":5047,"href":"https:\/\/ramkool.edu.ee\/lastekool\/wp-json\/wp\/v2\/pages\/1430\/revisions\/5047"}],"up":[{"embeddable":true,"href":"https:\/\/ramkool.edu.ee\/lastekool\/wp-json\/wp\/v2\/pages\/690"}],"wp:featuredmedia":[{"embeddable":true,"href":"https:\/\/ramkool.edu.ee\/lastekool\/wp-json\/wp\/v2\/media\/3361"}],"wp:attachment":[{"href":"https:\/\/ramkool.edu.ee\/lastekool\/wp-json\/wp\/v2\/media?parent=1430"}],"curies":[{"name":"wp","href":"https:\/\/api.w.org\/{rel}","templated":true}]}}