{"id":4387,"date":"2024-03-13T08:46:31","date_gmt":"2024-03-13T06:46:31","guid":{"rendered":"https:\/\/ramkool.edu.ee\/eelkool\/?page_id=4387"},"modified":"2026-03-27T18:58:03","modified_gmt":"2026-03-27T16:58:03","slug":"muu-kodukeelega-lapsed","status":"publish","type":"page","link":"https:\/\/ramkool.edu.ee\/lastekool\/pohimotted\/muu-kodukeelega-lapsed\/","title":{"rendered":"Muu kodukeelega lapsed"},"content":{"rendered":"\n<p><\/p>\n\n\n\n<p><strong>2026\/2027 \u00f5ppeaastal ootame muu kodukeelega r\u00fchma lapsi, kes on s\u00fcndinud oktoober 2018 \u2013 september 2022.<\/strong><\/p>\n\n\n\n<p><\/p>\n\n\n\n<p><strong>R\u00fchm lastele, kelle emakeel ei ole eesti keel<\/strong><br>Tunnid toimuvad Rocca al Mare Kooli lastekooli koolimajas, Lesta 14.<br>R\u00fchmas kuni 8 last<\/p>\n\n\n\n<div class=\"wp-block-group is-nowrap is-layout-flex wp-container-core-group-is-layout-6c531013 wp-block-group-is-layout-flex\">\n<div class=\"wp-block-columns is-layout-flex wp-container-core-columns-is-layout-28f84493 wp-block-columns-is-layout-flex\">\n<div class=\"wp-block-column is-layout-flow wp-block-column-is-layout-flow\" style=\"flex-basis:100%\">\n<figure class=\"wp-block-table\"><table><tbody><tr><td>P\u00e4ev<\/td><td>Kellaaeg<\/td><td>Hind<\/td><\/tr><tr><td>Neljap\u00e4ev<\/td><td>14.30-16.15<\/td><td>115 \u20ac<\/td><\/tr><\/tbody><\/table><\/figure>\n<\/div>\n<\/div>\n<\/div>\n\n\n\n<p><\/p>\n\n\n\n<p><\/p>\n\n\n\n<p><strong>Muu kodukeelega laste r\u00fchm on m\u00f5eldud nendele lastele, kes vajavad eesti keele lisa\u00f5pet.<\/strong><br>Lapses\u00f5bralikus keskkonnas saab arendavate ja p\u00f5nevate tegevuste kaudu tekitada huvi eesti keele vastu, harjutada eesti keele kuulamist ja r\u00e4\u00e4kimist.<br>\u00d5ppimine vaheldub k\u00e4elise tegevuse ja m\u00e4ngimisega ning seda k\u00f5ike tehakse eesti keeles.<br>Tunnis kasutatakse keelek\u00fcmblusmeetodit.<\/p>\n\n\n\n<p><\/p>\n\n\n\n<p>Registreerimiseks on vaja t\u00e4ita\u00a0<strong><a href=\"https:\/\/piksel.ee\/arno\/ramkool\/avaleht\/?\">ANKEET<\/a>.<\/strong> <strong>Registreerimisel valige &#8220;RaM Kooli Lastekooli muu kodukeelega laste r\u00fchm&#8221; ning kindlasti ka 2026\/2027 \u00f5ppeaasta.<\/strong>Registreerimine kestab vabade kohtade olemasoluni.<\/p>\n\n\n\n<p>Kui Teile sobivas r\u00fchmas ei ole vaba kohta, saate panna oma lapse ootenimekirja. Kui keegi loobub kohast, v\u00f5tame \u00fchendust ootenimekirjas olevate peredega.<\/p>\n\n\n\n<p><strong>Eelkooli juhatajal on \u00f5igus vajadusel r\u00fchmi \u00fcmber paigutada v\u00f5i kokku t\u00f5sta.<\/strong><br><strong>NB!<\/strong>&nbsp;Rocca al Mare Kooli eelkoolis k\u00e4imine ei taga sissesaamist RaM Kooli esimesse klassi. <\/p>\n\n\n\n<p>RaM Kooli esimesse klassi vastuv\u00f5tust ning koolivalmidusest saab lugeda&nbsp;<a href=\"https:\/\/ramkool.edu.ee\/vastuvott\/1-klass\/\"><strong>SIIN<\/strong><\/a><\/p>\n\n\n\n<p><\/p>\n\n\n\n<p><\/p>\n\n\n\n<p><strong>T\u00e4psem info&nbsp;<a href=\"mailto:eelkool@ramkool.edu.ee\">eelkool@ramkool.edu.ee<\/a><\/strong><\/p>\n\n\n\n<p class=\"has-white-color has-text-color has-link-color wp-elements-17076c772ca51072257453366b4fdb77\">Eesti keele \u00f5petamine lastele<br>Eesti keel teise emakeelega lastele<br>Eesti keele kursus lastele<br>Eesti keele tugi\u00f5pe<br>Eesti keele \u00f5ppimine laps<br>Eesti keel mitte-eesti kodukeelega lastele<br>Eesti keel vene v\u00f5i inglese emakeelega lapsele<br>Laste keele\u00f5pe<br>Keelek\u00fcmblus\u201c<br>\u00d5petaja eesti keel<br>Eesti keele eratunnid lastele<\/p>\n\n\n\n<p><\/p>\n","protected":false},"excerpt":{"rendered":"<p>2026\/2027 \u00f5ppeaastal ootame muu kodukeelega r\u00fchma lapsi,<\/p>\n","protected":false},"author":5,"featured_media":0,"parent":678,"menu_order":15,"comment_status":"closed","ping_status":"closed","template":"gallery-template.php","meta":{"_acf_changed":false,"footnotes":""},"class_list":["post-4387","page","type-page","status-publish","hentry"],"acf":[],"_links":{"self":[{"href":"https:\/\/ramkool.edu.ee\/lastekool\/wp-json\/wp\/v2\/pages\/4387","targetHints":{"allow":["GET"]}}],"collection":[{"href":"https:\/\/ramkool.edu.ee\/lastekool\/wp-json\/wp\/v2\/pages"}],"about":[{"href":"https:\/\/ramkool.edu.ee\/lastekool\/wp-json\/wp\/v2\/types\/page"}],"author":[{"embeddable":true,"href":"https:\/\/ramkool.edu.ee\/lastekool\/wp-json\/wp\/v2\/users\/5"}],"replies":[{"embeddable":true,"href":"https:\/\/ramkool.edu.ee\/lastekool\/wp-json\/wp\/v2\/comments?post=4387"}],"version-history":[{"count":35,"href":"https:\/\/ramkool.edu.ee\/lastekool\/wp-json\/wp\/v2\/pages\/4387\/revisions"}],"predecessor-version":[{"id":5060,"href":"https:\/\/ramkool.edu.ee\/lastekool\/wp-json\/wp\/v2\/pages\/4387\/revisions\/5060"}],"up":[{"embeddable":true,"href":"https:\/\/ramkool.edu.ee\/lastekool\/wp-json\/wp\/v2\/pages\/678"}],"wp:attachment":[{"href":"https:\/\/ramkool.edu.ee\/lastekool\/wp-json\/wp\/v2\/media?parent=4387"}],"curies":[{"name":"wp","href":"https:\/\/api.w.org\/{rel}","templated":true}]}}