{"id":682,"date":"2015-08-24T23:06:52","date_gmt":"2015-08-24T20:06:52","guid":{"rendered":"http:\/\/thelooks.ee\/ram\/?page_id=682"},"modified":"2026-03-19T13:46:41","modified_gmt":"2026-03-19T11:46:41","slug":"laste-ringid","status":"publish","type":"page","link":"https:\/\/ramkool.edu.ee\/lastekool\/pohimotted\/laste-ringid\/","title":{"rendered":"Ringid 2026\/2027"},"content":{"rendered":"\n<p><\/p>\n\n\n\n<p><strong>K\u00f5ik ringid toimuvad Rocca al Mare Kooli eelkooli majas, Lesta 14.<\/strong><\/p>\n\n\n\n<p><\/p>\n\n\n\n<p><strong>Muinasjutu-kunstiring<\/strong><br>Esmasp\u00e4ev kell 13.45-15.15<br>Hind 70 eurot kuus<br>Muinasjutt on lapsele abiks enese ja maailma m\u00f5istmisel. \u00c4\u00e4rmuslik inetus ja taevalik kaunidus vastanduvad nagu hea ja kurja igavene v\u00f5itlus. K\u00f5ik see \u00e4ratab lapses hulgaliselt kujutluspilte.<br>Meie tund saab koosnema \u00fchisest muinasjutu kuulamisest ja jutu poolt \u00e4ratatu paberile maalimisest-joonistamisest, savisse voolimisest, meisterdamisest ja miks mitte vahel ka ise muinasjutu m\u00e4ngimisest.<br>Muinasjutu-kunstiring alustab oma tegevust eelkooli teisest n\u00e4dalast.<\/p>\n\n\n\n<p><strong>Inglise keel<\/strong><br>r\u00fchm esmasp\u00e4ev 8.45-9.30<br>r\u00fchm teisip\u00e4ev 8.45- 9.30<br>Hind 55 eurot kuus<br>Kutsume lapsi \u00f5ppima inglise keelt! Meie tunnid on m\u00e4ngulised ja asjalikud. Teemad on huvitavad ning valitud igap\u00e4evaelust. M\u00e4ngulise tegevuse kaudu muudame keele\u00f5ppe lapsele k\u00f6itvaks ja l\u00f5busaks. Nii j\u00e4\u00e4vad uued s\u00f5nad, laulud ja luuletused m\u00e4rkamatult meelde. Kuna muusika loob hea meeleolu, siis on igas tunnis paar toredat laulu, mis aitavad korrata \u00f5pitud s\u00f5nu. Kasutame rohkesti pilte, raamatuid, m\u00e4nguasju jpt. K\u00f5ige selle k\u00e4igus omandab laps inglise keele h\u00e4\u00e4ldusalused, k\u00fcllaltki suure s\u00f5navara, oskuse moodustada lauseid, aru saada lihtsamast k\u00f5nest.<br>Inglise keele r\u00fchmad alustavad oma tegevust eelkooli teisest n\u00e4dalast.<\/p>\n\n\n\n<p><strong>Robootika<\/strong><br>Reede kell 8.45-9.40<br>Hind 65 eurot kuus<br>Robootikaringi on oodatud k\u00f5ik LEGO ja robootika huvilised poisid ja t\u00fcdrukud. Lastel on v\u00f5imalus l\u00e4bi m\u00e4ngu teha tutvust robotite p\u00f5neva maailmaga. Ehitatakse lihtsamaid ja ka keerulisemaid masinaid ja mehhanisme. Programmeeritakse roboteid ja lahendatakse nende abil erinevaid \u00fclesandeid.<br>Robootika ring alustavad oma tegevust teisest n\u00e4dalast.<\/p>\n\n\n\n<p><\/p>\n\n\n\n<p><strong>T\u00e4psem info <a href=\"mailto:eelkool@ramkool.edu.ee\">eelkool@ramkool.edu.ee&nbsp;<\/a><\/strong><\/p>\n\n\n\n<p><\/p>\n","protected":false},"excerpt":{"rendered":"<p>K\u00f5ik ringid toimuvad Rocca al Mare Kooli<\/p>\n","protected":false},"author":1,"featured_media":3026,"parent":678,"menu_order":30,"comment_status":"open","ping_status":"closed","template":"gallery-template.php","meta":{"_acf_changed":false,"footnotes":""},"class_list":["post-682","page","type-page","status-publish","has-post-thumbnail","hentry"],"acf":[],"_links":{"self":[{"href":"https:\/\/ramkool.edu.ee\/lastekool\/wp-json\/wp\/v2\/pages\/682","targetHints":{"allow":["GET"]}}],"collection":[{"href":"https:\/\/ramkool.edu.ee\/lastekool\/wp-json\/wp\/v2\/pages"}],"about":[{"href":"https:\/\/ramkool.edu.ee\/lastekool\/wp-json\/wp\/v2\/types\/page"}],"author":[{"embeddable":true,"href":"https:\/\/ramkool.edu.ee\/lastekool\/wp-json\/wp\/v2\/users\/1"}],"replies":[{"embeddable":true,"href":"https:\/\/ramkool.edu.ee\/lastekool\/wp-json\/wp\/v2\/comments?post=682"}],"version-history":[{"count":76,"href":"https:\/\/ramkool.edu.ee\/lastekool\/wp-json\/wp\/v2\/pages\/682\/revisions"}],"predecessor-version":[{"id":5035,"href":"https:\/\/ramkool.edu.ee\/lastekool\/wp-json\/wp\/v2\/pages\/682\/revisions\/5035"}],"up":[{"embeddable":true,"href":"https:\/\/ramkool.edu.ee\/lastekool\/wp-json\/wp\/v2\/pages\/678"}],"wp:featuredmedia":[{"embeddable":true,"href":"https:\/\/ramkool.edu.ee\/lastekool\/wp-json\/wp\/v2\/media\/3026"}],"wp:attachment":[{"href":"https:\/\/ramkool.edu.ee\/lastekool\/wp-json\/wp\/v2\/media?parent=682"}],"curies":[{"name":"wp","href":"https:\/\/api.w.org\/{rel}","templated":true}]}}