{"id":684,"date":"2015-08-24T23:07:04","date_gmt":"2015-08-24T20:07:04","guid":{"rendered":"http:\/\/thelooks.ee\/ram\/?page_id=684"},"modified":"2026-03-26T16:55:28","modified_gmt":"2026-03-26T14:55:28","slug":"vaikekool-5-6a","status":"publish","type":"page","link":"https:\/\/ramkool.edu.ee\/lastekool\/vaikekool-5-6a\/","title":{"rendered":"V\u00e4ikekool 5-6a"},"content":{"rendered":"<p><strong>2025\/2026 \u00f5ppeaastal ootame v\u00e4ikekooli lapsi, kes on s\u00fcndinud oktoober 2020 \u2013 september 2021.<\/strong><\/p>\n<p>R\u00fchmade komplekteerimisel l\u00e4htume registreerimise j\u00e4rjekorrast, laste vanusest, samuti ka lapsevanemate ajalistest eelistustest ning soovist, et \u00f5ed-vennad ja s\u00f5brad saaksid olla \u00fches r\u00fchmas. Registreerimiseks on vaja t\u00e4ita\u00a0<strong><a href=\"https:\/\/piksel.ee\/arno\/ramkool\/avaleht\/?\"><span style=\"color: #0000ff\">ANKEET<\/span><\/a>. Registreerimisel valige kindlasti 2026\/2027 \u00f5ppeaasta.<\/strong>\u00a0Registreerimine kestab vabade kohtade olemasoluni.<\/p>\n<p>Kui Teile sobivas r\u00fchmas ei ole vaba kohta, saate panna oma lapse ootenimekirja. Kui keegi loobub kohast, v\u00f5tame \u00fchendust ootenimekirjas olevate peredega.<\/p>\n<p><strong>Eelkooli juhatajal on \u00f5igus vajadusel r\u00fchmi \u00fcmber paigutada v\u00f5i kokku t\u00f5sta.<\/strong><\/p>\n<p><strong>T\u00e4psem info <\/strong><a href=\"mailto:eelkool@ramkool.edu.ee\"><strong>eelkool@ramkool.edu.ee<\/strong><\/a><strong>\u00a0<\/strong><\/p>\n","protected":false},"excerpt":{"rendered":"<p>2025\/2026 \u00f5ppeaastal ootame v\u00e4ikekooli lapsi, kes on<\/p>\n","protected":false},"author":1,"featured_media":3540,"parent":0,"menu_order":20,"comment_status":"open","ping_status":"closed","template":"gallery-template.php","meta":{"_acf_changed":false,"footnotes":""},"class_list":["post-684","page","type-page","status-publish","has-post-thumbnail","hentry"],"acf":[],"_links":{"self":[{"href":"https:\/\/ramkool.edu.ee\/lastekool\/wp-json\/wp\/v2\/pages\/684","targetHints":{"allow":["GET"]}}],"collection":[{"href":"https:\/\/ramkool.edu.ee\/lastekool\/wp-json\/wp\/v2\/pages"}],"about":[{"href":"https:\/\/ramkool.edu.ee\/lastekool\/wp-json\/wp\/v2\/types\/page"}],"author":[{"embeddable":true,"href":"https:\/\/ramkool.edu.ee\/lastekool\/wp-json\/wp\/v2\/users\/1"}],"replies":[{"embeddable":true,"href":"https:\/\/ramkool.edu.ee\/lastekool\/wp-json\/wp\/v2\/comments?post=684"}],"version-history":[{"count":237,"href":"https:\/\/ramkool.edu.ee\/lastekool\/wp-json\/wp\/v2\/pages\/684\/revisions"}],"predecessor-version":[{"id":5052,"href":"https:\/\/ramkool.edu.ee\/lastekool\/wp-json\/wp\/v2\/pages\/684\/revisions\/5052"}],"wp:featuredmedia":[{"embeddable":true,"href":"https:\/\/ramkool.edu.ee\/lastekool\/wp-json\/wp\/v2\/media\/3540"}],"wp:attachment":[{"href":"https:\/\/ramkool.edu.ee\/lastekool\/wp-json\/wp\/v2\/media?parent=684"}],"curies":[{"name":"wp","href":"https:\/\/api.w.org\/{rel}","templated":true}]}}