{"id":686,"date":"2015-08-24T23:07:29","date_gmt":"2015-08-24T20:07:29","guid":{"rendered":"http:\/\/thelooks.ee\/ram\/?page_id=686"},"modified":"2026-03-26T16:54:39","modified_gmt":"2026-03-26T14:54:39","slug":"mangukool-4-5a","status":"publish","type":"page","link":"https:\/\/ramkool.edu.ee\/lastekool\/mangukool-4-5a\/","title":{"rendered":"M\u00e4ngukool 4-5a"},"content":{"rendered":"<p><strong>2026\/2027 \u00f5ppeaastal ootame m\u00e4ngukooli lapsi, kes on s\u00fcndinud oktoober 2021 \u2013 september 2022.<\/strong><\/p>\n<p>R\u00fchmade komplekteerimisel l\u00e4htume registreerimise j\u00e4rjekorrast, laste vanusest, samuti ka lapsevanemate ajalistest eelistustest ning soovist, et \u00f5ed-vennad ja s\u00f5brad saaksid olla \u00fches r\u00fchmas. Registreerimiseks on vaja t\u00e4ita\u00a0<strong><a href=\"https:\/\/piksel.ee\/arno\/ramkool\/avaleht\/?\"><span style=\"color: #0000ff\">ANKEET<\/span><\/a>.<\/strong>\u00a0 <strong>Registreerimisel valige kindlasti 2026\/2027 \u00f5ppeaasta. <\/strong>Registreerimine kestab vabade kohtade olemasoluni.<\/p>\n<p>Kui Teile sobivas r\u00fchmas ei ole vaba kohta, saate panna oma lapse ootenimekirja. Kui keegi loobub kohast, v\u00f5tame \u00fchendust ootenimekirjas olevate peredega.<\/p>\n<p><strong>Eelkooli juhatajal on \u00f5igus vajadusel r\u00fchmi \u00fcmber paigutada v\u00f5i kokku t\u00f5sta.<\/strong><\/p>\n<p><strong>Tunnid toimuvad eelkooli majas aadressil, Lesta 14.<\/strong><br \/>\n<strong>T\u00e4psem info <a href=\"mailto:eelkool@ramkool.edu.ee\">eelkool@ramkool.edu.ee<\/a><\/strong><\/p>\n","protected":false},"excerpt":{"rendered":"<p>2026\/2027 \u00f5ppeaastal ootame m\u00e4ngukooli lapsi, kes on<\/p>\n","protected":false},"author":1,"featured_media":2014,"parent":0,"menu_order":30,"comment_status":"open","ping_status":"closed","template":"gallery-template.php","meta":{"_acf_changed":false,"footnotes":""},"class_list":["post-686","page","type-page","status-publish","has-post-thumbnail","hentry"],"acf":[],"_links":{"self":[{"href":"https:\/\/ramkool.edu.ee\/lastekool\/wp-json\/wp\/v2\/pages\/686","targetHints":{"allow":["GET"]}}],"collection":[{"href":"https:\/\/ramkool.edu.ee\/lastekool\/wp-json\/wp\/v2\/pages"}],"about":[{"href":"https:\/\/ramkool.edu.ee\/lastekool\/wp-json\/wp\/v2\/types\/page"}],"author":[{"embeddable":true,"href":"https:\/\/ramkool.edu.ee\/lastekool\/wp-json\/wp\/v2\/users\/1"}],"replies":[{"embeddable":true,"href":"https:\/\/ramkool.edu.ee\/lastekool\/wp-json\/wp\/v2\/comments?post=686"}],"version-history":[{"count":244,"href":"https:\/\/ramkool.edu.ee\/lastekool\/wp-json\/wp\/v2\/pages\/686\/revisions"}],"predecessor-version":[{"id":5051,"href":"https:\/\/ramkool.edu.ee\/lastekool\/wp-json\/wp\/v2\/pages\/686\/revisions\/5051"}],"wp:featuredmedia":[{"embeddable":true,"href":"https:\/\/ramkool.edu.ee\/lastekool\/wp-json\/wp\/v2\/media\/2014"}],"wp:attachment":[{"href":"https:\/\/ramkool.edu.ee\/lastekool\/wp-json\/wp\/v2\/media?parent=686"}],"curies":[{"name":"wp","href":"https:\/\/api.w.org\/{rel}","templated":true}]}}