{"id":688,"date":"2015-08-24T23:08:08","date_gmt":"2015-08-24T20:08:08","guid":{"rendered":"http:\/\/thelooks.ee\/ram\/?page_id=688"},"modified":"2026-03-26T16:53:32","modified_gmt":"2026-03-26T14:53:32","slug":"ponnikool","status":"publish","type":"page","link":"https:\/\/ramkool.edu.ee\/lastekool\/ponnikool\/","title":{"rendered":"P\u00f5nnikool 2-4a"},"content":{"rendered":"<p><strong>2026\/2027 \u00f5ppeaastal ootame p\u00f5nnikooli lapsi, kes on s\u00fcndinud oktoober 2022 \u2013 september 2024.<\/strong><\/p>\n<p>R\u00fchmade komplekteerimisel l\u00e4htume registreerimise j\u00e4rjekorrast, laste vanusest, samuti ka lapsevanemate ajalistest eelistustest ning soovist, et \u00f5ed-vennad ja s\u00f5brad saaksid olla \u00fches r\u00fchmas. Registreerimiseks on vaja t\u00e4ita\u00a0<strong><a href=\"https:\/\/piksel.ee\/arno\/ramkool\/avaleht\/?\"><span style=\"color: #0000ff\">ANKEET<\/span><\/a>. Registreerimisel valige kindlasti 2026\/2027 \u00f5ppeaasta. <\/strong>Registreerimine kestab vabade kohtade olemasoluni.<\/p>\n<p>Kui Teile sobivas r\u00fchmas ei vaba kohta, saate panna oma lapse ootenimekirja. Kui keegi loobub kohast, v\u00f5tame \u00fchendust ootenimekirjas olevate peredega.<\/p>\n<p><strong>Eelkooli juhatajal on \u00f5igus vajadusel r\u00fchmi \u00fcmber paigutada v\u00f5i kokku t\u00f5sta.<\/strong><\/p>\n<p><strong>Tunnid toimuvad eelkooli majas, aadressil Lesta 14.<\/strong><br \/>\n<strong>T\u00e4psem info:<\/strong><strong>\u00a0<\/strong><a href=\"mailto:eelkool@ramkool.edu.ee\"><strong>eelkool@ramkool.edu.ee\u00a0<\/strong><\/a><\/p>\n","protected":false},"excerpt":{"rendered":"<p>2026\/2027 \u00f5ppeaastal ootame p\u00f5nnikooli lapsi, kes on<\/p>\n","protected":false},"author":1,"featured_media":3542,"parent":0,"menu_order":40,"comment_status":"open","ping_status":"closed","template":"gallery-template.php","meta":{"_acf_changed":false,"footnotes":""},"class_list":["post-688","page","type-page","status-publish","has-post-thumbnail","hentry"],"acf":[],"_links":{"self":[{"href":"https:\/\/ramkool.edu.ee\/lastekool\/wp-json\/wp\/v2\/pages\/688","targetHints":{"allow":["GET"]}}],"collection":[{"href":"https:\/\/ramkool.edu.ee\/lastekool\/wp-json\/wp\/v2\/pages"}],"about":[{"href":"https:\/\/ramkool.edu.ee\/lastekool\/wp-json\/wp\/v2\/types\/page"}],"author":[{"embeddable":true,"href":"https:\/\/ramkool.edu.ee\/lastekool\/wp-json\/wp\/v2\/users\/1"}],"replies":[{"embeddable":true,"href":"https:\/\/ramkool.edu.ee\/lastekool\/wp-json\/wp\/v2\/comments?post=688"}],"version-history":[{"count":236,"href":"https:\/\/ramkool.edu.ee\/lastekool\/wp-json\/wp\/v2\/pages\/688\/revisions"}],"predecessor-version":[{"id":5049,"href":"https:\/\/ramkool.edu.ee\/lastekool\/wp-json\/wp\/v2\/pages\/688\/revisions\/5049"}],"wp:featuredmedia":[{"embeddable":true,"href":"https:\/\/ramkool.edu.ee\/lastekool\/wp-json\/wp\/v2\/media\/3542"}],"wp:attachment":[{"href":"https:\/\/ramkool.edu.ee\/lastekool\/wp-json\/wp\/v2\/media?parent=688"}],"curies":[{"name":"wp","href":"https:\/\/api.w.org\/{rel}","templated":true}]}}