{"id":692,"date":"2015-08-24T23:08:25","date_gmt":"2015-08-24T20:08:25","guid":{"rendered":"http:\/\/thelooks.ee\/ram\/?page_id=692"},"modified":"2026-03-09T18:06:08","modified_gmt":"2026-03-09T16:06:08","slug":"loovuslaager","status":"publish","type":"page","link":"https:\/\/ramkool.edu.ee\/lastekool\/pohimotted\/loovuslaager\/","title":{"rendered":"Laager"},"content":{"rendered":"<p>Rocca al Mare Kooli eelkoolis on 2024\/2025 \u00f5ppeaastal toimumas loovuslaager <strong>&#8220;P\u00c4EVAD T\u00c4IS R\u00d5\u00d5MSAID HETKI&#8221;.\u00a0 <\/strong><\/p>\n","protected":false},"excerpt":{"rendered":"<p>Rocca al Mare Kooli eelkoolis on 2024\/2025<\/p>\n","protected":false},"author":1,"featured_media":3142,"parent":678,"menu_order":90,"comment_status":"open","ping_status":"closed","template":"gallery-template.php","meta":{"_acf_changed":false,"footnotes":""},"class_list":["post-692","page","type-page","status-publish","has-post-thumbnail","hentry"],"acf":[],"_links":{"self":[{"href":"https:\/\/ramkool.edu.ee\/lastekool\/wp-json\/wp\/v2\/pages\/692","targetHints":{"allow":["GET"]}}],"collection":[{"href":"https:\/\/ramkool.edu.ee\/lastekool\/wp-json\/wp\/v2\/pages"}],"about":[{"href":"https:\/\/ramkool.edu.ee\/lastekool\/wp-json\/wp\/v2\/types\/page"}],"author":[{"embeddable":true,"href":"https:\/\/ramkool.edu.ee\/lastekool\/wp-json\/wp\/v2\/users\/1"}],"replies":[{"embeddable":true,"href":"https:\/\/ramkool.edu.ee\/lastekool\/wp-json\/wp\/v2\/comments?post=692"}],"version-history":[{"count":31,"href":"https:\/\/ramkool.edu.ee\/lastekool\/wp-json\/wp\/v2\/pages\/692\/revisions"}],"predecessor-version":[{"id":4976,"href":"https:\/\/ramkool.edu.ee\/lastekool\/wp-json\/wp\/v2\/pages\/692\/revisions\/4976"}],"up":[{"embeddable":true,"href":"https:\/\/ramkool.edu.ee\/lastekool\/wp-json\/wp\/v2\/pages\/678"}],"wp:featuredmedia":[{"embeddable":true,"href":"https:\/\/ramkool.edu.ee\/lastekool\/wp-json\/wp\/v2\/media\/3142"}],"wp:attachment":[{"href":"https:\/\/ramkool.edu.ee\/lastekool\/wp-json\/wp\/v2\/media?parent=692"}],"curies":[{"name":"wp","href":"https:\/\/api.w.org\/{rel}","templated":true}]}}