{"id":700,"date":"2015-08-24T23:09:09","date_gmt":"2015-08-24T22:09:09","guid":{"rendered":"http:\/\/thelooks.ee\/ram\/?page_id=700"},"modified":"2026-03-09T18:03:42","modified_gmt":"2026-03-09T16:03:42","slug":"hinnad","status":"publish","type":"page","link":"https:\/\/ramkool.edu.ee\/lastekool\/vaikekool-5-6a\/hinnad\/","title":{"rendered":"Hinnad"},"content":{"rendered":"<p style=\"margin: 0cm;background: white\"><span style=\"font-family: 'Lato',sans-serif;color: black\"><strong>V\u00e4ikekooli<\/strong> kuutasu 2026\/2027 \u00f5ppeaastal on 115 \u20ac (r\u00fchmas kuni 12 last)*<\/span><\/p>\n<p style=\"margin: 0cm;background: white\"><span style=\"font-family: 'Lato',sans-serif;color: black\"><br \/>\n<strong>Veskim\u00f6ldre Lasteaia v\u00e4ikekooli<\/strong> kuutasu 2026\/2027 \u00f5ppeaastal on 115 \u20ac (r\u00fchmas kuni 10 last)*<\/span><\/p>\n<p style=\"margin: 0cm;background: white\"><span style=\"font-family: 'Lato',sans-serif;color: black\"><br \/>\n<strong>Teise emakeelega laste<\/strong> <strong>r\u00fchm<\/strong> 2026\/2027 \u00f5ppeaastal on 115 \u20ac (r\u00fchmas kuni 8 last)<\/span><\/p>\n<p><span style=\"color: #ffffff\">mmmm<\/span><\/p>\n<p>* V\u00e4ikekooli hinnale lisandub <strong>kahe t\u00f6\u00f6vihiku<\/strong> &#8220;Hambutu printsess ja porisupp&#8221; ja &#8220;Kukep\u00fcksid ja hiirek\u00f5rvad&#8221; eest \u00fchekordne makse<strong>.<\/strong><\/p>\n<p><span style=\"color: #ffffff\">mmm<\/span><\/p>\n<p><strong>T\u00e4psem info <\/strong><a href=\"mailto:eelkool@ramkool.edu.ee\"><strong>eelkool@ramkool.edu.ee<\/strong><\/a><\/p>\n","protected":false},"excerpt":{"rendered":"<p>V\u00e4ikekooli kuutasu 2026\/2027 \u00f5ppeaastal on 115 \u20ac<\/p>\n","protected":false},"author":1,"featured_media":3543,"parent":684,"menu_order":50,"comment_status":"open","ping_status":"closed","template":"gallery-template.php","meta":{"_acf_changed":false,"footnotes":""},"class_list":["post-700","page","type-page","status-publish","has-post-thumbnail","hentry"],"acf":[],"_links":{"self":[{"href":"https:\/\/ramkool.edu.ee\/lastekool\/wp-json\/wp\/v2\/pages\/700","targetHints":{"allow":["GET"]}}],"collection":[{"href":"https:\/\/ramkool.edu.ee\/lastekool\/wp-json\/wp\/v2\/pages"}],"about":[{"href":"https:\/\/ramkool.edu.ee\/lastekool\/wp-json\/wp\/v2\/types\/page"}],"author":[{"embeddable":true,"href":"https:\/\/ramkool.edu.ee\/lastekool\/wp-json\/wp\/v2\/users\/1"}],"replies":[{"embeddable":true,"href":"https:\/\/ramkool.edu.ee\/lastekool\/wp-json\/wp\/v2\/comments?post=700"}],"version-history":[{"count":36,"href":"https:\/\/ramkool.edu.ee\/lastekool\/wp-json\/wp\/v2\/pages\/700\/revisions"}],"predecessor-version":[{"id":4952,"href":"https:\/\/ramkool.edu.ee\/lastekool\/wp-json\/wp\/v2\/pages\/700\/revisions\/4952"}],"up":[{"embeddable":true,"href":"https:\/\/ramkool.edu.ee\/lastekool\/wp-json\/wp\/v2\/pages\/684"}],"wp:featuredmedia":[{"embeddable":true,"href":"https:\/\/ramkool.edu.ee\/lastekool\/wp-json\/wp\/v2\/media\/3543"}],"wp:attachment":[{"href":"https:\/\/ramkool.edu.ee\/lastekool\/wp-json\/wp\/v2\/media?parent=700"}],"curies":[{"name":"wp","href":"https:\/\/api.w.org\/{rel}","templated":true}]}}