{"id":704,"date":"2015-08-24T23:10:04","date_gmt":"2015-08-24T20:10:04","guid":{"rendered":"http:\/\/thelooks.ee\/ram\/?page_id=704"},"modified":"2026-02-17T16:45:23","modified_gmt":"2026-02-17T14:45:23","slug":"oppekorraldus-eelkoolis","status":"publish","type":"page","link":"https:\/\/ramkool.edu.ee\/lastekool\/pohimotted\/oppekorraldus-eelkoolis\/","title":{"rendered":"\u00d5ppekorraldus"},"content":{"rendered":"<p>RaM Kooli eelkooli \u00f5petajate sooviks on, et lapsed tahaksid meie juurde eelkooli tulla ja tunneksid end siin turvaliselt. Kui oleme selle saavutanud, siis hakkame \u00fcheskoos avastama ja uusi teadmisi koguma.<\/p>\n<p>Meie eelkooli r\u00fchmades on kuni 12 last ning oma koolip\u00e4evi alustame ja l\u00f5petame \u00fchises ringis, kus jagame \u00fcksteisega oma soove, m\u00f5tteid ja l\u00e4bielamisi. \u00d5petaja reguleerib tunni- ja vahetunni aega vastavalt r\u00fchmale. Tundides k\u00e4sitleme lapse igap\u00e4evaelus olulisi teemasid \u2013 mina, minu pere, minu s\u00f5brad, klassikaaslased, kodu, mind \u00fcmbritsev loodus jne.<\/p>\n<p>\u00d5ppetegevus RaM Kooli eelkoolis toimub lapse arengut igak\u00fclgselt soodustavas keskkonnas omavahel seotud tegevuste kaudu. Igal \u00f5ppen\u00e4dalal on oma teema. Koolip\u00e4eva kestel \u00f5pime h\u00e4\u00e4limist, lugemist, kirjutamist; arvutame, vaatleme loodust, m\u00e4ngime, meisterdame ja p\u00f6\u00f6rame t\u00e4helepanu ka sotsiaalsetele oskustele.<\/p>\n<p><strong>Tagasiside.<\/strong> Iga koolip\u00e4eva l\u00f5pus on vanemail v\u00f5imalik saada vahetut tagasisidet \u00f5petajalt oma lapse kohta.<\/p>\n<p><strong>\u00dcritused eelkoolis.<\/strong> \u00d5ppeaasta l\u00f5pus ootame ka lapsevanemaid meie \u00fchisele piknikule.<\/p>\n<p>K\u00f5ikidel eelkoolir\u00fchmadel on \u00fchine \u00f5ppeprogramm. M\u00f5nedel r\u00fchmadel on koolip\u00e4eva osaks ka\u00a0 r\u00fctmikatund. 2 x n\u00e4dalas r\u00fchmad l\u00e4bivad programmi p\u00f5hjalikumalt ning lisaks on rohkem aega kordamiseks ja lastega koos arutlemiseks.<\/p>\n<p><strong>R\u00fctmikatundides<\/strong> lauldakse nii kaasaegseid kui ka regilaule, tantsitakse, m\u00e4ngitakse mitmeid liikumism\u00e4nge ja \u00f5pitakse kasutama erinevaid lastepille. R\u00fctmikatunnid toetavad matemaatiliste seoste loomist ja kinnistamist ning treenivad ka m\u00e4lu.<\/p>\n<p><strong>Tervisliku koolil\u00f5una maksumus on eelkooli lapsele\u00a0 eurot<\/strong>. S\u00f6\u00f6giraha lisatakse \u00f5pilase igakuisele arvele algava kuu eest ette.<\/p>\n<p><strong>Kui \u00f5pilane puudub koolist<\/strong>\u00a0ja soovitakse toiduraha tagasiarvestamist, palume anda puudumisest teada meiliaadressile\u00a0<a href=\"mailto:koolitoit@ramkool.edu.ee\"><strong>koolitoit@ramkool.edu.ee<\/strong><\/a>. Tagasiarvestus toimub alates teavitamisele j\u00e4rgnevast p\u00e4evast. Pikema puudumise korral palun anda teada ka kooli naasmise aeg.<\/p>\n<p><strong> T\u00e4psem info\u00a0<a href=\"mailto:eelkool@ramkool.edu.ee\">eelkool@ramkool.edu.ee<\/a><\/strong><\/p>\n<p>R\u00f5\u00f5msate kohtumisteni!<br \/>\nRocca al Mare Kooli eelkool<\/p>\n","protected":false},"excerpt":{"rendered":"<p>RaM Kooli eelkooli \u00f5petajate sooviks on, et<\/p>\n","protected":false},"author":1,"featured_media":2015,"parent":678,"menu_order":1,"comment_status":"open","ping_status":"open","template":"gallery-template.php","meta":{"_acf_changed":false,"footnotes":""},"class_list":["post-704","page","type-page","status-publish","has-post-thumbnail","hentry"],"acf":[],"_links":{"self":[{"href":"https:\/\/ramkool.edu.ee\/lastekool\/wp-json\/wp\/v2\/pages\/704","targetHints":{"allow":["GET"]}}],"collection":[{"href":"https:\/\/ramkool.edu.ee\/lastekool\/wp-json\/wp\/v2\/pages"}],"about":[{"href":"https:\/\/ramkool.edu.ee\/lastekool\/wp-json\/wp\/v2\/types\/page"}],"author":[{"embeddable":true,"href":"https:\/\/ramkool.edu.ee\/lastekool\/wp-json\/wp\/v2\/users\/1"}],"replies":[{"embeddable":true,"href":"https:\/\/ramkool.edu.ee\/lastekool\/wp-json\/wp\/v2\/comments?post=704"}],"version-history":[{"count":25,"href":"https:\/\/ramkool.edu.ee\/lastekool\/wp-json\/wp\/v2\/pages\/704\/revisions"}],"predecessor-version":[{"id":4867,"href":"https:\/\/ramkool.edu.ee\/lastekool\/wp-json\/wp\/v2\/pages\/704\/revisions\/4867"}],"up":[{"embeddable":true,"href":"https:\/\/ramkool.edu.ee\/lastekool\/wp-json\/wp\/v2\/pages\/678"}],"wp:featuredmedia":[{"embeddable":true,"href":"https:\/\/ramkool.edu.ee\/lastekool\/wp-json\/wp\/v2\/media\/2015"}],"wp:attachment":[{"href":"https:\/\/ramkool.edu.ee\/lastekool\/wp-json\/wp\/v2\/media?parent=704"}],"curies":[{"name":"wp","href":"https:\/\/api.w.org\/{rel}","templated":true}]}}