{"id":708,"date":"2015-08-24T23:10:48","date_gmt":"2015-08-24T20:10:48","guid":{"rendered":"http:\/\/thelooks.ee\/ram\/?page_id=708"},"modified":"2026-04-17T16:48:32","modified_gmt":"2026-04-17T13:48:32","slug":"eelkooliruhmad-20142015","status":"publish","type":"page","link":"https:\/\/ramkool.edu.ee\/lastekool\/pohimotted\/eelkooliruhmad-20142015\/","title":{"rendered":"R\u00fchmad 2026\/2027"},"content":{"rendered":"<p><strong>2026\/2027 \u00f5ppeaastal ootame eelkooli lapsi, kes on s\u00fcndinud oktoober 2018 \u2013 september 2020.<\/strong><\/p>\n<p><strong>Tunnid toimuvad Rocca al Mare Kooli Veskim\u00f6ldre Lasteaias<\/strong>, Laagris, Instituudi tee 151<br \/>R\u00fchmas kuni 10 last<\/p>\n<p><strong>1x n\u00e4dalas r\u00fchm<\/strong><\/p>\n\n\n<h2 class=\"wp-block-heading\"><\/h2>\n\n\n\n<div class=\"wp-block-group is-nowrap is-layout-flex wp-container-core-group-is-layout-6c531013 wp-block-group-is-layout-flex\">\n<figure class=\"wp-block-table\"><table><tbody><tr><td>P\u00e4ev<\/td><td>Kellaaeg<\/td><td>Hind<\/td><\/tr><tr><td>Esmasp\u00e4ev<\/td><td>14,15-17.30<\/td><td>148 \u20ac<\/td><\/tr><tr><td>Kolmap\u00e4ev<\/td><td>8.45-12.00<\/td><td>148 \u20ac<\/td><\/tr><\/tbody><\/table><\/figure>\n<\/div>\n\n\n\n<div style=\"height:100px\" aria-hidden=\"true\" class=\"wp-block-spacer\"><\/div>\n\n\n\n<p><strong>2x n\u00e4dalas r\u00fctmikaga r\u00fchmad<\/strong><br>Tunnid toimuvad Rocca al Mare Kooli lastekooli majas, Lesta 14<br>R\u00fchmas kuni 12 last<\/p>\n\n\n\n<div class=\"wp-block-group is-nowrap is-layout-flex wp-container-core-group-is-layout-6c531013 wp-block-group-is-layout-flex\">\n<figure class=\"wp-block-table\"><table><tbody><tr><td>P\u00e4ev<\/td><td>Kellaaeg<\/td><td>Hind<\/td><td>Lisaks hea valida<\/td><td>Hind<\/td><\/tr><tr><td>Esmasp\u00e4ev ja kolmap\u00e4ev*<\/td><td>9.45-13.30<\/td><td>240 \u20ac<\/td><td>Esmasp\u00e4ev 8.45-9.30 inglise keel<br>Esmasp\u00e4ev 13.45-15.15 muinasjutu-kunstiring<\/td><td>55 \u20ac<br>70 \u20ac<\/td><\/tr><tr><td>Esmasp\u00e4ev ja kolmap\u00e4ev<\/td><td>13.45-17.30<\/td><td>240 \u20ac<\/td><td><\/td><td><\/td><\/tr><tr><td>Teisip\u00e4ev ja reede*<\/td><td>9.45-13.30<\/td><td>240 \u20ac<\/td><td>Teisip\u00e4ev 8.45-9.30 inglise keel <br>Reede 8.45-9.40 robootika<\/td><td>55 \u20ac<br>65 \u20ac<\/td><\/tr><\/tbody><\/table><\/figure>\n<\/div>\n\n\n\n<div style=\"height:100px\" aria-hidden=\"true\" class=\"wp-block-spacer\"><\/div>\n\n\n\n<p><\/p>\n\n\n\n<p><strong>1x n\u00e4dalas r\u00fctmikaga r\u00fchmad<\/strong><br>Tunnid toimuvad Rocca al Mare Kooli lastekooli majas, Lesta 14<br>R\u00fchmas kuni 12 last<\/p>\n\n\n\n<div class=\"wp-block-group is-nowrap is-layout-flex wp-container-core-group-is-layout-6c531013 wp-block-group-is-layout-flex\">\n<figure class=\"wp-block-table\"><table><tbody><tr><td>P\u00e4ev<\/td><td>Kellaaeg<\/td><td>Hind<\/td><td>Lisaks hea valida<\/td><td>Hind<\/td><\/tr><tr><td>Esmasp\u00e4ev*<\/td><td>9.45-13.45<\/td><td>165\u20ac<\/td><td>Esmasp\u00e4ev 8.45-9.30 inglise keel<br>Esmasp\u00e4ev 13.45-15.15 muinasjutu-kunstiring<\/td><td>55 \u20ac<br>70 \u20ac<\/td><\/tr><tr><td>Teisip\u00e4ev*<\/td><td>9.45-13.45<\/td><td>165\u20ac<\/td><td>Teisip\u00e4ev 8.45-9.30 inglise keel<\/td><td>55 \u20ac<\/td><\/tr><tr><td>Teisip\u00e4ev<\/td><td>14.00-18.00<\/td><td>165\u20ac<\/td><td><\/td><td><\/td><\/tr><tr><td>Kolmap\u00e4ev<\/td><td>13.45-17.45<\/td><td>165\u20ac<\/td><td><\/td><td><\/td><\/tr><tr><td>Reede*<\/td><td>9.45-13.45<\/td><td>165\u20ac<\/td><td>Reede 8.45-9.40 robootika<\/td><td>65 \u20ac<\/td><\/tr><\/tbody><\/table><\/figure>\n<\/div>\n\n\n\n<div style=\"height:100px\" aria-hidden=\"true\" class=\"wp-block-spacer\"><\/div>\n\n\n\n<p><\/p>\n\n\n\n<p><strong>1x n\u00e4dalas ilma r\u00fctmikata r\u00fchmad<\/strong><br>Tunnid toimuvad Rocca al Mare Kooli lastekooli majas, Lesta 14<br>R\u00fchmas kuni 12 last<\/p>\n\n\n\n<p><\/p>\n\n\n\n<div class=\"wp-block-group\"><div class=\"wp-block-group__inner-container is-layout-constrained wp-block-group-is-layout-constrained\">\n<div class=\"wp-block-group is-nowrap is-layout-flex wp-container-core-group-is-layout-6c531013 wp-block-group-is-layout-flex\">\n<figure class=\"wp-block-table\"><table><tbody><tr><td>P\u00e4ev<\/td><td>Kellaaeg<\/td><td>Hind<\/td><\/tr><tr><td>Neljap\u00e4ev*<\/td><td>9.30-12.45<\/td><td>148 \u20ac<\/td><\/tr><tr><td>Neljap\u00e4ev*<\/td><td>9.45-13.00<\/td><td>148 \u20ac<\/td><\/tr><tr><td>Neljap\u00e4ev<\/td><td>14.30-17.45<\/td><td>148 \u20ac<\/td><\/tr><\/tbody><\/table><\/figure>\n<\/div>\n<\/div><\/div>\n\n\n\n<p><\/p>\n\n\n\n<p>* Hommikused eelkooli r\u00fchmad saavad lisatasu eest sooja s\u00f6\u00f6ki kooli s\u00f6\u00f6klas.<\/p>\n\n\n\n<p><strong>Eelkooli juhatajal on \u00f5igus vajadusel r\u00fchmi \u00fcmber paigutada v\u00f5i kokku t\u00f5sta.<\/strong><br><strong>NB!<\/strong> Rocca al Mare Kooli eelkoolis k\u00e4imine ei taga sissesaamist RaM Kooli esimesse klassi.<\/p>\n\n\n\n<p>RaM Kooli esimesse klassi vastuv\u00f5tust ning koolivalmidusest saab lugeda <a href=\"https:\/\/ramkool.edu.ee\/vastuvott\/1-klass\/\"><strong>SIIN.<\/strong><\/a><\/p>\n\n\n\n<p><strong>T\u00e4psem info <\/strong><a href=\"mailto:eelkool@ramkool.edu.ee\"><strong>eelkool@ramkool.edu.ee<\/strong><\/a><\/p>\n","protected":false},"excerpt":{"rendered":"<p>2026\/2027 \u00f5ppeaastal ootame eelkooli lapsi, kes on<\/p>\n","protected":false},"author":1,"featured_media":3032,"parent":678,"menu_order":10,"comment_status":"open","ping_status":"closed","template":"gallery-template.php","meta":{"_acf_changed":false,"footnotes":""},"class_list":["post-708","page","type-page","status-publish","has-post-thumbnail","hentry"],"acf":[],"_links":{"self":[{"href":"https:\/\/ramkool.edu.ee\/lastekool\/wp-json\/wp\/v2\/pages\/708","targetHints":{"allow":["GET"]}}],"collection":[{"href":"https:\/\/ramkool.edu.ee\/lastekool\/wp-json\/wp\/v2\/pages"}],"about":[{"href":"https:\/\/ramkool.edu.ee\/lastekool\/wp-json\/wp\/v2\/types\/page"}],"author":[{"embeddable":true,"href":"https:\/\/ramkool.edu.ee\/lastekool\/wp-json\/wp\/v2\/users\/1"}],"replies":[{"embeddable":true,"href":"https:\/\/ramkool.edu.ee\/lastekool\/wp-json\/wp\/v2\/comments?post=708"}],"version-history":[{"count":164,"href":"https:\/\/ramkool.edu.ee\/lastekool\/wp-json\/wp\/v2\/pages\/708\/revisions"}],"predecessor-version":[{"id":5071,"href":"https:\/\/ramkool.edu.ee\/lastekool\/wp-json\/wp\/v2\/pages\/708\/revisions\/5071"}],"up":[{"embeddable":true,"href":"https:\/\/ramkool.edu.ee\/lastekool\/wp-json\/wp\/v2\/pages\/678"}],"wp:featuredmedia":[{"embeddable":true,"href":"https:\/\/ramkool.edu.ee\/lastekool\/wp-json\/wp\/v2\/media\/3032"}],"wp:attachment":[{"href":"https:\/\/ramkool.edu.ee\/lastekool\/wp-json\/wp\/v2\/media?parent=708"}],"curies":[{"name":"wp","href":"https:\/\/api.w.org\/{rel}","templated":true}]}}