{"id":718,"date":"2015-08-24T23:15:17","date_gmt":"2015-08-24T22:15:17","guid":{"rendered":"http:\/\/thelooks.ee\/ram\/?page_id=718"},"modified":"2026-02-17T12:47:32","modified_gmt":"2026-02-17T10:47:32","slug":"ponnikoolist","status":"publish","type":"page","link":"https:\/\/ramkool.edu.ee\/lastekool\/ponnikool\/ponnikoolist\/","title":{"rendered":"P\u00f5nnikoolist"},"content":{"rendered":"<p>P\u00f5nnikooli eas, 2- 4 aastaselt \u00f5pib laps koos t\u00e4iskasvanuga igap\u00e4evategevustes ja teiste lastega m\u00e4ngides. See on k\u00f5ige magusam m\u00e4nguiga. Lapsel on suur soov uute teadmiste ja muljete j\u00e4rele, ta on uudishimulik ning tahab rohkem teada iseenda ja maailma kohta. Meie tegevus p\u00f5nnikoolis on loominguliselt m\u00e4nguline. Peale aktiivset juhendatud osa saavad lapsed ja vanemad veel teineteisega m\u00f5tteid ja muljeid vahetada ning m\u00e4ngida.<\/p>\n<p>Laps omandab uusi seoseid ja teadmisi korduva kogemuse, aktiivse tegutsemise ning eeskuju kaudu. S\u00fcgisel on s\u00fcgise laulud ja tantsud ning kevadel omad. Nii igal n\u00e4dalal on meie tegemistes midagi korduvat ja ka midagi uut. Kuna tegelikkust v\u00f5tab laps vastu meeltega, siis p\u00f5nnikoolis on tegevused omavahel l\u00f5imitud. Sujuvalt l\u00e4heb laul \u00fcle liikumiseks ja jutu kuulamine pillim\u00e4nguks ning m\u00e4ng omakorda kunstitegevuseks. Laps tahab ise teha \u2013 ise katsetada ja avastada. Meie moto on \u2013 <strong>\u00d5PETA MIND SEDA ISE TEGEMA!<\/strong><\/p>\n<p><strong><span style=\"font-family: Thread-000020d4-Id-000006d3\">T\u00e4psem info eelkool@<\/span><a href=\"mailto:piia.varav@ramkool.edu.ee\"><span style=\"font-family: Thread-000020d4-Id-000006d3\">ramkool.edu.ee<\/span><\/a><span style=\"font-family: Thread-000020d4-Id-000006d3\">\u00a0<\/span><\/strong><\/p>\n","protected":false},"excerpt":{"rendered":"<p>P\u00f5nnikooli eas, 2- 4 aastaselt \u00f5pib laps<\/p>\n","protected":false},"author":1,"featured_media":3013,"parent":688,"menu_order":10,"comment_status":"open","ping_status":"closed","template":"gallery-template.php","meta":{"_acf_changed":false,"footnotes":""},"class_list":["post-718","page","type-page","status-publish","has-post-thumbnail","hentry"],"acf":[],"_links":{"self":[{"href":"https:\/\/ramkool.edu.ee\/lastekool\/wp-json\/wp\/v2\/pages\/718","targetHints":{"allow":["GET"]}}],"collection":[{"href":"https:\/\/ramkool.edu.ee\/lastekool\/wp-json\/wp\/v2\/pages"}],"about":[{"href":"https:\/\/ramkool.edu.ee\/lastekool\/wp-json\/wp\/v2\/types\/page"}],"author":[{"embeddable":true,"href":"https:\/\/ramkool.edu.ee\/lastekool\/wp-json\/wp\/v2\/users\/1"}],"replies":[{"embeddable":true,"href":"https:\/\/ramkool.edu.ee\/lastekool\/wp-json\/wp\/v2\/comments?post=718"}],"version-history":[{"count":14,"href":"https:\/\/ramkool.edu.ee\/lastekool\/wp-json\/wp\/v2\/pages\/718\/revisions"}],"predecessor-version":[{"id":4628,"href":"https:\/\/ramkool.edu.ee\/lastekool\/wp-json\/wp\/v2\/pages\/718\/revisions\/4628"}],"up":[{"embeddable":true,"href":"https:\/\/ramkool.edu.ee\/lastekool\/wp-json\/wp\/v2\/pages\/688"}],"wp:featuredmedia":[{"embeddable":true,"href":"https:\/\/ramkool.edu.ee\/lastekool\/wp-json\/wp\/v2\/media\/3013"}],"wp:attachment":[{"href":"https:\/\/ramkool.edu.ee\/lastekool\/wp-json\/wp\/v2\/media?parent=718"}],"curies":[{"name":"wp","href":"https:\/\/api.w.org\/{rel}","templated":true}]}}