{"id":722,"date":"2015-08-24T23:15:47","date_gmt":"2015-08-24T22:15:47","guid":{"rendered":"http:\/\/thelooks.ee\/ram\/?page_id=722"},"modified":"2026-03-09T17:52:27","modified_gmt":"2026-03-09T15:52:27","slug":"beebikoolist","status":"publish","type":"page","link":"https:\/\/ramkool.edu.ee\/lastekool\/beebikool\/beebikoolist\/","title":{"rendered":"Beebikoolist"},"content":{"rendered":"<p>Ootame beebikooli lapsi koos ema v\u00f5i isaga alates 5-ndast elukuust. See on koht, kus nii lapsevanem kui laps saavad uusi ideid, tegutsemisjulgust, teistega suhelda ja kogemusi vahetada. Lapsed jagunevad erinevatesse r\u00fchmadesse vastavalt vanusele, et tagada eakohased tegevused.<\/p>\n<p>Beebikool toimub \u00fcks kord n\u00e4dalas tund aega. Esimesed pool tundi laulame, liigume ja m\u00e4ngime erinevaid lastepille. Repertuaaris on vanemad ja uuemad rahvalaulud, lastelaulud jne. M\u00e4ngime s\u00f5rme- ja h\u00fcpitusm\u00e4nge. Tantsime, kuulame palju muusikat ning m\u00e4ngime ka ise erineva k\u00f5laga lastepille. V\u00f5imlemine kuulub laulu ja muusika juurde. Teine pool tunnist meisterdame. Julgustame lapsi proovima erinevaid meisterdamisvahendeid ja &#8211; tehnikaid. Pliiatsid, v\u00e4rvid, plastiliin ja isegi k\u00e4\u00e4rid saavad tundide k\u00e4igus tuttavaks ja heaks s\u00f5brakski.<\/p>\n<p>Muidugi j\u00e4\u00e4b aega ka suhtlemiseks ja m\u00e4ngimiseks teiste omaealistega. Tunni l\u00f5petame m\u00f5ne rahuliku laulu v\u00f5i muusikapalaga. R\u00fchmas on kuni 10 last koos ema v\u00f5i isaga.<\/p>\n<p>Kaks korda aastas saavad lapsed tunnistuse \u00f5petajapoolse tagasiside ja m\u00e4rkamistega. J\u00f5ulutund ja \u00f5ppeaasta l\u00f5putund toimuvad \u00fchiselt terve perega.<\/p>\n<p>Toredate kohtumisteni!<\/p>\n<p><span style=\"color: #ffffff\">mmmmm<\/span><\/p>\n<p><strong>T\u00e4psem info <a href=\"mailto:piia.varav@ramkool.edu.ee\">piia.varav@ramkool.edu.ee<\/a>\u00a0<\/strong><\/p>\n","protected":false},"excerpt":{"rendered":"<p>Ootame beebikooli lapsi koos ema v\u00f5i isaga<\/p>\n","protected":false},"author":1,"featured_media":3544,"parent":690,"menu_order":10,"comment_status":"open","ping_status":"closed","template":"gallery-template.php","meta":{"_acf_changed":false,"footnotes":""},"class_list":["post-722","page","type-page","status-publish","has-post-thumbnail","hentry"],"acf":[],"_links":{"self":[{"href":"https:\/\/ramkool.edu.ee\/lastekool\/wp-json\/wp\/v2\/pages\/722","targetHints":{"allow":["GET"]}}],"collection":[{"href":"https:\/\/ramkool.edu.ee\/lastekool\/wp-json\/wp\/v2\/pages"}],"about":[{"href":"https:\/\/ramkool.edu.ee\/lastekool\/wp-json\/wp\/v2\/types\/page"}],"author":[{"embeddable":true,"href":"https:\/\/ramkool.edu.ee\/lastekool\/wp-json\/wp\/v2\/users\/1"}],"replies":[{"embeddable":true,"href":"https:\/\/ramkool.edu.ee\/lastekool\/wp-json\/wp\/v2\/comments?post=722"}],"version-history":[{"count":11,"href":"https:\/\/ramkool.edu.ee\/lastekool\/wp-json\/wp\/v2\/pages\/722\/revisions"}],"predecessor-version":[{"id":4960,"href":"https:\/\/ramkool.edu.ee\/lastekool\/wp-json\/wp\/v2\/pages\/722\/revisions\/4960"}],"up":[{"embeddable":true,"href":"https:\/\/ramkool.edu.ee\/lastekool\/wp-json\/wp\/v2\/pages\/690"}],"wp:featuredmedia":[{"embeddable":true,"href":"https:\/\/ramkool.edu.ee\/lastekool\/wp-json\/wp\/v2\/media\/3544"}],"wp:attachment":[{"href":"https:\/\/ramkool.edu.ee\/lastekool\/wp-json\/wp\/v2\/media?parent=722"}],"curies":[{"name":"wp","href":"https:\/\/api.w.org\/{rel}","templated":true}]}}