{"id":985,"date":"2015-09-01T17:59:14","date_gmt":"2015-09-01T14:59:14","guid":{"rendered":"http:\/\/ramkool.edu.ee\/site\/?page_id=985"},"modified":"2026-03-09T17:41:52","modified_gmt":"2026-03-09T15:41:52","slug":"hinnad","status":"publish","type":"page","link":"https:\/\/ramkool.edu.ee\/lastekool\/pohimotted\/hinnad\/","title":{"rendered":"Hinnad"},"content":{"rendered":"<p><strong>2 x n\u00e4dalas r\u00fctmikaga r\u00fchmad<\/strong> 2026\/2027 \u00f5ppeaastal 240 \u20ac kuus (r\u00fchmas kuni 12 last)<\/p>\n<p><strong>1 x n\u00e4dadas r\u00fctmikaga r\u00fchmad<\/strong> 2026\/2027 \u00f5ppeaastal 165 \u20ac kuus (r\u00fchmas kuni 12 last)<\/p>\n<p><strong>1 x n\u00e4dalas r\u00fchmad<\/strong> 2026\/2027 \u00f5ppeaastal 148 \u20ac kuus (r\u00fchmas kuni 12 last)<\/p>\n<p><strong>Veskim\u00f6ldre Lasteaia r\u00fchmad<\/strong> 2026\/2027 \u00f5ppeaastal 148 \u20ac kuus (r\u00fchmas kuni 10 last)<\/p>\n<p><strong>Teise emakeelega laste r\u00fchm<\/strong> 2026\/2027 \u00f5ppeaastal 115 \u20ac (r\u00fchmas kuni 8 last)<\/p>\n<p><span style=\"color: #ffffff\">mmm<\/span><\/p>\n<p><strong>T\u00e4psem info eelkool@ramkool.edu.ee<\/strong><\/p>\n","protected":false},"excerpt":{"rendered":"<p>2 x n\u00e4dalas r\u00fctmikaga r\u00fchmad 2026\/2027 \u00f5ppeaastal<\/p>\n","protected":false},"author":1,"featured_media":1635,"parent":678,"menu_order":40,"comment_status":"closed","ping_status":"closed","template":"gallery-template.php","meta":{"_acf_changed":false,"footnotes":""},"class_list":["post-985","page","type-page","status-publish","has-post-thumbnail","hentry"],"acf":[],"_links":{"self":[{"href":"https:\/\/ramkool.edu.ee\/lastekool\/wp-json\/wp\/v2\/pages\/985","targetHints":{"allow":["GET"]}}],"collection":[{"href":"https:\/\/ramkool.edu.ee\/lastekool\/wp-json\/wp\/v2\/pages"}],"about":[{"href":"https:\/\/ramkool.edu.ee\/lastekool\/wp-json\/wp\/v2\/types\/page"}],"author":[{"embeddable":true,"href":"https:\/\/ramkool.edu.ee\/lastekool\/wp-json\/wp\/v2\/users\/1"}],"replies":[{"embeddable":true,"href":"https:\/\/ramkool.edu.ee\/lastekool\/wp-json\/wp\/v2\/comments?post=985"}],"version-history":[{"count":40,"href":"https:\/\/ramkool.edu.ee\/lastekool\/wp-json\/wp\/v2\/pages\/985\/revisions"}],"predecessor-version":[{"id":4950,"href":"https:\/\/ramkool.edu.ee\/lastekool\/wp-json\/wp\/v2\/pages\/985\/revisions\/4950"}],"up":[{"embeddable":true,"href":"https:\/\/ramkool.edu.ee\/lastekool\/wp-json\/wp\/v2\/pages\/678"}],"wp:featuredmedia":[{"embeddable":true,"href":"https:\/\/ramkool.edu.ee\/lastekool\/wp-json\/wp\/v2\/media\/1635"}],"wp:attachment":[{"href":"https:\/\/ramkool.edu.ee\/lastekool\/wp-json\/wp\/v2\/media?parent=985"}],"curies":[{"name":"wp","href":"https:\/\/api.w.org\/{rel}","templated":true}]}}