{"id":987,"date":"2015-09-01T17:59:47","date_gmt":"2015-09-01T16:59:47","guid":{"rendered":"http:\/\/ramkool.edu.ee\/site\/?page_id=987"},"modified":"2026-03-11T10:12:47","modified_gmt":"2026-03-11T08:12:47","slug":"hinnad","status":"publish","type":"page","link":"https:\/\/ramkool.edu.ee\/lastekool\/mangukool-4-5a\/hinnad\/","title":{"rendered":"Hinnad"},"content":{"rendered":"<p><strong>M\u00e4ngukooli <\/strong>kuutasu 2026\/2027 \u00f5ppeaastal on 100 \u20ac.*<\/p>\n<p><strong>Teise emakeelega laste<\/strong>\u00a0<strong>r\u00fchm<\/strong>\u00a02026\/2027 \u00f5ppeaastal on 115 \u20ac (r\u00fchmas kuni 8 last)<\/p>\n<p>* M\u00e4ngukooli hinnale lisandub kahe t\u00f6\u00f6vihiku &#8220;P\u00e4ev ja lill&#8221; I ja II osa eest \u00fchekordne makse<strong>.<\/strong><\/p>\n<p><span style=\"color: #ffffff\">mmm<\/span><\/p>\n<p><strong><span style=\"font-family: Thread-000020d4-Id-0000071f\">T\u00e4psem info <\/span><\/strong><a href=\"mailto:eelkool@ramkool.edu.ee\"><strong><span style=\"font-family: Thread-000020d4-Id-0000071f\">eelkool@ramkool.edu.ee<\/span><\/strong><\/a><strong><span style=\"font-family: Thread-000020d4-Id-0000071f\">\u00a0<\/span><\/strong><\/p>\n","protected":false},"excerpt":{"rendered":"<p>M\u00e4ngukooli kuutasu 2026\/2027 \u00f5ppeaastal on 100 \u20ac.*<\/p>\n","protected":false},"author":1,"featured_media":3549,"parent":686,"menu_order":24,"comment_status":"closed","ping_status":"closed","template":"gallery-template.php","meta":{"_acf_changed":false,"footnotes":""},"class_list":["post-987","page","type-page","status-publish","has-post-thumbnail","hentry"],"acf":[],"_links":{"self":[{"href":"https:\/\/ramkool.edu.ee\/lastekool\/wp-json\/wp\/v2\/pages\/987","targetHints":{"allow":["GET"]}}],"collection":[{"href":"https:\/\/ramkool.edu.ee\/lastekool\/wp-json\/wp\/v2\/pages"}],"about":[{"href":"https:\/\/ramkool.edu.ee\/lastekool\/wp-json\/wp\/v2\/types\/page"}],"author":[{"embeddable":true,"href":"https:\/\/ramkool.edu.ee\/lastekool\/wp-json\/wp\/v2\/users\/1"}],"replies":[{"embeddable":true,"href":"https:\/\/ramkool.edu.ee\/lastekool\/wp-json\/wp\/v2\/comments?post=987"}],"version-history":[{"count":32,"href":"https:\/\/ramkool.edu.ee\/lastekool\/wp-json\/wp\/v2\/pages\/987\/revisions"}],"predecessor-version":[{"id":4987,"href":"https:\/\/ramkool.edu.ee\/lastekool\/wp-json\/wp\/v2\/pages\/987\/revisions\/4987"}],"up":[{"embeddable":true,"href":"https:\/\/ramkool.edu.ee\/lastekool\/wp-json\/wp\/v2\/pages\/686"}],"wp:featuredmedia":[{"embeddable":true,"href":"https:\/\/ramkool.edu.ee\/lastekool\/wp-json\/wp\/v2\/media\/3549"}],"wp:attachment":[{"href":"https:\/\/ramkool.edu.ee\/lastekool\/wp-json\/wp\/v2\/media?parent=987"}],"curies":[{"name":"wp","href":"https:\/\/api.w.org\/{rel}","templated":true}]}}