{"id":997,"date":"2015-09-01T18:04:08","date_gmt":"2015-09-01T17:04:08","guid":{"rendered":"http:\/\/ramkool.edu.ee\/site\/?page_id=997"},"modified":"2026-04-17T16:41:29","modified_gmt":"2026-04-17T13:41:29","slug":"vastuvott","status":"publish","type":"page","link":"https:\/\/ramkool.edu.ee\/lastekool\/mangukool-4-5a\/vastuvott\/","title":{"rendered":"R\u00fchmad 2026\/2027"},"content":{"rendered":"\n<p><strong>2026\/2027 \u00f5ppeaastal ootame m\u00e4ngukooli lapsi, kes on s\u00fcndinud oktoober 2021 \u2013 september 2022<\/strong><\/p>\n\n\n\n<p><strong>M\u00e4ngukooli tunnid toimuvad Rocca al Mare Kooli Veskim\u00f6ldre Lasteaias<\/strong>, Laagris, Instituudi tee 151.<br>R\u00fchmas kuni 10 last<\/p>\n\n\n\n<div class=\"wp-block-group is-nowrap is-layout-flex wp-container-core-group-is-layout-6c531013 wp-block-group-is-layout-flex\">\n<figure class=\"wp-block-table\"><table><tbody><tr><td>P\u00e4ev<\/td><td>Kellaaeg<\/td><td>Hind<\/td><\/tr><tr><td>Esmasp\u00e4ev<\/td><td>10.00-12.00<\/td><td>100 \u20ac<\/td><\/tr><\/tbody><\/table><\/figure>\n<\/div>\n\n\n\n<p>\u00a0<br><strong>M\u00e4ngukooli tunnid toimuvad Rocca al Mare Kooli lastekooli koolimajas<\/strong>, Lesta 14.\u00a0<br>R\u00fchmas kuni 12 last<\/p>\n\n\n\n<div class=\"wp-block-group is-nowrap is-layout-flex wp-container-core-group-is-layout-6c531013 wp-block-group-is-layout-flex\">\n<figure class=\"wp-block-table\"><table><tbody><tr><td>P\u00e4ev<\/td><td>Kellaaeg<\/td><td>Hind<\/td><\/tr><tr><td>Kolmap\u00e4ev<\/td><td>10.00-12.00<\/td><td>100 \u20ac<\/td><\/tr><tr><td>Kolmap\u00e4ev<\/td><td>16.00-18.00<\/td><td>100 \u20ac<\/td><\/tr><tr><td>Reede<\/td><td>9.45-11.45<\/td><td>100 \u20ac<\/td><\/tr><\/tbody><\/table><\/figure>\n<\/div>\n\n\n\n<p><\/p>\n\n\n\n<p>Kui Teile sobivas r\u00fchmas ei ole vaba kohta, saate panna oma lapse ootenimekirja. Kui keegi loobub kohast, v\u00f5tame \u00fchendust ootenimekirjas olevate peredega.<\/p>\n\n\n\n<p><strong>Eelkooli juhatajal on \u00f5igus vajadusel r\u00fchmi \u00fcmber paigutada v\u00f5i kokku t\u00f5sta.<\/strong><\/p>\n\n\n\n<p><strong>T\u00e4psem info <a href=\"mailto:eelkool@ramkool.edu.ee\">eelkool@ramkool.edu.ee<\/a>&nbsp;<\/strong><\/p>\n\n\n\n<p><\/p>\n","protected":false},"excerpt":{"rendered":"<p>2026\/2027 \u00f5ppeaastal ootame m\u00e4ngukooli lapsi, kes on<\/p>\n","protected":false},"author":1,"featured_media":3534,"parent":686,"menu_order":20,"comment_status":"closed","ping_status":"closed","template":"gallery-template.php","meta":{"_acf_changed":false,"footnotes":""},"class_list":["post-997","page","type-page","status-publish","has-post-thumbnail","hentry"],"acf":[],"_links":{"self":[{"href":"https:\/\/ramkool.edu.ee\/lastekool\/wp-json\/wp\/v2\/pages\/997","targetHints":{"allow":["GET"]}}],"collection":[{"href":"https:\/\/ramkool.edu.ee\/lastekool\/wp-json\/wp\/v2\/pages"}],"about":[{"href":"https:\/\/ramkool.edu.ee\/lastekool\/wp-json\/wp\/v2\/types\/page"}],"author":[{"embeddable":true,"href":"https:\/\/ramkool.edu.ee\/lastekool\/wp-json\/wp\/v2\/users\/1"}],"replies":[{"embeddable":true,"href":"https:\/\/ramkool.edu.ee\/lastekool\/wp-json\/wp\/v2\/comments?post=997"}],"version-history":[{"count":57,"href":"https:\/\/ramkool.edu.ee\/lastekool\/wp-json\/wp\/v2\/pages\/997\/revisions"}],"predecessor-version":[{"id":5067,"href":"https:\/\/ramkool.edu.ee\/lastekool\/wp-json\/wp\/v2\/pages\/997\/revisions\/5067"}],"up":[{"embeddable":true,"href":"https:\/\/ramkool.edu.ee\/lastekool\/wp-json\/wp\/v2\/pages\/686"}],"wp:featuredmedia":[{"embeddable":true,"href":"https:\/\/ramkool.edu.ee\/lastekool\/wp-json\/wp\/v2\/media\/3534"}],"wp:attachment":[{"href":"https:\/\/ramkool.edu.ee\/lastekool\/wp-json\/wp\/v2\/media?parent=997"}],"curies":[{"name":"wp","href":"https:\/\/api.w.org\/{rel}","templated":true}]}}