{"id":10709,"date":"2019-09-08T20:09:20","date_gmt":"2019-09-08T17:09:20","guid":{"rendered":"https:\/\/ramkool.edu.ee\/roostiku\/?page_id=10709"},"modified":"2019-09-08T20:22:19","modified_gmt":"2019-09-08T17:22:19","slug":"1-september","status":"publish","type":"page","link":"https:\/\/ramkool.edu.ee\/roostiku\/pildialbum\/kooliaasta-2019-2020\/1-september\/","title":{"rendered":"1. september"},"content":{"rendered":"<p>1.septembril kogunesime Roostiku kooli \u00f5uel, et uuele kooliaastale hoog sisse l\u00fckata. Kuidas see l\u00e4ks, saate vaadata piltidelt. Pildistas Rocca al Mare Kooli vilistlane Kert Saarma. Ait\u00e4h!<\/p>\n","protected":false},"excerpt":{"rendered":"<p>1.septembril kogunesime Roostiku kooli \u00f5uel, et uuele<\/p>\n","protected":false},"author":17,"featured_media":10711,"parent":10707,"menu_order":900,"comment_status":"closed","ping_status":"closed","template":"gallery-template.php","meta":{"_acf_changed":false,"footnotes":""},"class_list":["post-10709","page","type-page","status-publish","has-post-thumbnail","hentry"],"acf":[],"_links":{"self":[{"href":"https:\/\/ramkool.edu.ee\/roostiku\/wp-json\/wp\/v2\/pages\/10709","targetHints":{"allow":["GET"]}}],"collection":[{"href":"https:\/\/ramkool.edu.ee\/roostiku\/wp-json\/wp\/v2\/pages"}],"about":[{"href":"https:\/\/ramkool.edu.ee\/roostiku\/wp-json\/wp\/v2\/types\/page"}],"author":[{"embeddable":true,"href":"https:\/\/ramkool.edu.ee\/roostiku\/wp-json\/wp\/v2\/users\/17"}],"replies":[{"embeddable":true,"href":"https:\/\/ramkool.edu.ee\/roostiku\/wp-json\/wp\/v2\/comments?post=10709"}],"version-history":[{"count":4,"href":"https:\/\/ramkool.edu.ee\/roostiku\/wp-json\/wp\/v2\/pages\/10709\/revisions"}],"predecessor-version":[{"id":10836,"href":"https:\/\/ramkool.edu.ee\/roostiku\/wp-json\/wp\/v2\/pages\/10709\/revisions\/10836"}],"up":[{"embeddable":true,"href":"https:\/\/ramkool.edu.ee\/roostiku\/wp-json\/wp\/v2\/pages\/10707"}],"wp:featuredmedia":[{"embeddable":true,"href":"https:\/\/ramkool.edu.ee\/roostiku\/wp-json\/wp\/v2\/media\/10711"}],"wp:attachment":[{"href":"https:\/\/ramkool.edu.ee\/roostiku\/wp-json\/wp\/v2\/media?parent=10709"}],"curies":[{"name":"wp","href":"https:\/\/api.w.org\/{rel}","templated":true}]}}