{"id":11001,"date":"2019-10-05T22:22:52","date_gmt":"2019-10-05T19:22:52","guid":{"rendered":"https:\/\/ramkool.edu.ee\/roostiku\/?page_id=11001"},"modified":"2019-10-05T22:25:18","modified_gmt":"2019-10-05T19:25:18","slug":"esimesed-koolipaevad","status":"publish","type":"page","link":"https:\/\/ramkool.edu.ee\/roostiku\/pildialbum\/kooliaasta-2019-2020\/esimesed-koolipaevad\/","title":{"rendered":"Esimene koolip\u00e4ev"},"content":{"rendered":"<p><!--more-->Esimesel koolip\u00e4eval arutasime r\u00fchmades, kuidas meil koos parem toimetada oleks ehk s\u00f5lmisime kokkulepped, kirjutasime \u00f5pikutesse nimed sisse ja viltisime s\u00fcnnip\u00e4evade kingituseks heade soovide kuulid.<\/p>\n","protected":false},"excerpt":{"rendered":"","protected":false},"author":17,"featured_media":11004,"parent":10707,"menu_order":870,"comment_status":"closed","ping_status":"closed","template":"gallery-template.php","meta":{"_acf_changed":false,"footnotes":""},"class_list":["post-11001","page","type-page","status-publish","has-post-thumbnail","hentry"],"acf":[],"_links":{"self":[{"href":"https:\/\/ramkool.edu.ee\/roostiku\/wp-json\/wp\/v2\/pages\/11001","targetHints":{"allow":["GET"]}}],"collection":[{"href":"https:\/\/ramkool.edu.ee\/roostiku\/wp-json\/wp\/v2\/pages"}],"about":[{"href":"https:\/\/ramkool.edu.ee\/roostiku\/wp-json\/wp\/v2\/types\/page"}],"author":[{"embeddable":true,"href":"https:\/\/ramkool.edu.ee\/roostiku\/wp-json\/wp\/v2\/users\/17"}],"replies":[{"embeddable":true,"href":"https:\/\/ramkool.edu.ee\/roostiku\/wp-json\/wp\/v2\/comments?post=11001"}],"version-history":[{"count":3,"href":"https:\/\/ramkool.edu.ee\/roostiku\/wp-json\/wp\/v2\/pages\/11001\/revisions"}],"predecessor-version":[{"id":11057,"href":"https:\/\/ramkool.edu.ee\/roostiku\/wp-json\/wp\/v2\/pages\/11001\/revisions\/11057"}],"up":[{"embeddable":true,"href":"https:\/\/ramkool.edu.ee\/roostiku\/wp-json\/wp\/v2\/pages\/10707"}],"wp:featuredmedia":[{"embeddable":true,"href":"https:\/\/ramkool.edu.ee\/roostiku\/wp-json\/wp\/v2\/media\/11004"}],"wp:attachment":[{"href":"https:\/\/ramkool.edu.ee\/roostiku\/wp-json\/wp\/v2\/media?parent=11001"}],"curies":[{"name":"wp","href":"https:\/\/api.w.org\/{rel}","templated":true}]}}