{"id":11103,"date":"2019-10-13T19:55:56","date_gmt":"2019-10-13T16:55:56","guid":{"rendered":"https:\/\/ramkool.edu.ee\/roostiku\/?page_id=11103"},"modified":"2019-10-13T20:01:55","modified_gmt":"2019-10-13T17:01:55","slug":"varbola-linnuses","status":"publish","type":"page","link":"https:\/\/ramkool.edu.ee\/roostiku\/pildialbum\/kooliaasta-2019-2020\/varbola-linnuses\/","title":{"rendered":"Varbola linnuses"},"content":{"rendered":"<p>\u00dchel oktoobrikuu neljap\u00e4eval istusime bussi ja vurasime avastama Varbola linnuse saladusi. 5. ja 6. talve tegelased uurisid linnuse ajalugu, 1.- 3. talve lapsed uurisid 4. talve juhendamisel puid, mis linnuse\u00f5uel kasvavad. K\u00f5ndisime linnusevallil ringi ja punusime head m\u00f5tted lintidesse. Kui k\u00fclm naha vahele pugema hakkas, r\u00fc\u00fcpasime sooja teed, mis s\u00fcgisp\u00e4eval \u00f5ues eriti hea maitseb. Oli asjalik ja p\u00f5nev p\u00e4ev!<\/p>\n","protected":false},"excerpt":{"rendered":"<p>\u00dchel oktoobrikuu neljap\u00e4eval istusime bussi ja vurasime<\/p>\n","protected":false},"author":17,"featured_media":11227,"parent":10707,"menu_order":850,"comment_status":"closed","ping_status":"closed","template":"gallery-template.php","meta":{"_acf_changed":false,"footnotes":""},"class_list":["post-11103","page","type-page","status-publish","has-post-thumbnail","hentry"],"acf":[],"_links":{"self":[{"href":"https:\/\/ramkool.edu.ee\/roostiku\/wp-json\/wp\/v2\/pages\/11103","targetHints":{"allow":["GET"]}}],"collection":[{"href":"https:\/\/ramkool.edu.ee\/roostiku\/wp-json\/wp\/v2\/pages"}],"about":[{"href":"https:\/\/ramkool.edu.ee\/roostiku\/wp-json\/wp\/v2\/types\/page"}],"author":[{"embeddable":true,"href":"https:\/\/ramkool.edu.ee\/roostiku\/wp-json\/wp\/v2\/users\/17"}],"replies":[{"embeddable":true,"href":"https:\/\/ramkool.edu.ee\/roostiku\/wp-json\/wp\/v2\/comments?post=11103"}],"version-history":[{"count":1,"href":"https:\/\/ramkool.edu.ee\/roostiku\/wp-json\/wp\/v2\/pages\/11103\/revisions"}],"predecessor-version":[{"id":11234,"href":"https:\/\/ramkool.edu.ee\/roostiku\/wp-json\/wp\/v2\/pages\/11103\/revisions\/11234"}],"up":[{"embeddable":true,"href":"https:\/\/ramkool.edu.ee\/roostiku\/wp-json\/wp\/v2\/pages\/10707"}],"wp:featuredmedia":[{"embeddable":true,"href":"https:\/\/ramkool.edu.ee\/roostiku\/wp-json\/wp\/v2\/media\/11227"}],"wp:attachment":[{"href":"https:\/\/ramkool.edu.ee\/roostiku\/wp-json\/wp\/v2\/media?parent=11103"}],"curies":[{"name":"wp","href":"https:\/\/api.w.org\/{rel}","templated":true}]}}