{"id":11258,"date":"2019-10-20T20:38:41","date_gmt":"2019-10-20T17:38:41","guid":{"rendered":"https:\/\/ramkool.edu.ee\/roostiku\/?page_id=11258"},"modified":"2019-10-21T09:46:12","modified_gmt":"2019-10-21T06:46:12","slug":"i-perioodi-koolipaevad","status":"publish","type":"page","link":"https:\/\/ramkool.edu.ee\/roostiku\/pildialbum\/kooliaasta-2019-2020\/i-perioodi-koolipaevad\/","title":{"rendered":"I perioodi koolip\u00e4evad"},"content":{"rendered":"<p>Esimesel perioodil t\u00e4itsid meie koolip\u00e4evi erinevad tegevused: kodude vanade esemete tutvustused, et\u00fc\u00fcdid ajaloo radadel ja m\u00e4ngud koost\u00f6\u00f6 oskuste parandamiseks, maalimine-joonistamine-meisterdamine, kirjandusklubi maitsva tee limpsimisega, hommiku- v\u00f5i l\u00f5unaringis \u00fcheskoos hingamine, \u00f5ues m\u00f6llamine, \u00f5petajate p\u00e4ev kuuenda talve juhendamisel ja veel palju muudki, mis kaamerasilma ette ei sattunud.<\/p>\n","protected":false},"excerpt":{"rendered":"<p>Esimesel perioodil t\u00e4itsid meie koolip\u00e4evi erinevad tegevused:<\/p>\n","protected":false},"author":17,"featured_media":11317,"parent":10707,"menu_order":830,"comment_status":"closed","ping_status":"closed","template":"gallery-template.php","meta":{"_acf_changed":false,"footnotes":""},"class_list":["post-11258","page","type-page","status-publish","has-post-thumbnail","hentry"],"acf":[],"_links":{"self":[{"href":"https:\/\/ramkool.edu.ee\/roostiku\/wp-json\/wp\/v2\/pages\/11258","targetHints":{"allow":["GET"]}}],"collection":[{"href":"https:\/\/ramkool.edu.ee\/roostiku\/wp-json\/wp\/v2\/pages"}],"about":[{"href":"https:\/\/ramkool.edu.ee\/roostiku\/wp-json\/wp\/v2\/types\/page"}],"author":[{"embeddable":true,"href":"https:\/\/ramkool.edu.ee\/roostiku\/wp-json\/wp\/v2\/users\/17"}],"replies":[{"embeddable":true,"href":"https:\/\/ramkool.edu.ee\/roostiku\/wp-json\/wp\/v2\/comments?post=11258"}],"version-history":[{"count":5,"href":"https:\/\/ramkool.edu.ee\/roostiku\/wp-json\/wp\/v2\/pages\/11258\/revisions"}],"predecessor-version":[{"id":11572,"href":"https:\/\/ramkool.edu.ee\/roostiku\/wp-json\/wp\/v2\/pages\/11258\/revisions\/11572"}],"up":[{"embeddable":true,"href":"https:\/\/ramkool.edu.ee\/roostiku\/wp-json\/wp\/v2\/pages\/10707"}],"wp:featuredmedia":[{"embeddable":true,"href":"https:\/\/ramkool.edu.ee\/roostiku\/wp-json\/wp\/v2\/media\/11317"}],"wp:attachment":[{"href":"https:\/\/ramkool.edu.ee\/roostiku\/wp-json\/wp\/v2\/media?parent=11258"}],"curies":[{"name":"wp","href":"https:\/\/api.w.org\/{rel}","templated":true}]}}