{"id":11433,"date":"2019-10-20T20:53:13","date_gmt":"2019-10-20T17:53:13","guid":{"rendered":"https:\/\/ramkool.edu.ee\/roostiku\/?page_id=11433"},"modified":"2019-10-20T20:59:13","modified_gmt":"2019-10-20T17:59:13","slug":"lemmikloomad","status":"publish","type":"page","link":"https:\/\/ramkool.edu.ee\/roostiku\/pildialbum\/kooliaasta-2019-2020\/lemmikloomad\/","title":{"rendered":"Lemmikloomad"},"content":{"rendered":"<p>Esimesel perioodil r\u00f5\u00f5mustasid meie p\u00e4evi lemmikloomad. Ait\u00e4h, Marie Lee ja Eliise, et \u00fcleskutse tegite!<\/p>\n","protected":false},"excerpt":{"rendered":"<p>Esimesel perioodil r\u00f5\u00f5mustasid meie p\u00e4evi lemmikloomad. Ait\u00e4h,<\/p>\n","protected":false},"author":17,"featured_media":11442,"parent":10707,"menu_order":820,"comment_status":"closed","ping_status":"closed","template":"gallery-template.php","meta":{"_acf_changed":false,"footnotes":""},"class_list":["post-11433","page","type-page","status-publish","has-post-thumbnail","hentry"],"acf":[],"_links":{"self":[{"href":"https:\/\/ramkool.edu.ee\/roostiku\/wp-json\/wp\/v2\/pages\/11433","targetHints":{"allow":["GET"]}}],"collection":[{"href":"https:\/\/ramkool.edu.ee\/roostiku\/wp-json\/wp\/v2\/pages"}],"about":[{"href":"https:\/\/ramkool.edu.ee\/roostiku\/wp-json\/wp\/v2\/types\/page"}],"author":[{"embeddable":true,"href":"https:\/\/ramkool.edu.ee\/roostiku\/wp-json\/wp\/v2\/users\/17"}],"replies":[{"embeddable":true,"href":"https:\/\/ramkool.edu.ee\/roostiku\/wp-json\/wp\/v2\/comments?post=11433"}],"version-history":[{"count":1,"href":"https:\/\/ramkool.edu.ee\/roostiku\/wp-json\/wp\/v2\/pages\/11433\/revisions"}],"predecessor-version":[{"id":11495,"href":"https:\/\/ramkool.edu.ee\/roostiku\/wp-json\/wp\/v2\/pages\/11433\/revisions\/11495"}],"up":[{"embeddable":true,"href":"https:\/\/ramkool.edu.ee\/roostiku\/wp-json\/wp\/v2\/pages\/10707"}],"wp:featuredmedia":[{"embeddable":true,"href":"https:\/\/ramkool.edu.ee\/roostiku\/wp-json\/wp\/v2\/media\/11442"}],"wp:attachment":[{"href":"https:\/\/ramkool.edu.ee\/roostiku\/wp-json\/wp\/v2\/media?parent=11433"}],"curies":[{"name":"wp","href":"https:\/\/api.w.org\/{rel}","templated":true}]}}