{"id":11496,"date":"2019-10-20T21:06:54","date_gmt":"2019-10-20T18:06:54","guid":{"rendered":"https:\/\/ramkool.edu.ee\/roostiku\/?page_id=11496"},"modified":"2019-10-20T21:06:54","modified_gmt":"2019-10-20T18:06:54","slug":"jalutuskaik-vanematega","status":"publish","type":"page","link":"https:\/\/ramkool.edu.ee\/roostiku\/pildialbum\/kooliaasta-2019-2020\/jalutuskaik-vanematega\/","title":{"rendered":"Jalutusk\u00e4ik vanematega"},"content":{"rendered":"<p>Esimese perioodi l\u00f5pus kutsusime vanemad kooli, jalutasime koolimajas ringi ja tutvustasime oma tegemisi. Oli arukas ja r\u00f5\u00f5mus olemine. Ait\u00e4h, head emad-isad-vanaemad!<\/p>\n","protected":false},"excerpt":{"rendered":"<p>Esimese perioodi l\u00f5pus kutsusime vanemad kooli, jalutasime<\/p>\n","protected":false},"author":17,"featured_media":11501,"parent":10707,"menu_order":810,"comment_status":"closed","ping_status":"closed","template":"gallery-template.php","meta":{"_acf_changed":false,"footnotes":""},"class_list":["post-11496","page","type-page","status-publish","has-post-thumbnail","hentry"],"acf":[],"_links":{"self":[{"href":"https:\/\/ramkool.edu.ee\/roostiku\/wp-json\/wp\/v2\/pages\/11496","targetHints":{"allow":["GET"]}}],"collection":[{"href":"https:\/\/ramkool.edu.ee\/roostiku\/wp-json\/wp\/v2\/pages"}],"about":[{"href":"https:\/\/ramkool.edu.ee\/roostiku\/wp-json\/wp\/v2\/types\/page"}],"author":[{"embeddable":true,"href":"https:\/\/ramkool.edu.ee\/roostiku\/wp-json\/wp\/v2\/users\/17"}],"replies":[{"embeddable":true,"href":"https:\/\/ramkool.edu.ee\/roostiku\/wp-json\/wp\/v2\/comments?post=11496"}],"version-history":[{"count":1,"href":"https:\/\/ramkool.edu.ee\/roostiku\/wp-json\/wp\/v2\/pages\/11496\/revisions"}],"predecessor-version":[{"id":11545,"href":"https:\/\/ramkool.edu.ee\/roostiku\/wp-json\/wp\/v2\/pages\/11496\/revisions\/11545"}],"up":[{"embeddable":true,"href":"https:\/\/ramkool.edu.ee\/roostiku\/wp-json\/wp\/v2\/pages\/10707"}],"wp:featuredmedia":[{"embeddable":true,"href":"https:\/\/ramkool.edu.ee\/roostiku\/wp-json\/wp\/v2\/media\/11501"}],"wp:attachment":[{"href":"https:\/\/ramkool.edu.ee\/roostiku\/wp-json\/wp\/v2\/media?parent=11496"}],"curies":[{"name":"wp","href":"https:\/\/api.w.org\/{rel}","templated":true}]}}