{"id":11596,"date":"2019-11-13T20:41:22","date_gmt":"2019-11-13T18:41:22","guid":{"rendered":"https:\/\/ramkool.edu.ee\/roostiku\/?page_id=11596"},"modified":"2019-11-13T20:42:24","modified_gmt":"2019-11-13T18:42:24","slug":"maalid-inspireeritud-joan-mirost","status":"publish","type":"page","link":"https:\/\/ramkool.edu.ee\/roostiku\/pildialbum\/kooliaasta-2019-2020\/maalid-inspireeritud-joan-mirost\/","title":{"rendered":"Maalid isadele"},"content":{"rendered":"<p>Enne isadep\u00e4eva m\u00f5tlesime ja fantaseerisime Joan Mir\u00f3 maalide \u00fcle. Haarasime k\u00e4tte pastellid ja v\u00e4rvid ning p\u00fc\u00fcdsime ka ise kunstnikust inspireerituna maalida.<\/p>\n","protected":false},"excerpt":{"rendered":"<p>Enne isadep\u00e4eva m\u00f5tlesime ja fantaseerisime Joan Mir\u00f3<\/p>\n","protected":false},"author":17,"featured_media":11647,"parent":10707,"menu_order":800,"comment_status":"closed","ping_status":"closed","template":"gallery-template.php","meta":{"_acf_changed":false,"footnotes":""},"class_list":["post-11596","page","type-page","status-publish","has-post-thumbnail","hentry"],"acf":[],"_links":{"self":[{"href":"https:\/\/ramkool.edu.ee\/roostiku\/wp-json\/wp\/v2\/pages\/11596","targetHints":{"allow":["GET"]}}],"collection":[{"href":"https:\/\/ramkool.edu.ee\/roostiku\/wp-json\/wp\/v2\/pages"}],"about":[{"href":"https:\/\/ramkool.edu.ee\/roostiku\/wp-json\/wp\/v2\/types\/page"}],"author":[{"embeddable":true,"href":"https:\/\/ramkool.edu.ee\/roostiku\/wp-json\/wp\/v2\/users\/17"}],"replies":[{"embeddable":true,"href":"https:\/\/ramkool.edu.ee\/roostiku\/wp-json\/wp\/v2\/comments?post=11596"}],"version-history":[{"count":2,"href":"https:\/\/ramkool.edu.ee\/roostiku\/wp-json\/wp\/v2\/pages\/11596\/revisions"}],"predecessor-version":[{"id":11671,"href":"https:\/\/ramkool.edu.ee\/roostiku\/wp-json\/wp\/v2\/pages\/11596\/revisions\/11671"}],"up":[{"embeddable":true,"href":"https:\/\/ramkool.edu.ee\/roostiku\/wp-json\/wp\/v2\/pages\/10707"}],"wp:featuredmedia":[{"embeddable":true,"href":"https:\/\/ramkool.edu.ee\/roostiku\/wp-json\/wp\/v2\/media\/11647"}],"wp:attachment":[{"href":"https:\/\/ramkool.edu.ee\/roostiku\/wp-json\/wp\/v2\/media?parent=11596"}],"curies":[{"name":"wp","href":"https:\/\/api.w.org\/{rel}","templated":true}]}}