{"id":11672,"date":"2019-11-13T20:57:10","date_gmt":"2019-11-13T18:57:10","guid":{"rendered":"https:\/\/ramkool.edu.ee\/roostiku\/?page_id=11672"},"modified":"2019-11-13T21:00:39","modified_gmt":"2019-11-13T19:00:39","slug":"hommik-isadega","status":"publish","type":"page","link":"https:\/\/ramkool.edu.ee\/roostiku\/pildialbum\/kooliaasta-2019-2020\/hommik-isadega\/","title":{"rendered":"Hommik isadega"},"content":{"rendered":"<p>Esmasp\u00e4eva hommikul peale isadep\u00e4eva alustasime uut koolin\u00e4dalat Roostiku pesas isadega koos tegutsedes. M\u00e4ngisime lauam\u00e4nge, pistsime v\u00f5ileibu p\u00f5ske, r\u00fc\u00fcpasime teed peale ja meisterdasime laternad, et pimedal ajal meid valgus ja soojus saadaks. Oli \u00f5dus hommikupoolik. Ait\u00e4h!<\/p>\n","protected":false},"excerpt":{"rendered":"<p>Esmasp\u00e4eva hommikul peale isadep\u00e4eva alustasime uut koolin\u00e4dalat<\/p>\n","protected":false},"author":17,"featured_media":11747,"parent":10707,"menu_order":790,"comment_status":"closed","ping_status":"closed","template":"gallery-template.php","meta":{"_acf_changed":false,"footnotes":""},"class_list":["post-11672","page","type-page","status-publish","has-post-thumbnail","hentry"],"acf":[],"_links":{"self":[{"href":"https:\/\/ramkool.edu.ee\/roostiku\/wp-json\/wp\/v2\/pages\/11672","targetHints":{"allow":["GET"]}}],"collection":[{"href":"https:\/\/ramkool.edu.ee\/roostiku\/wp-json\/wp\/v2\/pages"}],"about":[{"href":"https:\/\/ramkool.edu.ee\/roostiku\/wp-json\/wp\/v2\/types\/page"}],"author":[{"embeddable":true,"href":"https:\/\/ramkool.edu.ee\/roostiku\/wp-json\/wp\/v2\/users\/17"}],"replies":[{"embeddable":true,"href":"https:\/\/ramkool.edu.ee\/roostiku\/wp-json\/wp\/v2\/comments?post=11672"}],"version-history":[{"count":1,"href":"https:\/\/ramkool.edu.ee\/roostiku\/wp-json\/wp\/v2\/pages\/11672\/revisions"}],"predecessor-version":[{"id":11774,"href":"https:\/\/ramkool.edu.ee\/roostiku\/wp-json\/wp\/v2\/pages\/11672\/revisions\/11774"}],"up":[{"embeddable":true,"href":"https:\/\/ramkool.edu.ee\/roostiku\/wp-json\/wp\/v2\/pages\/10707"}],"wp:featuredmedia":[{"embeddable":true,"href":"https:\/\/ramkool.edu.ee\/roostiku\/wp-json\/wp\/v2\/media\/11747"}],"wp:attachment":[{"href":"https:\/\/ramkool.edu.ee\/roostiku\/wp-json\/wp\/v2\/media?parent=11672"}],"curies":[{"name":"wp","href":"https:\/\/api.w.org\/{rel}","templated":true}]}}