{"id":11793,"date":"2019-12-03T19:47:15","date_gmt":"2019-12-03T17:47:15","guid":{"rendered":"https:\/\/ramkool.edu.ee\/roostiku\/?page_id=11793"},"modified":"2019-12-03T20:29:51","modified_gmt":"2019-12-03T18:29:51","slug":"kendama-voistlus","status":"publish","type":"page","link":"https:\/\/ramkool.edu.ee\/roostiku\/pildialbum\/kooliaasta-2019-2020\/kendama-voistlus\/","title":{"rendered":"Kendama v\u00f5istlus"},"content":{"rendered":"<p>Markus ja Rasmus kutsusid \u00fchel novembrikuu esmasp\u00e4eval meid trikitama Kendamaga. N\u00e4dalake oli harjutusaega, kes veel selle viguriga tegemist ei olnud teinud ja siis astusime rivis \u017e\u00fcrii palge ette. Kohtunikud \u00fctlesid, mis vigurit v\u00f5istlejad tegema peavad ja nii me pusisime. Oli v\u00f5istlus\u00e4revust, r\u00f5\u00f5mu ja kaotusvalugagi toime tulemist. Kiitus osav\u00f5tjatele, r\u00f5\u00f5mustame v\u00f5itja Gerdi \u00fcle ja tuhat t\u00e4nu korraldajatele!<\/p>\n","protected":false},"excerpt":{"rendered":"<p>Markus ja Rasmus kutsusid \u00fchel novembrikuu esmasp\u00e4eval<\/p>\n","protected":false},"author":17,"featured_media":11798,"parent":10707,"menu_order":780,"comment_status":"closed","ping_status":"closed","template":"gallery-template.php","meta":{"_acf_changed":false,"footnotes":""},"class_list":["post-11793","page","type-page","status-publish","has-post-thumbnail","hentry"],"acf":[],"_links":{"self":[{"href":"https:\/\/ramkool.edu.ee\/roostiku\/wp-json\/wp\/v2\/pages\/11793","targetHints":{"allow":["GET"]}}],"collection":[{"href":"https:\/\/ramkool.edu.ee\/roostiku\/wp-json\/wp\/v2\/pages"}],"about":[{"href":"https:\/\/ramkool.edu.ee\/roostiku\/wp-json\/wp\/v2\/types\/page"}],"author":[{"embeddable":true,"href":"https:\/\/ramkool.edu.ee\/roostiku\/wp-json\/wp\/v2\/users\/17"}],"replies":[{"embeddable":true,"href":"https:\/\/ramkool.edu.ee\/roostiku\/wp-json\/wp\/v2\/comments?post=11793"}],"version-history":[{"count":3,"href":"https:\/\/ramkool.edu.ee\/roostiku\/wp-json\/wp\/v2\/pages\/11793\/revisions"}],"predecessor-version":[{"id":11851,"href":"https:\/\/ramkool.edu.ee\/roostiku\/wp-json\/wp\/v2\/pages\/11793\/revisions\/11851"}],"up":[{"embeddable":true,"href":"https:\/\/ramkool.edu.ee\/roostiku\/wp-json\/wp\/v2\/pages\/10707"}],"wp:featuredmedia":[{"embeddable":true,"href":"https:\/\/ramkool.edu.ee\/roostiku\/wp-json\/wp\/v2\/media\/11798"}],"wp:attachment":[{"href":"https:\/\/ramkool.edu.ee\/roostiku\/wp-json\/wp\/v2\/media?parent=11793"}],"curies":[{"name":"wp","href":"https:\/\/api.w.org\/{rel}","templated":true}]}}