{"id":11928,"date":"2019-12-22T14:03:38","date_gmt":"2019-12-22T12:03:38","guid":{"rendered":"https:\/\/ramkool.edu.ee\/roostiku\/?page_id=11928"},"modified":"2019-12-22T14:03:38","modified_gmt":"2019-12-22T12:03:38","slug":"ii-perioodi-tegemised","status":"publish","type":"page","link":"https:\/\/ramkool.edu.ee\/roostiku\/pildialbum\/kooliaasta-2019-2020\/ii-perioodi-tegemised\/","title":{"rendered":"II perioodi tegemised"},"content":{"rendered":"<p>Teise perioodi koolip\u00e4evadesse mahtus mitmeid tegevusi: meisterdamist ja maalimist, onnide ehitamist ja j\u00f5ulupude kaunistamist, n\u00e4item\u00e4ngu ja r\u00f5\u00f5mu hommikuringides.<\/p>\n","protected":false},"excerpt":{"rendered":"<p>Teise perioodi koolip\u00e4evadesse mahtus mitmeid tegevusi: meisterdamist<\/p>\n","protected":false},"author":17,"featured_media":12022,"parent":10707,"menu_order":750,"comment_status":"closed","ping_status":"closed","template":"gallery-template.php","meta":{"_acf_changed":false,"footnotes":""},"class_list":["post-11928","page","type-page","status-publish","has-post-thumbnail","hentry"],"acf":[],"_links":{"self":[{"href":"https:\/\/ramkool.edu.ee\/roostiku\/wp-json\/wp\/v2\/pages\/11928","targetHints":{"allow":["GET"]}}],"collection":[{"href":"https:\/\/ramkool.edu.ee\/roostiku\/wp-json\/wp\/v2\/pages"}],"about":[{"href":"https:\/\/ramkool.edu.ee\/roostiku\/wp-json\/wp\/v2\/types\/page"}],"author":[{"embeddable":true,"href":"https:\/\/ramkool.edu.ee\/roostiku\/wp-json\/wp\/v2\/users\/17"}],"replies":[{"embeddable":true,"href":"https:\/\/ramkool.edu.ee\/roostiku\/wp-json\/wp\/v2\/comments?post=11928"}],"version-history":[{"count":1,"href":"https:\/\/ramkool.edu.ee\/roostiku\/wp-json\/wp\/v2\/pages\/11928\/revisions"}],"predecessor-version":[{"id":12047,"href":"https:\/\/ramkool.edu.ee\/roostiku\/wp-json\/wp\/v2\/pages\/11928\/revisions\/12047"}],"up":[{"embeddable":true,"href":"https:\/\/ramkool.edu.ee\/roostiku\/wp-json\/wp\/v2\/pages\/10707"}],"wp:featuredmedia":[{"embeddable":true,"href":"https:\/\/ramkool.edu.ee\/roostiku\/wp-json\/wp\/v2\/media\/12022"}],"wp:attachment":[{"href":"https:\/\/ramkool.edu.ee\/roostiku\/wp-json\/wp\/v2\/media?parent=11928"}],"curies":[{"name":"wp","href":"https:\/\/api.w.org\/{rel}","templated":true}]}}