{"id":12138,"date":"2019-12-22T14:40:35","date_gmt":"2019-12-22T12:40:35","guid":{"rendered":"https:\/\/ramkool.edu.ee\/roostiku\/?page_id=12138"},"modified":"2019-12-22T14:40:35","modified_gmt":"2019-12-22T12:40:35","slug":"joulupaev","status":"publish","type":"page","link":"https:\/\/ramkool.edu.ee\/roostiku\/pildialbum\/kooliaasta-2019-2020\/joulupaev\/","title":{"rendered":"J\u00f5ulup\u00e4ev"},"content":{"rendered":"<p>J\u00f5ulup\u00e4eval r\u00e4\u00e4kisime raamatutest, mida teisel perioodil lugesime, 4. talv tutvustas j\u00f5ulutraditsioone, s\u00f5ime koos j\u00f5ulul\u00f5unat, laulsime j\u00f5ululaule ja kiikasime \u00f5pinguraamatusse.<\/p>\n","protected":false},"excerpt":{"rendered":"<p>J\u00f5ulup\u00e4eval r\u00e4\u00e4kisime raamatutest, mida teisel perioodil lugesime,<\/p>\n","protected":false},"author":17,"featured_media":12182,"parent":10707,"menu_order":730,"comment_status":"closed","ping_status":"closed","template":"gallery-template.php","meta":{"_acf_changed":false,"footnotes":""},"class_list":["post-12138","page","type-page","status-publish","has-post-thumbnail","hentry"],"acf":[],"_links":{"self":[{"href":"https:\/\/ramkool.edu.ee\/roostiku\/wp-json\/wp\/v2\/pages\/12138","targetHints":{"allow":["GET"]}}],"collection":[{"href":"https:\/\/ramkool.edu.ee\/roostiku\/wp-json\/wp\/v2\/pages"}],"about":[{"href":"https:\/\/ramkool.edu.ee\/roostiku\/wp-json\/wp\/v2\/types\/page"}],"author":[{"embeddable":true,"href":"https:\/\/ramkool.edu.ee\/roostiku\/wp-json\/wp\/v2\/users\/17"}],"replies":[{"embeddable":true,"href":"https:\/\/ramkool.edu.ee\/roostiku\/wp-json\/wp\/v2\/comments?post=12138"}],"version-history":[{"count":1,"href":"https:\/\/ramkool.edu.ee\/roostiku\/wp-json\/wp\/v2\/pages\/12138\/revisions"}],"predecessor-version":[{"id":12197,"href":"https:\/\/ramkool.edu.ee\/roostiku\/wp-json\/wp\/v2\/pages\/12138\/revisions\/12197"}],"up":[{"embeddable":true,"href":"https:\/\/ramkool.edu.ee\/roostiku\/wp-json\/wp\/v2\/pages\/10707"}],"wp:featuredmedia":[{"embeddable":true,"href":"https:\/\/ramkool.edu.ee\/roostiku\/wp-json\/wp\/v2\/media\/12182"}],"wp:attachment":[{"href":"https:\/\/ramkool.edu.ee\/roostiku\/wp-json\/wp\/v2\/media?parent=12138"}],"curies":[{"name":"wp","href":"https:\/\/api.w.org\/{rel}","templated":true}]}}